{"id":6677,"date":"2025-06-12T04:05:03","date_gmt":"2025-06-12T07:05:03","guid":{"rendered":"https:\/\/rms-enlinea.com.ar\/tienda\/producto\/procesador-intel-core-i3-10105-s1200-4-nucleos-4-40ghz\/"},"modified":"2026-04-06T12:20:25","modified_gmt":"2026-04-06T15:20:25","slug":"procesador-intel-core-i3-10105-s1200-4-nucleos-4-40ghz","status":"publish","type":"product","link":"https:\/\/rms-enlinea.com.ar\/tienda\/producto\/procesador-intel-core-i3-10105-s1200-4-nucleos-4-40ghz\/","title":{"rendered":"Procesador Intel Core I3 10105 S1200 4 Nucleos 4.40ghz"},"content":{"rendered":"<p>Nombre de c\u00f3digo Productos anteriormente: Comet Lake<\/p>\n<p>Segmento vertical: Desktop<\/p>\n<p>Estado: Launched<\/p>\n<p>Fecha de lanzamiento: Q1&#8217;21<\/p>\n<p>Condiciones de uso: PC\/Client\/Tablet<\/p>\n<p>Cantidad de n\u00facleos: 4<\/p>\n<p>Cantidad de subprocesos: 8<\/p>\n<p>Frecuencia b\u00e1sica del procesador: 3,70 GHz<\/p>\n<p>Frecuencia turbo m\u00e1xima: 4,40 GHz<\/p>\n<p>Cach\u00e9: 6 MB Intel\u00ae Smart Cache<\/p>\n<p>Velocidad del bus: 8 GT\/s<\/p>\n<p>Frecuencia de la Tecnolog\u00eda: Intel\u00ae Turbo Boost 2.04.40 GHz<\/p>\n<p>TDP: 65 W<\/p>\n","protected":false},"excerpt":{"rendered":"<p>Nombre de c\u00f3digo Productos anteriormente: Comet Lake Segmento vertical: Desktop Estado: Launched Fecha de lanzamiento: Q1&#8217;21 Condiciones de uso: PC\/Client\/Tablet Cantidad de n\u00facleos: 4 Cantidad de subprocesos: 8 Frecuencia b\u00e1sica del procesador: 3,70 GHz Frecuencia turbo m\u00e1xima: 4,40 GHz Cach\u00e9: 6 MB Intel\u00ae Smart Cache Velocidad del bus: 8 GT\/s Frecuencia de la Tecnolog\u00eda: Intel\u00ae [&hellip;]<\/p>\n","protected":false},"featured_media":6678,"comment_status":"open","ping_status":"closed","template":"","meta":{"_uag_custom_page_level_css":""},"product_brand":[530],"product_cat":[15],"product_tag":[],"class_list":{"0":"post-6677","1":"product","2":"type-product","3":"status-publish","4":"has-post-thumbnail","6":"product_brand-intel","7":"product_cat-sin-categorizar","9":"first","10":"outofstock","11":"sale","12":"taxable","13":"shipping-taxable","14":"purchasable","15":"product-type-simple"},"uagb_featured_image_src":{"full":["https:\/\/rms-enlinea.com.ar\/wp-content\/uploads\/2025\/06\/D_671623-MLA54687847194_032023-F.jpg",941,994,false],"thumbnail":["https:\/\/rms-enlinea.com.ar\/wp-content\/uploads\/2025\/06\/D_671623-MLA54687847194_032023-F-150x150.jpg",150,150,true],"medium":["https:\/\/rms-enlinea.com.ar\/wp-content\/uploads\/2025\/06\/D_671623-MLA54687847194_032023-F-284x300.jpg",284,300,true],"medium_large":["https:\/\/rms-enlinea.com.ar\/wp-content\/uploads\/2025\/06\/D_671623-MLA54687847194_032023-F-768x811.jpg",768,811,true],"large":["https:\/\/rms-enlinea.com.ar\/wp-content\/uploads\/2025\/06\/D_671623-MLA54687847194_032023-F.jpg",941,994,false],"1536x1536":["https:\/\/rms-enlinea.com.ar\/wp-content\/uploads\/2025\/06\/D_671623-MLA54687847194_032023-F.jpg",941,994,false],"2048x2048":["https:\/\/rms-enlinea.com.ar\/wp-content\/uploads\/2025\/06\/D_671623-MLA54687847194_032023-F.jpg",941,994,false],"woocommerce_thumbnail":["https:\/\/rms-enlinea.com.ar\/wp-content\/uploads\/2025\/06\/D_671623-MLA54687847194_032023-F-450x450.jpg",450,450,true],"woocommerce_single":["https:\/\/rms-enlinea.com.ar\/wp-content\/uploads\/2025\/06\/D_671623-MLA54687847194_032023-F-600x634.jpg",600,634,true],"woocommerce_gallery_thumbnail":["https:\/\/rms-enlinea.com.ar\/wp-content\/uploads\/2025\/06\/D_671623-MLA54687847194_032023-F-100x100.jpg",100,100,true]},"uagb_author_info":{"display_name":"l0071054","author_link":"https:\/\/rms-enlinea.com.ar\/tienda\/author\/"},"uagb_comment_info":0,"uagb_excerpt":"Nombre de c\u00f3digo Productos anteriormente: Comet Lake Segmento vertical: Desktop Estado: Launched Fecha de lanzamiento: Q1&#8217;21 Condiciones de uso: PC\/Client\/Tablet Cantidad de n\u00facleos: 4 Cantidad de subprocesos: 8 Frecuencia b\u00e1sica del procesador: 3,70 GHz Frecuencia turbo m\u00e1xima: 4,40 GHz Cach\u00e9: 6 MB Intel\u00ae Smart Cache Velocidad del bus: 8 GT\/s Frecuencia de la Tecnolog\u00eda: Intel\u00ae&hellip;","_links":{"self":[{"href":"https:\/\/rms-enlinea.com.ar\/tienda\/wp-json\/wp\/v2\/product\/6677","targetHints":{"allow":["GET"]}}],"collection":[{"href":"https:\/\/rms-enlinea.com.ar\/tienda\/wp-json\/wp\/v2\/product"}],"about":[{"href":"https:\/\/rms-enlinea.com.ar\/tienda\/wp-json\/wp\/v2\/types\/product"}],"replies":[{"embeddable":true,"href":"https:\/\/rms-enlinea.com.ar\/tienda\/wp-json\/wp\/v2\/comments?post=6677"}],"wp:featuredmedia":[{"embeddable":true,"href":"https:\/\/rms-enlinea.com.ar\/tienda\/wp-json\/wp\/v2\/media\/6678"}],"wp:attachment":[{"href":"https:\/\/rms-enlinea.com.ar\/tienda\/wp-json\/wp\/v2\/media?parent=6677"}],"wp:term":[{"taxonomy":"product_brand","embeddable":true,"href":"https:\/\/rms-enlinea.com.ar\/tienda\/wp-json\/wp\/v2\/product_brand?post=6677"},{"taxonomy":"product_cat","embeddable":true,"href":"https:\/\/rms-enlinea.com.ar\/tienda\/wp-json\/wp\/v2\/product_cat?post=6677"},{"taxonomy":"product_tag","embeddable":true,"href":"https:\/\/rms-enlinea.com.ar\/tienda\/wp-json\/wp\/v2\/product_tag?post=6677"}],"curies":[{"name":"wp","href":"https:\/\/api.w.org\/{rel}","templated":true}]}}