{"id":6697,"date":"2025-06-12T04:05:40","date_gmt":"2025-06-12T07:05:40","guid":{"rendered":"https:\/\/rms-enlinea.com.ar\/tienda\/producto\/procesador-amd-ryzen-7-5800xt-3-8ghz-am4-con-cooler\/"},"modified":"2026-04-13T10:10:19","modified_gmt":"2026-04-13T13:10:19","slug":"procesador-amd-ryzen-7-5800xt-3-8ghz-am4-con-cooler","status":"publish","type":"product","link":"https:\/\/rms-enlinea.com.ar\/tienda\/producto\/procesador-amd-ryzen-7-5800xt-3-8ghz-am4-con-cooler\/","title":{"rendered":"Procesador Amd Ryzen 7 5800xt 3.8ghz Am4 Sin Cooler"},"content":{"rendered":"<p>Arquitectura Zen 3<br \/>\nN.\u00ba de n\u00facleos de CPU<br \/>\n8<br \/>\nM\u00faltiples subprocesos (SMT)<br \/>\nS\u00ed<br \/>\nN.\u00ba de subprocesos<br \/>\n16<br \/>\nReloj turbo m\u00e1ximo<br \/>\nHasta 4.8 GHz<br \/>\nReloj base<br \/>\n3.8 GHz<br \/>\nCach\u00e9 L1<br \/>\n512 KB<br \/>\nCach\u00e9 L2<br \/>\n4 MB<br \/>\nCach\u00e9 L3<br \/>\n32 MB<br \/>\nTDP predeterminada<br \/>\n105W<br \/>\nTecnolog\u00eda de procesador para n\u00facleos de CPU<br \/>\nTSMC 7nm FinFET<br \/>\nTecnolog\u00eda de procesador para chip de E\/S<br \/>\n12nm (Globalfoundries)<br \/>\nTama\u00f1o del chip de procesamiento de CPU (CCD)<br \/>\n74mm\u00b2<br \/>\nDesbloqueado para overclocking<br \/>\nS\u00ed<br \/>\nSocket de CPU<br \/>\nAM4<br \/>\nSupporting Chipsets<br \/>\nX570 , B550 , A520 , X470 , B450<br \/>\nCPU Boost Technology<br \/>\nPrecision Boost 2<br \/>\nConjunto de instrucciones<br \/>\nx86-64<br \/>\nExtensiones compatibles<br \/>\nAES , AMD-V , AVX , AVX2 , FMA3 , MMX-plus , SHA , SSE , SSE2 , SSE3 , SSE4.1 , SSE4.2 , SSE4A , SSSE3 , x86-64<br \/>\nSoluci\u00f3n t\u00e9rmica (producto en caja)<br \/>\nAMD Wraith Prism<br \/>\nTemperatura de funcionamiento m\u00e1xima (Tjmax)<br \/>\n90\u00b0C<\/p>\n","protected":false},"excerpt":{"rendered":"<p>Arquitectura Zen 3 N.\u00ba de n\u00facleos de CPU 8 M\u00faltiples subprocesos (SMT) S\u00ed N.\u00ba de subprocesos 16 Reloj turbo m\u00e1ximo Hasta 4.8 GHz Reloj base 3.8 GHz Cach\u00e9 L1 512 KB Cach\u00e9 L2 4 MB Cach\u00e9 L3 32 MB TDP predeterminada 105W Tecnolog\u00eda de procesador para n\u00facleos de CPU TSMC 7nm FinFET Tecnolog\u00eda de procesador [&hellip;]<\/p>\n","protected":false},"featured_media":6539,"comment_status":"open","ping_status":"closed","template":"","meta":{"_uag_custom_page_level_css":""},"product_brand":[531],"product_cat":[121],"product_tag":[],"class_list":{"0":"post-6697","1":"product","2":"type-product","3":"status-publish","4":"has-post-thumbnail","6":"product_brand-amd","7":"product_cat-procesadores-computacion","9":"first","10":"outofstock","11":"sale","12":"taxable","13":"shipping-taxable","14":"purchasable","15":"product-type-simple"},"uagb_featured_image_src":{"full":["https:\/\/rms-enlinea.com.ar\/wp-content\/uploads\/2025\/06\/D_730621-MLU77868862586_072024-F.jpg",925,984,false],"thumbnail":["https:\/\/rms-enlinea.com.ar\/wp-content\/uploads\/2025\/06\/D_730621-MLU77868862586_072024-F-150x150.jpg",150,150,true],"medium":["https:\/\/rms-enlinea.com.ar\/wp-content\/uploads\/2025\/06\/D_730621-MLU77868862586_072024-F-282x300.jpg",282,300,true],"medium_large":["https:\/\/rms-enlinea.com.ar\/wp-content\/uploads\/2025\/06\/D_730621-MLU77868862586_072024-F-768x817.jpg",768,817,true],"large":["https:\/\/rms-enlinea.com.ar\/wp-content\/uploads\/2025\/06\/D_730621-MLU77868862586_072024-F.jpg",925,984,false],"1536x1536":["https:\/\/rms-enlinea.com.ar\/wp-content\/uploads\/2025\/06\/D_730621-MLU77868862586_072024-F.jpg",925,984,false],"2048x2048":["https:\/\/rms-enlinea.com.ar\/wp-content\/uploads\/2025\/06\/D_730621-MLU77868862586_072024-F.jpg",925,984,false],"woocommerce_thumbnail":["https:\/\/rms-enlinea.com.ar\/wp-content\/uploads\/2025\/06\/D_730621-MLU77868862586_072024-F-450x450.jpg",450,450,true],"woocommerce_single":["https:\/\/rms-enlinea.com.ar\/wp-content\/uploads\/2025\/06\/D_730621-MLU77868862586_072024-F-600x638.jpg",600,638,true],"woocommerce_gallery_thumbnail":["https:\/\/rms-enlinea.com.ar\/wp-content\/uploads\/2025\/06\/D_730621-MLU77868862586_072024-F-100x100.jpg",100,100,true]},"uagb_author_info":{"display_name":"l0071054","author_link":"https:\/\/rms-enlinea.com.ar\/tienda\/author\/"},"uagb_comment_info":0,"uagb_excerpt":"Arquitectura Zen 3 N.\u00ba de n\u00facleos de CPU 8 M\u00faltiples subprocesos (SMT) S\u00ed N.\u00ba de subprocesos 16 Reloj turbo m\u00e1ximo Hasta 4.8 GHz Reloj base 3.8 GHz Cach\u00e9 L1 512 KB Cach\u00e9 L2 4 MB Cach\u00e9 L3 32 MB TDP predeterminada 105W Tecnolog\u00eda de procesador para n\u00facleos de CPU TSMC 7nm FinFET Tecnolog\u00eda de procesador&hellip;","_links":{"self":[{"href":"https:\/\/rms-enlinea.com.ar\/tienda\/wp-json\/wp\/v2\/product\/6697","targetHints":{"allow":["GET"]}}],"collection":[{"href":"https:\/\/rms-enlinea.com.ar\/tienda\/wp-json\/wp\/v2\/product"}],"about":[{"href":"https:\/\/rms-enlinea.com.ar\/tienda\/wp-json\/wp\/v2\/types\/product"}],"replies":[{"embeddable":true,"href":"https:\/\/rms-enlinea.com.ar\/tienda\/wp-json\/wp\/v2\/comments?post=6697"}],"wp:featuredmedia":[{"embeddable":true,"href":"https:\/\/rms-enlinea.com.ar\/tienda\/wp-json\/wp\/v2\/media\/6539"}],"wp:attachment":[{"href":"https:\/\/rms-enlinea.com.ar\/tienda\/wp-json\/wp\/v2\/media?parent=6697"}],"wp:term":[{"taxonomy":"product_brand","embeddable":true,"href":"https:\/\/rms-enlinea.com.ar\/tienda\/wp-json\/wp\/v2\/product_brand?post=6697"},{"taxonomy":"product_cat","embeddable":true,"href":"https:\/\/rms-enlinea.com.ar\/tienda\/wp-json\/wp\/v2\/product_cat?post=6697"},{"taxonomy":"product_tag","embeddable":true,"href":"https:\/\/rms-enlinea.com.ar\/tienda\/wp-json\/wp\/v2\/product_tag?post=6697"}],"curies":[{"name":"wp","href":"https:\/\/api.w.org\/{rel}","templated":true}]}}