{"id":6761,"date":"2025-06-12T04:07:10","date_gmt":"2025-06-12T07:07:10","guid":{"rendered":"https:\/\/rms-enlinea.com.ar\/tienda\/producto\/estructura-truss-cuadrada-24x24-g3-3-m-xpro-jk4-stock-ya\/"},"modified":"2026-04-15T23:52:04","modified_gmt":"2026-04-16T02:52:04","slug":"estructura-truss-cuadrada-24x24-g3-3-m-xpro-jk4-stock-ya","status":"publish","type":"product","link":"https:\/\/rms-enlinea.com.ar\/tienda\/producto\/estructura-truss-cuadrada-24x24-g3-3-m-xpro-jk4-stock-ya\/","title":{"rendered":"Estructura Truss Cuadrada 24&#215;24 G3 3 M Xpro Jk4 Stock Ya!"},"content":{"rendered":"<p>Las estructuras XPRO \/ JK4 son met\u00e1licas fabricadas en acero. Su calidad garantizan una prolongada vida \u00fatil. Adem\u00e1s cuentan con un buen acabado y terminaci\u00f3n, dando una adecuada relaci\u00f3n precio-calidad.<\/p>\n<p>XPRO \/ JK4 son empresa dedicada la producci\u00f3n de estructuras y sistema de elevaci\u00f3n para facilitar el armado de puestas en escena de equipamiento de audio e iluminaci\u00f3n profesional. Contando con una amplia variedad de productos, desde accesorios hasta estructuras completas, que satisfacen cada una de las necesidades de todos los clientes.<\/p>\n<p>Caracter\u00edsticas Principales:<\/p>\n<p>&#8211; Dimensiones: 3 m de largo, 24 x 24 cm.<br \/>&#8211; Peso: 18.9 kg.<br \/>&#8211; Capacidad de Carga: Hasta 450 kg.<br \/>&#8211; G3 tiene reticulado en todas sus caras, estructura mas s\u00f3lida para mayor estabilidad.<br \/>&#8211; Construida en ca\u00f1o de 1.2 mm<br \/>&#8211; Aplicaciones: ideal para iluminaci\u00f3n, sonido y escenarios, es perfecto para eventos en vivo, conciertos y presentaciones teatrales.<br \/>&#8211; Color gris aluminio.<\/p>\n<p>Esta estructura es la soluci\u00f3n robusta y confiable que necesitas para asegurar tus equipos en cualquier evento.<\/p>\n<p>IMPORTANTE, NO USAR MERCADO ENVIOS !!! : <\/p>\n<p>\/\/\/ MERCADO ENVIOS NO LLEGA ESTE PRODUCTO !!! . <\/p>\n<p>\/\/\/ EN EL CASO DE QUERER EL PRODUCTO TENDR\u00c1 QUE RETIRAR O USAR TRANSPORTES HABILITADOS PARA ESTAS CARGAS.<\/p>\n","protected":false},"excerpt":{"rendered":"<p>Las estructuras XPRO \/ JK4 son met\u00e1licas fabricadas en acero. Su calidad garantizan una prolongada vida \u00fatil. Adem\u00e1s cuentan con un buen acabado y terminaci\u00f3n, dando una adecuada relaci\u00f3n precio-calidad. XPRO \/ JK4 son empresa dedicada la producci\u00f3n de estructuras y sistema de elevaci\u00f3n para facilitar el armado de puestas en escena de equipamiento de [&hellip;]<\/p>\n","protected":false},"featured_media":1053,"comment_status":"open","ping_status":"closed","template":"","meta":{"_uag_custom_page_level_css":""},"product_brand":[],"product_cat":[92],"product_tag":[],"class_list":{"0":"post-6761","1":"product","2":"type-product","3":"status-publish","4":"has-post-thumbnail","6":"product_cat-estructuras-truss-y-soportes","8":"first","9":"instock","10":"sale","11":"taxable","12":"shipping-taxable","13":"purchasable","14":"product-type-simple"},"uagb_featured_image_src":{"full":["https:\/\/rms-enlinea.com.ar\/wp-content\/uploads\/2025\/06\/D_654635-MLA85135415547_052025-F.jpg",440,1200,false],"thumbnail":["https:\/\/rms-enlinea.com.ar\/wp-content\/uploads\/2025\/06\/D_654635-MLA85135415547_052025-F-150x150.jpg",150,150,true],"medium":["https:\/\/rms-enlinea.com.ar\/wp-content\/uploads\/2025\/06\/D_654635-MLA85135415547_052025-F-110x300.jpg",110,300,true],"medium_large":["https:\/\/rms-enlinea.com.ar\/wp-content\/uploads\/2025\/06\/D_654635-MLA85135415547_052025-F.jpg",440,1200,false],"large":["https:\/\/rms-enlinea.com.ar\/wp-content\/uploads\/2025\/06\/D_654635-MLA85135415547_052025-F-375x1024.jpg",375,1024,true],"1536x1536":["https:\/\/rms-enlinea.com.ar\/wp-content\/uploads\/2025\/06\/D_654635-MLA85135415547_052025-F.jpg",440,1200,false],"2048x2048":["https:\/\/rms-enlinea.com.ar\/wp-content\/uploads\/2025\/06\/D_654635-MLA85135415547_052025-F.jpg",440,1200,false],"woocommerce_thumbnail":["https:\/\/rms-enlinea.com.ar\/wp-content\/uploads\/2025\/06\/D_654635-MLA85135415547_052025-F-440x450.jpg",440,450,true],"woocommerce_single":["https:\/\/rms-enlinea.com.ar\/wp-content\/uploads\/2025\/06\/D_654635-MLA85135415547_052025-F.jpg",440,1200,false],"woocommerce_gallery_thumbnail":["https:\/\/rms-enlinea.com.ar\/wp-content\/uploads\/2025\/06\/D_654635-MLA85135415547_052025-F-100x100.jpg",100,100,true]},"uagb_author_info":{"display_name":"l0071054","author_link":"https:\/\/rms-enlinea.com.ar\/tienda\/author\/"},"uagb_comment_info":0,"uagb_excerpt":"Las estructuras XPRO \/ JK4 son met\u00e1licas fabricadas en acero. Su calidad garantizan una prolongada vida \u00fatil. Adem\u00e1s cuentan con un buen acabado y terminaci\u00f3n, dando una adecuada relaci\u00f3n precio-calidad. XPRO \/ JK4 son empresa dedicada la producci\u00f3n de estructuras y sistema de elevaci\u00f3n para facilitar el armado de puestas en escena de equipamiento de&hellip;","_links":{"self":[{"href":"https:\/\/rms-enlinea.com.ar\/tienda\/wp-json\/wp\/v2\/product\/6761","targetHints":{"allow":["GET"]}}],"collection":[{"href":"https:\/\/rms-enlinea.com.ar\/tienda\/wp-json\/wp\/v2\/product"}],"about":[{"href":"https:\/\/rms-enlinea.com.ar\/tienda\/wp-json\/wp\/v2\/types\/product"}],"replies":[{"embeddable":true,"href":"https:\/\/rms-enlinea.com.ar\/tienda\/wp-json\/wp\/v2\/comments?post=6761"}],"wp:featuredmedia":[{"embeddable":true,"href":"https:\/\/rms-enlinea.com.ar\/tienda\/wp-json\/wp\/v2\/media\/1053"}],"wp:attachment":[{"href":"https:\/\/rms-enlinea.com.ar\/tienda\/wp-json\/wp\/v2\/media?parent=6761"}],"wp:term":[{"taxonomy":"product_brand","embeddable":true,"href":"https:\/\/rms-enlinea.com.ar\/tienda\/wp-json\/wp\/v2\/product_brand?post=6761"},{"taxonomy":"product_cat","embeddable":true,"href":"https:\/\/rms-enlinea.com.ar\/tienda\/wp-json\/wp\/v2\/product_cat?post=6761"},{"taxonomy":"product_tag","embeddable":true,"href":"https:\/\/rms-enlinea.com.ar\/tienda\/wp-json\/wp\/v2\/product_tag?post=6761"}],"curies":[{"name":"wp","href":"https:\/\/api.w.org\/{rel}","templated":true}]}}