{"id":6763,"date":"2025-06-12T04:07:19","date_gmt":"2025-06-12T07:07:19","guid":{"rendered":"https:\/\/rms-enlinea.com.ar\/tienda\/producto\/mouse-inalambrico-bluetooth-logitech-m196-rose-1000dpi\/"},"modified":"2026-04-21T05:28:44","modified_gmt":"2026-04-21T08:28:44","slug":"mouse-inalambrico-bluetooth-logitech-m196-rose-1000dpi","status":"publish","type":"product","link":"https:\/\/rms-enlinea.com.ar\/tienda\/producto\/mouse-inalambrico-bluetooth-logitech-m196-rose-1000dpi\/","title":{"rendered":"Mouse Inalambrico Bluetooth Logitech M196 Rose 1000dpi"},"content":{"rendered":"<p>Especificaciones y Detalles<br \/>Dimensiones<br \/>Altura\t100 mm<br \/>Anchura\t60 mm<br \/>Profundidad\t38 mm<br \/>Peso\t76 g (con bater\u00eda)<br \/>Especificaciones T\u00e9cnicas<br \/>Tecnolog\u00eda de sensor\tSeguimiento \u00f3ptico uniforme (1000 DPI)<br \/>Desplazamiento\tL\u00ednea por l\u00ednea<br \/>Rueda de desplazamiento\t2D, mec\u00e1nica<br \/>Bater\u00eda<br \/>Tipo de bater\u00eda\t1x AA (preinstalada)<br \/>Duraci\u00f3n estimada\t12 meses (puede variar seg\u00fan el uso)<br \/>Conectividad<br \/>Tipo de conexi\u00f3n\tBluetooth Low Energy<br \/>Radio inal\u00e1mbrico\tHasta 10 metros<br \/>Funciones de conexi\u00f3n\tInterruptor ON\/OFF, modo de emparejamiento prolongado<br \/>N\u00fameros de Referencia (Colores)<br \/>Rosa\t910-007458<br \/>Compatibilidad<br \/>Sistema operativo<br \/>Versi\u00f3n<br \/>Windows\t10, 11 o posteriores<br \/>macOS\t11 o posteriores<\/p>\n","protected":false},"excerpt":{"rendered":"<p>Especificaciones y DetallesDimensionesAltura 100 mmAnchura 60 mmProfundidad 38 mmPeso 76 g (con bater\u00eda)Especificaciones T\u00e9cnicasTecnolog\u00eda de sensor Seguimiento \u00f3ptico uniforme (1000 DPI)Desplazamiento L\u00ednea por l\u00edneaRueda de desplazamiento 2D, mec\u00e1nicaBater\u00edaTipo de bater\u00eda 1x AA (preinstalada)Duraci\u00f3n estimada 12 meses (puede variar seg\u00fan el uso)ConectividadTipo de conexi\u00f3n Bluetooth Low EnergyRadio inal\u00e1mbrico Hasta 10 metrosFunciones de conexi\u00f3n Interruptor ON\/OFF, modo [&hellip;]<\/p>\n","protected":false},"featured_media":6764,"comment_status":"open","ping_status":"closed","template":"","meta":{"_uag_custom_page_level_css":""},"product_brand":[549],"product_cat":[125],"product_tag":[],"class_list":{"0":"post-6763","1":"product","2":"type-product","3":"status-publish","4":"has-post-thumbnail","6":"product_brand-logitech","7":"product_cat-teclados-y-mouses","9":"first","10":"outofstock","11":"sale","12":"taxable","13":"shipping-taxable","14":"purchasable","15":"product-type-simple"},"uagb_featured_image_src":{"full":["https:\/\/rms-enlinea.com.ar\/wp-content\/uploads\/2025\/06\/D_726823-MLA85521162729_062025-F.jpg",594,981,false],"thumbnail":["https:\/\/rms-enlinea.com.ar\/wp-content\/uploads\/2025\/06\/D_726823-MLA85521162729_062025-F-150x150.jpg",150,150,true],"medium":["https:\/\/rms-enlinea.com.ar\/wp-content\/uploads\/2025\/06\/D_726823-MLA85521162729_062025-F-182x300.jpg",182,300,true],"medium_large":["https:\/\/rms-enlinea.com.ar\/wp-content\/uploads\/2025\/06\/D_726823-MLA85521162729_062025-F.jpg",594,981,false],"large":["https:\/\/rms-enlinea.com.ar\/wp-content\/uploads\/2025\/06\/D_726823-MLA85521162729_062025-F.jpg",594,981,false],"1536x1536":["https:\/\/rms-enlinea.com.ar\/wp-content\/uploads\/2025\/06\/D_726823-MLA85521162729_062025-F.jpg",594,981,false],"2048x2048":["https:\/\/rms-enlinea.com.ar\/wp-content\/uploads\/2025\/06\/D_726823-MLA85521162729_062025-F.jpg",594,981,false],"woocommerce_thumbnail":["https:\/\/rms-enlinea.com.ar\/wp-content\/uploads\/2025\/06\/D_726823-MLA85521162729_062025-F-450x450.jpg",450,450,true],"woocommerce_single":["https:\/\/rms-enlinea.com.ar\/wp-content\/uploads\/2025\/06\/D_726823-MLA85521162729_062025-F.jpg",594,981,false],"woocommerce_gallery_thumbnail":["https:\/\/rms-enlinea.com.ar\/wp-content\/uploads\/2025\/06\/D_726823-MLA85521162729_062025-F-100x100.jpg",100,100,true]},"uagb_author_info":{"display_name":"l0071054","author_link":"https:\/\/rms-enlinea.com.ar\/tienda\/author\/"},"uagb_comment_info":0,"uagb_excerpt":"Especificaciones y DetallesDimensionesAltura 100 mmAnchura 60 mmProfundidad 38 mmPeso 76 g (con bater\u00eda)Especificaciones T\u00e9cnicasTecnolog\u00eda de sensor Seguimiento \u00f3ptico uniforme (1000 DPI)Desplazamiento L\u00ednea por l\u00edneaRueda de desplazamiento 2D, mec\u00e1nicaBater\u00edaTipo de bater\u00eda 1x AA (preinstalada)Duraci\u00f3n estimada 12 meses (puede variar seg\u00fan el uso)ConectividadTipo de conexi\u00f3n Bluetooth Low EnergyRadio inal\u00e1mbrico Hasta 10 metrosFunciones de conexi\u00f3n Interruptor ON\/OFF, modo&hellip;","_links":{"self":[{"href":"https:\/\/rms-enlinea.com.ar\/tienda\/wp-json\/wp\/v2\/product\/6763","targetHints":{"allow":["GET"]}}],"collection":[{"href":"https:\/\/rms-enlinea.com.ar\/tienda\/wp-json\/wp\/v2\/product"}],"about":[{"href":"https:\/\/rms-enlinea.com.ar\/tienda\/wp-json\/wp\/v2\/types\/product"}],"replies":[{"embeddable":true,"href":"https:\/\/rms-enlinea.com.ar\/tienda\/wp-json\/wp\/v2\/comments?post=6763"}],"wp:featuredmedia":[{"embeddable":true,"href":"https:\/\/rms-enlinea.com.ar\/tienda\/wp-json\/wp\/v2\/media\/6764"}],"wp:attachment":[{"href":"https:\/\/rms-enlinea.com.ar\/tienda\/wp-json\/wp\/v2\/media?parent=6763"}],"wp:term":[{"taxonomy":"product_brand","embeddable":true,"href":"https:\/\/rms-enlinea.com.ar\/tienda\/wp-json\/wp\/v2\/product_brand?post=6763"},{"taxonomy":"product_cat","embeddable":true,"href":"https:\/\/rms-enlinea.com.ar\/tienda\/wp-json\/wp\/v2\/product_cat?post=6763"},{"taxonomy":"product_tag","embeddable":true,"href":"https:\/\/rms-enlinea.com.ar\/tienda\/wp-json\/wp\/v2\/product_tag?post=6763"}],"curies":[{"name":"wp","href":"https:\/\/api.w.org\/{rel}","templated":true}]}}