{"id":6824,"date":"2025-06-12T04:08:30","date_gmt":"2025-06-12T07:08:30","guid":{"rendered":"https:\/\/rms-enlinea.com.ar\/tienda\/producto\/teclado-razer-blackwidow-v4-pro-us-yellow-chroma-rgb\/"},"modified":"2026-04-06T14:09:17","modified_gmt":"2026-04-06T17:09:17","slug":"teclado-razer-blackwidow-v4-pro-us-yellow-chroma-rgb","status":"publish","type":"product","link":"https:\/\/rms-enlinea.com.ar\/tienda\/producto\/teclado-razer-blackwidow-v4-pro-us-yellow-chroma-rgb\/","title":{"rendered":"Teclado Razer Blackwidow V4 Pro Us Yellow Chroma Rgb"},"content":{"rendered":"<p>TIPO DE INTERRUPTOR:<br \/>Interruptores mec\u00e1nicos amarillos Razer\u2122 (lineales)<br \/>SENSACI\u00d3N CLAVE:\tLineal y silencioso<br \/>TAMA\u00d1O APROXIMADO:\tTama\u00f1o completo<br \/>ILUMINACI\u00d3N:\tRazer Chroma\u2122 RGB<br \/>REPOSAMU\u00d1ECAS:<br \/>S\u00ed<br \/>MEMORIA INTEGRADA:\tAlmacenamiento h\u00edbrido integrado: hasta 5 perfiles<br \/>TECLAS MULTIMEDIA:\tRodillo multimedia dedicado con 4 botones multimedia dedicados<br \/>PASO A TRAV\u00c9S:\tS\u00ed<br \/>CONECTIVIDAD:\tCable tipo C desmontable<br \/>TECLAS:\tTeclas ABS de doble inyecci\u00f3n<br \/>OTROS:\tRazer\u2122 Bot\u00f3n pulsador<br \/> \tCompatible con Razer\u2122 Synapse<br \/> \tEstuche superior de aleaci\u00f3n de aluminio 5052<br \/> \tDial de comandos Razer\u2122<br \/> \t5 teclas macro dedicadas<br \/> \t3 botones laterales dedicados a macros<br \/> \tIncluye espuma para caja y espuma para PCB<br \/> \tEstabilizadores lubricados<br \/> \tIluminaci\u00f3n inferior de 2 lados en el chasis principal con iluminaci\u00f3n inferior de 3 lados en el reposamu\u00f1ecas<br \/> \tFrecuencia de sondeo de hasta 8000 Hz<\/p>\n","protected":false},"excerpt":{"rendered":"<p>TIPO DE INTERRUPTOR:Interruptores mec\u00e1nicos amarillos Razer\u2122 (lineales)SENSACI\u00d3N CLAVE: Lineal y silenciosoTAMA\u00d1O APROXIMADO: Tama\u00f1o completoILUMINACI\u00d3N: Razer Chroma\u2122 RGBREPOSAMU\u00d1ECAS:S\u00edMEMORIA INTEGRADA: Almacenamiento h\u00edbrido integrado: hasta 5 perfilesTECLAS MULTIMEDIA: Rodillo multimedia dedicado con 4 botones multimedia dedicadosPASO A TRAV\u00c9S: S\u00edCONECTIVIDAD: Cable tipo C desmontableTECLAS: Teclas ABS de doble inyecci\u00f3nOTROS: Razer\u2122 Bot\u00f3n pulsador Compatible con Razer\u2122 Synapse Estuche superior de [&hellip;]<\/p>\n","protected":false},"featured_media":6825,"comment_status":"open","ping_status":"closed","template":"","meta":{"_uag_custom_page_level_css":""},"product_brand":[559],"product_cat":[125],"product_tag":[],"class_list":{"0":"post-6824","1":"product","2":"type-product","3":"status-publish","4":"has-post-thumbnail","6":"product_brand-razer","7":"product_cat-teclados-y-mouses","9":"first","10":"outofstock","11":"sale","12":"taxable","13":"shipping-taxable","14":"purchasable","15":"product-type-simple"},"uagb_featured_image_src":{"full":["https:\/\/rms-enlinea.com.ar\/wp-content\/uploads\/2025\/06\/D_728997-MLU71621698237_092023-F.jpg",964,607,false],"thumbnail":["https:\/\/rms-enlinea.com.ar\/wp-content\/uploads\/2025\/06\/D_728997-MLU71621698237_092023-F-150x150.jpg",150,150,true],"medium":["https:\/\/rms-enlinea.com.ar\/wp-content\/uploads\/2025\/06\/D_728997-MLU71621698237_092023-F-300x189.jpg",300,189,true],"medium_large":["https:\/\/rms-enlinea.com.ar\/wp-content\/uploads\/2025\/06\/D_728997-MLU71621698237_092023-F-768x484.jpg",768,484,true],"large":["https:\/\/rms-enlinea.com.ar\/wp-content\/uploads\/2025\/06\/D_728997-MLU71621698237_092023-F.jpg",964,607,false],"1536x1536":["https:\/\/rms-enlinea.com.ar\/wp-content\/uploads\/2025\/06\/D_728997-MLU71621698237_092023-F.jpg",964,607,false],"2048x2048":["https:\/\/rms-enlinea.com.ar\/wp-content\/uploads\/2025\/06\/D_728997-MLU71621698237_092023-F.jpg",964,607,false],"woocommerce_thumbnail":["https:\/\/rms-enlinea.com.ar\/wp-content\/uploads\/2025\/06\/D_728997-MLU71621698237_092023-F-450x450.jpg",450,450,true],"woocommerce_single":["https:\/\/rms-enlinea.com.ar\/wp-content\/uploads\/2025\/06\/D_728997-MLU71621698237_092023-F-600x378.jpg",600,378,true],"woocommerce_gallery_thumbnail":["https:\/\/rms-enlinea.com.ar\/wp-content\/uploads\/2025\/06\/D_728997-MLU71621698237_092023-F-100x100.jpg",100,100,true]},"uagb_author_info":{"display_name":"l0071054","author_link":"https:\/\/rms-enlinea.com.ar\/tienda\/author\/"},"uagb_comment_info":0,"uagb_excerpt":"TIPO DE INTERRUPTOR:Interruptores mec\u00e1nicos amarillos Razer\u2122 (lineales)SENSACI\u00d3N CLAVE: Lineal y silenciosoTAMA\u00d1O APROXIMADO: Tama\u00f1o completoILUMINACI\u00d3N: Razer Chroma\u2122 RGBREPOSAMU\u00d1ECAS:S\u00edMEMORIA INTEGRADA: Almacenamiento h\u00edbrido integrado: hasta 5 perfilesTECLAS MULTIMEDIA: Rodillo multimedia dedicado con 4 botones multimedia dedicadosPASO A TRAV\u00c9S: S\u00edCONECTIVIDAD: Cable tipo C desmontableTECLAS: Teclas ABS de doble inyecci\u00f3nOTROS: Razer\u2122 Bot\u00f3n pulsador Compatible con Razer\u2122 Synapse Estuche superior de&hellip;","_links":{"self":[{"href":"https:\/\/rms-enlinea.com.ar\/tienda\/wp-json\/wp\/v2\/product\/6824","targetHints":{"allow":["GET"]}}],"collection":[{"href":"https:\/\/rms-enlinea.com.ar\/tienda\/wp-json\/wp\/v2\/product"}],"about":[{"href":"https:\/\/rms-enlinea.com.ar\/tienda\/wp-json\/wp\/v2\/types\/product"}],"replies":[{"embeddable":true,"href":"https:\/\/rms-enlinea.com.ar\/tienda\/wp-json\/wp\/v2\/comments?post=6824"}],"wp:featuredmedia":[{"embeddable":true,"href":"https:\/\/rms-enlinea.com.ar\/tienda\/wp-json\/wp\/v2\/media\/6825"}],"wp:attachment":[{"href":"https:\/\/rms-enlinea.com.ar\/tienda\/wp-json\/wp\/v2\/media?parent=6824"}],"wp:term":[{"taxonomy":"product_brand","embeddable":true,"href":"https:\/\/rms-enlinea.com.ar\/tienda\/wp-json\/wp\/v2\/product_brand?post=6824"},{"taxonomy":"product_cat","embeddable":true,"href":"https:\/\/rms-enlinea.com.ar\/tienda\/wp-json\/wp\/v2\/product_cat?post=6824"},{"taxonomy":"product_tag","embeddable":true,"href":"https:\/\/rms-enlinea.com.ar\/tienda\/wp-json\/wp\/v2\/product_tag?post=6824"}],"curies":[{"name":"wp","href":"https:\/\/api.w.org\/{rel}","templated":true}]}}