{"id":6933,"date":"2025-06-12T04:10:49","date_gmt":"2025-06-12T07:10:49","guid":{"rendered":"https:\/\/rms-enlinea.com.ar\/tienda\/producto\/teclado-logitech-pop-keys-inalambrico-coral-rosa-espanol\/"},"modified":"2026-04-06T12:51:38","modified_gmt":"2026-04-06T15:51:38","slug":"teclado-logitech-pop-keys-inalambrico-coral-rosa-espanol-2","status":"publish","type":"product","link":"https:\/\/rms-enlinea.com.ar\/tienda\/producto\/teclado-logitech-pop-keys-inalambrico-coral-rosa-espanol-2\/","title":{"rendered":"Teclado Logitech Pop Keys Inal\u00e1mbrico Coral Rosa Espa\u00f1ol"},"content":{"rendered":"<p>DIMENSIONES<br \/>Altura: 138,47 mm<\/p>\n<p>Ancho: 321,2 mm<\/p>\n<p>Profundidad: 35,4 mm<\/p>\n<p>Peso (con bater\u00edas): 779 g<\/p>\n<p>REQUISITOS DEL SISTEMA<br \/>Tecnolog\u00eda inal\u00e1mbrica Bluetooth de bajo consumo<\/p>\n<p>Requiere: Bluetooth Low Energy<br \/>Windows \u00ae 10,11 o posterior<br \/>macOS 10.15 o posterior<br \/>iPadOS 13.4 o posterior <br \/>iOS 11 o posterior <br \/>Chrome OS\u2122 <br \/>Android 8 o posterior <br \/>Receptor USB Logi Bolt<\/p>\n<p>Requiere: Puerto USB disponible<br \/>Windows 10,11 o posterior<br \/>macOS 10.15 o posterior<br \/>Chrome OS <br \/>ESPECIFICACIONES T\u00c9CNICAS<br \/>Tipo de conexi\u00f3n: Tecnolog\u00eda inal\u00e1mbrica Bluetooth de bajo consumo (Bluetooth 5.1)<\/p>\n<p>Radio de acci\u00f3n inal\u00e1mbrico: 10 m<\/p>\n<p>Interruptores mec\u00e1nicos (Brown t\u00e1ctiles)<\/p>\n<p>Software compatible<\/p>\n<p>Logitech Options para Windows 10 o posteriores<br \/>Logitech Options para macOS 10.8 o posteriores<br \/>Logitech Flow<br \/>Bater\u00eda: 2 x AAA<\/p>\n<p>Duraci\u00f3n de bater\u00edas: 36 meses <\/p>\n<p>Indicadores luminosos (LED): LED de carga, 3 LED de canal Bluetooth, LED de bloqueo de may\u00fasculas<\/p>\n<p>Botones\/Teclas especiales: 12 accesos directos FN que incluyen teclas multimedia, voz a texto, silencio de micr\u00f3fono, recorte de pantalla <\/p>\n<p>3 canales Easy-Switch\u2122<\/p>\n<p>4 teclas de accesos directos de emojis (+4 teclas de emojis adicionales para intercambio), 1 tecla de men\u00fa de emojis<\/p>\n<p>Conmutador de encendido\/apagado con tecnolog\u00eda de ahorro de energ\u00eda<\/p>\n","protected":false},"excerpt":{"rendered":"<p>DIMENSIONESAltura: 138,47 mm Ancho: 321,2 mm Profundidad: 35,4 mm Peso (con bater\u00edas): 779 g REQUISITOS DEL SISTEMATecnolog\u00eda inal\u00e1mbrica Bluetooth de bajo consumo Requiere: Bluetooth Low EnergyWindows \u00ae 10,11 o posteriormacOS 10.15 o posterioriPadOS 13.4 o posterior iOS 11 o posterior Chrome OS\u2122 Android 8 o posterior Receptor USB Logi Bolt Requiere: Puerto USB disponibleWindows 10,11 [&hellip;]<\/p>\n","protected":false},"featured_media":6938,"comment_status":"open","ping_status":"closed","template":"","meta":{"_uag_custom_page_level_css":""},"product_brand":[549],"product_cat":[125],"product_tag":[],"class_list":{"0":"post-6933","1":"product","2":"type-product","3":"status-publish","4":"has-post-thumbnail","6":"product_brand-logitech","7":"product_cat-teclados-y-mouses","9":"first","10":"outofstock","11":"sale","12":"taxable","13":"shipping-taxable","14":"purchasable","15":"product-type-simple"},"uagb_featured_image_src":{"full":["https:\/\/rms-enlinea.com.ar\/wp-content\/uploads\/2025\/06\/D_983652-MLA77229453682_072024-F-1.jpg",738,348,false],"thumbnail":["https:\/\/rms-enlinea.com.ar\/wp-content\/uploads\/2025\/06\/D_983652-MLA77229453682_072024-F-1-150x150.jpg",150,150,true],"medium":["https:\/\/rms-enlinea.com.ar\/wp-content\/uploads\/2025\/06\/D_983652-MLA77229453682_072024-F-1-300x141.jpg",300,141,true],"medium_large":["https:\/\/rms-enlinea.com.ar\/wp-content\/uploads\/2025\/06\/D_983652-MLA77229453682_072024-F-1.jpg",738,348,false],"large":["https:\/\/rms-enlinea.com.ar\/wp-content\/uploads\/2025\/06\/D_983652-MLA77229453682_072024-F-1.jpg",738,348,false],"1536x1536":["https:\/\/rms-enlinea.com.ar\/wp-content\/uploads\/2025\/06\/D_983652-MLA77229453682_072024-F-1.jpg",738,348,false],"2048x2048":["https:\/\/rms-enlinea.com.ar\/wp-content\/uploads\/2025\/06\/D_983652-MLA77229453682_072024-F-1.jpg",738,348,false],"woocommerce_thumbnail":["https:\/\/rms-enlinea.com.ar\/wp-content\/uploads\/2025\/06\/D_983652-MLA77229453682_072024-F-1-450x348.jpg",450,348,true],"woocommerce_single":["https:\/\/rms-enlinea.com.ar\/wp-content\/uploads\/2025\/06\/D_983652-MLA77229453682_072024-F-1-600x283.jpg",600,283,true],"woocommerce_gallery_thumbnail":["https:\/\/rms-enlinea.com.ar\/wp-content\/uploads\/2025\/06\/D_983652-MLA77229453682_072024-F-1-100x100.jpg",100,100,true]},"uagb_author_info":{"display_name":"l0071054","author_link":"https:\/\/rms-enlinea.com.ar\/tienda\/author\/"},"uagb_comment_info":0,"uagb_excerpt":"DIMENSIONESAltura: 138,47 mm Ancho: 321,2 mm Profundidad: 35,4 mm Peso (con bater\u00edas): 779 g REQUISITOS DEL SISTEMATecnolog\u00eda inal\u00e1mbrica Bluetooth de bajo consumo Requiere: Bluetooth Low EnergyWindows \u00ae 10,11 o posteriormacOS 10.15 o posterioriPadOS 13.4 o posterior iOS 11 o posterior Chrome OS\u2122 Android 8 o posterior Receptor USB Logi Bolt Requiere: Puerto USB disponibleWindows 10,11&hellip;","_links":{"self":[{"href":"https:\/\/rms-enlinea.com.ar\/tienda\/wp-json\/wp\/v2\/product\/6933","targetHints":{"allow":["GET"]}}],"collection":[{"href":"https:\/\/rms-enlinea.com.ar\/tienda\/wp-json\/wp\/v2\/product"}],"about":[{"href":"https:\/\/rms-enlinea.com.ar\/tienda\/wp-json\/wp\/v2\/types\/product"}],"replies":[{"embeddable":true,"href":"https:\/\/rms-enlinea.com.ar\/tienda\/wp-json\/wp\/v2\/comments?post=6933"}],"wp:featuredmedia":[{"embeddable":true,"href":"https:\/\/rms-enlinea.com.ar\/tienda\/wp-json\/wp\/v2\/media\/6938"}],"wp:attachment":[{"href":"https:\/\/rms-enlinea.com.ar\/tienda\/wp-json\/wp\/v2\/media?parent=6933"}],"wp:term":[{"taxonomy":"product_brand","embeddable":true,"href":"https:\/\/rms-enlinea.com.ar\/tienda\/wp-json\/wp\/v2\/product_brand?post=6933"},{"taxonomy":"product_cat","embeddable":true,"href":"https:\/\/rms-enlinea.com.ar\/tienda\/wp-json\/wp\/v2\/product_cat?post=6933"},{"taxonomy":"product_tag","embeddable":true,"href":"https:\/\/rms-enlinea.com.ar\/tienda\/wp-json\/wp\/v2\/product_tag?post=6933"}],"curies":[{"name":"wp","href":"https:\/\/api.w.org\/{rel}","templated":true}]}}