{"id":7014,"date":"2025-06-12T04:12:34","date_gmt":"2025-06-12T07:12:34","guid":{"rendered":"https:\/\/rms-enlinea.com.ar\/tienda\/producto\/pad-teclado-genius-g-wp-200m-reposa-munecas-gamer-pc\/"},"modified":"2026-04-06T13:41:32","modified_gmt":"2026-04-06T16:41:32","slug":"pad-teclado-genius-g-wp-200m-reposa-munecas-gamer-pc","status":"publish","type":"product","link":"https:\/\/rms-enlinea.com.ar\/tienda\/producto\/pad-teclado-genius-g-wp-200m-reposa-munecas-gamer-pc\/","title":{"rendered":"Pad Teclado Genius G-wp 200m Reposa Mu\u00f1ecas Gamer Pc"},"content":{"rendered":"<p>Largo x Ancho 230 mm x 160 mm<br \/>Espesor 3mm<br \/>Materiales Goma<br \/>Con apoya mu\u00f1eca si<br \/>Marca Genius<br \/>L\u00ednea GX Gaming<br \/>Modelo g-wmp 200m<br \/>Tama\u00f1o del mouse pad M<br \/>Es antideslizante si<\/p>\n","protected":false},"excerpt":{"rendered":"<p>Largo x Ancho 230 mm x 160 mmEspesor 3mmMateriales GomaCon apoya mu\u00f1eca siMarca GeniusL\u00ednea GX GamingModelo g-wmp 200mTama\u00f1o del mouse pad MEs antideslizante si<\/p>\n","protected":false},"featured_media":7009,"comment_status":"open","ping_status":"closed","template":"","meta":{"_uag_custom_page_level_css":""},"product_brand":[550],"product_cat":[125],"product_tag":[],"class_list":{"0":"post-7014","1":"product","2":"type-product","3":"status-publish","4":"has-post-thumbnail","6":"product_brand-genius","7":"product_cat-teclados-y-mouses","9":"first","10":"instock","11":"sale","12":"taxable","13":"shipping-taxable","14":"purchasable","15":"product-type-simple"},"uagb_featured_image_src":{"full":["https:\/\/rms-enlinea.com.ar\/wp-content\/uploads\/2025\/06\/D_985734-MLA74227302883_012024-F.jpg",1200,433,false],"thumbnail":["https:\/\/rms-enlinea.com.ar\/wp-content\/uploads\/2025\/06\/D_985734-MLA74227302883_012024-F-150x150.jpg",150,150,true],"medium":["https:\/\/rms-enlinea.com.ar\/wp-content\/uploads\/2025\/06\/D_985734-MLA74227302883_012024-F-300x108.jpg",300,108,true],"medium_large":["https:\/\/rms-enlinea.com.ar\/wp-content\/uploads\/2025\/06\/D_985734-MLA74227302883_012024-F-768x277.jpg",768,277,true],"large":["https:\/\/rms-enlinea.com.ar\/wp-content\/uploads\/2025\/06\/D_985734-MLA74227302883_012024-F-1024x369.jpg",1024,369,true],"1536x1536":["https:\/\/rms-enlinea.com.ar\/wp-content\/uploads\/2025\/06\/D_985734-MLA74227302883_012024-F.jpg",1200,433,false],"2048x2048":["https:\/\/rms-enlinea.com.ar\/wp-content\/uploads\/2025\/06\/D_985734-MLA74227302883_012024-F.jpg",1200,433,false],"woocommerce_thumbnail":["https:\/\/rms-enlinea.com.ar\/wp-content\/uploads\/2025\/06\/D_985734-MLA74227302883_012024-F-450x433.jpg",450,433,true],"woocommerce_single":["https:\/\/rms-enlinea.com.ar\/wp-content\/uploads\/2025\/06\/D_985734-MLA74227302883_012024-F-600x217.jpg",600,217,true],"woocommerce_gallery_thumbnail":["https:\/\/rms-enlinea.com.ar\/wp-content\/uploads\/2025\/06\/D_985734-MLA74227302883_012024-F-100x100.jpg",100,100,true]},"uagb_author_info":{"display_name":"l0071054","author_link":"https:\/\/rms-enlinea.com.ar\/tienda\/author\/"},"uagb_comment_info":0,"uagb_excerpt":"Largo x Ancho 230 mm x 160 mmEspesor 3mmMateriales GomaCon apoya mu\u00f1eca siMarca GeniusL\u00ednea GX GamingModelo g-wmp 200mTama\u00f1o del mouse pad MEs antideslizante si","_links":{"self":[{"href":"https:\/\/rms-enlinea.com.ar\/tienda\/wp-json\/wp\/v2\/product\/7014","targetHints":{"allow":["GET"]}}],"collection":[{"href":"https:\/\/rms-enlinea.com.ar\/tienda\/wp-json\/wp\/v2\/product"}],"about":[{"href":"https:\/\/rms-enlinea.com.ar\/tienda\/wp-json\/wp\/v2\/types\/product"}],"replies":[{"embeddable":true,"href":"https:\/\/rms-enlinea.com.ar\/tienda\/wp-json\/wp\/v2\/comments?post=7014"}],"wp:featuredmedia":[{"embeddable":true,"href":"https:\/\/rms-enlinea.com.ar\/tienda\/wp-json\/wp\/v2\/media\/7009"}],"wp:attachment":[{"href":"https:\/\/rms-enlinea.com.ar\/tienda\/wp-json\/wp\/v2\/media?parent=7014"}],"wp:term":[{"taxonomy":"product_brand","embeddable":true,"href":"https:\/\/rms-enlinea.com.ar\/tienda\/wp-json\/wp\/v2\/product_brand?post=7014"},{"taxonomy":"product_cat","embeddable":true,"href":"https:\/\/rms-enlinea.com.ar\/tienda\/wp-json\/wp\/v2\/product_cat?post=7014"},{"taxonomy":"product_tag","embeddable":true,"href":"https:\/\/rms-enlinea.com.ar\/tienda\/wp-json\/wp\/v2\/product_tag?post=7014"}],"curies":[{"name":"wp","href":"https:\/\/api.w.org\/{rel}","templated":true}]}}