{"id":7106,"date":"2025-06-12T04:14:15","date_gmt":"2025-06-12T07:14:15","guid":{"rendered":"https:\/\/rms-enlinea.com.ar\/tienda\/producto\/ficha-xlr-chasis-hembra-cablelab-ampro-clc-x3fp\/"},"modified":"2025-06-22T14:27:04","modified_gmt":"2025-06-22T17:27:04","slug":"ficha-xlr-chasis-hembra-cablelab-ampro-clc-x3fp-2","status":"publish","type":"product","link":"https:\/\/rms-enlinea.com.ar\/tienda\/producto\/ficha-xlr-chasis-hembra-cablelab-ampro-clc-x3fp-2\/","title":{"rendered":"Ficha Xlr Chasis Hembra Cablelab Ampro Clc-x3fp"},"content":{"rendered":"<p>TIPO DE PRODUCTO: CONECTOR DE CHASIS<br \/>TIPO: XLR HEMBRA<br \/>N\u00daMERO DE PINES 3<br \/>CONTACTOS ACANALADOS<br \/>TIPO DE CONEXI\u00d3N: POR SOLDADURA<br \/>CARCASA ZINC DE FUNDICI\u00d3N<\/p>\n","protected":false},"excerpt":{"rendered":"<p>TIPO DE PRODUCTO: CONECTOR DE CHASISTIPO: XLR HEMBRAN\u00daMERO DE PINES 3CONTACTOS ACANALADOSTIPO DE CONEXI\u00d3N: POR SOLDADURACARCASA ZINC DE FUNDICI\u00d3N<\/p>\n","protected":false},"featured_media":7109,"comment_status":"open","ping_status":"closed","template":"","meta":{"_uag_custom_page_level_css":""},"product_brand":[],"product_cat":[86,58],"product_tag":[],"class_list":{"0":"post-7106","1":"product","2":"type-product","3":"status-publish","4":"has-post-thumbnail","6":"product_cat-onectores-fichas-y-adaptadores","7":"product_cat-conectores-fichas-y-adaptadores","9":"first","10":"instock","11":"sale","12":"taxable","13":"shipping-taxable","14":"purchasable","15":"product-type-simple"},"uagb_featured_image_src":{"full":["https:\/\/rms-enlinea.com.ar\/wp-content\/uploads\/2025\/06\/D_761412-MLA32228642372_092019-F-1.jpg",760,813,false],"thumbnail":["https:\/\/rms-enlinea.com.ar\/wp-content\/uploads\/2025\/06\/D_761412-MLA32228642372_092019-F-1-150x150.jpg",150,150,true],"medium":["https:\/\/rms-enlinea.com.ar\/wp-content\/uploads\/2025\/06\/D_761412-MLA32228642372_092019-F-1-280x300.jpg",280,300,true],"medium_large":["https:\/\/rms-enlinea.com.ar\/wp-content\/uploads\/2025\/06\/D_761412-MLA32228642372_092019-F-1.jpg",760,813,false],"large":["https:\/\/rms-enlinea.com.ar\/wp-content\/uploads\/2025\/06\/D_761412-MLA32228642372_092019-F-1.jpg",760,813,false],"1536x1536":["https:\/\/rms-enlinea.com.ar\/wp-content\/uploads\/2025\/06\/D_761412-MLA32228642372_092019-F-1.jpg",760,813,false],"2048x2048":["https:\/\/rms-enlinea.com.ar\/wp-content\/uploads\/2025\/06\/D_761412-MLA32228642372_092019-F-1.jpg",760,813,false],"woocommerce_thumbnail":["https:\/\/rms-enlinea.com.ar\/wp-content\/uploads\/2025\/06\/D_761412-MLA32228642372_092019-F-1-450x450.jpg",450,450,true],"woocommerce_single":["https:\/\/rms-enlinea.com.ar\/wp-content\/uploads\/2025\/06\/D_761412-MLA32228642372_092019-F-1-600x642.jpg",600,642,true],"woocommerce_gallery_thumbnail":["https:\/\/rms-enlinea.com.ar\/wp-content\/uploads\/2025\/06\/D_761412-MLA32228642372_092019-F-1-100x100.jpg",100,100,true]},"uagb_author_info":{"display_name":"l0071054","author_link":"https:\/\/rms-enlinea.com.ar\/tienda\/author\/"},"uagb_comment_info":0,"uagb_excerpt":"TIPO DE PRODUCTO: CONECTOR DE CHASISTIPO: XLR HEMBRAN\u00daMERO DE PINES 3CONTACTOS ACANALADOSTIPO DE CONEXI\u00d3N: POR SOLDADURACARCASA ZINC DE FUNDICI\u00d3N","_links":{"self":[{"href":"https:\/\/rms-enlinea.com.ar\/tienda\/wp-json\/wp\/v2\/product\/7106","targetHints":{"allow":["GET"]}}],"collection":[{"href":"https:\/\/rms-enlinea.com.ar\/tienda\/wp-json\/wp\/v2\/product"}],"about":[{"href":"https:\/\/rms-enlinea.com.ar\/tienda\/wp-json\/wp\/v2\/types\/product"}],"replies":[{"embeddable":true,"href":"https:\/\/rms-enlinea.com.ar\/tienda\/wp-json\/wp\/v2\/comments?post=7106"}],"wp:featuredmedia":[{"embeddable":true,"href":"https:\/\/rms-enlinea.com.ar\/tienda\/wp-json\/wp\/v2\/media\/7109"}],"wp:attachment":[{"href":"https:\/\/rms-enlinea.com.ar\/tienda\/wp-json\/wp\/v2\/media?parent=7106"}],"wp:term":[{"taxonomy":"product_brand","embeddable":true,"href":"https:\/\/rms-enlinea.com.ar\/tienda\/wp-json\/wp\/v2\/product_brand?post=7106"},{"taxonomy":"product_cat","embeddable":true,"href":"https:\/\/rms-enlinea.com.ar\/tienda\/wp-json\/wp\/v2\/product_cat?post=7106"},{"taxonomy":"product_tag","embeddable":true,"href":"https:\/\/rms-enlinea.com.ar\/tienda\/wp-json\/wp\/v2\/product_tag?post=7106"}],"curies":[{"name":"wp","href":"https:\/\/api.w.org\/{rel}","templated":true}]}}