{"id":7221,"date":"2025-06-12T04:16:54","date_gmt":"2025-06-12T07:16:54","guid":{"rendered":"https:\/\/rms-enlinea.com.ar\/tienda\/producto\/mouse-inalambrico-genius-rs2-ergo-9000s-bt-y-wireless\/"},"modified":"2026-04-13T11:31:14","modified_gmt":"2026-04-13T14:31:14","slug":"mouse-inalambrico-genius-rs2-ergo-9000s-bt-y-wireless","status":"publish","type":"product","link":"https:\/\/rms-enlinea.com.ar\/tienda\/producto\/mouse-inalambrico-genius-rs2-ergo-9000s-bt-y-wireless\/","title":{"rendered":"Mouse Inalambrico Genius Rs2 Ergo 9000s Bt Y Wireless"},"content":{"rendered":"<p>Modelo<\/p>\n<p>Ergo 9000s<br \/>SKU<\/p>\n<p>ergo 9000s<br \/>Es inal\u00e1mbrico<\/p>\n<p>S\u00ed<br \/>Condici\u00f3n del \u00edtem<\/p>\n<p>Nuevo<br \/>Resoluci\u00f3n del sensor<\/p>\n<p>2400 dpi<br \/>Es gamer<\/p>\n<p>No<br \/>Tecnolog\u00eda del sensor<\/p>\n<p>\u00d3ptico<br \/>Con Bluetooth<\/p>\n<p>S\u00ed<br \/>Con cable<\/p>\n<p>No<br \/>Marca<\/p>\n<p>Genius<br \/>Cantidad de botones<\/p>\n<p>6<br \/>Color<\/p>\n<p>hampagne Titanium<br \/>Tipo de mouse<\/p>\n<p>ERGONOMICO<br \/>C\u00f3digo universal de producto<\/p>\n<p>4710268260998<br \/>Orientaci\u00f3n de la mano<\/p>\n<p>Diestro<br \/>Tipo de sensor<\/p>\n<p>\u00d3ptico<br \/>Con conexi\u00f3n USB<\/p>\n<p>No<\/p>\n","protected":false},"excerpt":{"rendered":"<p>Modelo Ergo 9000sSKU ergo 9000sEs inal\u00e1mbrico S\u00edCondici\u00f3n del \u00edtem NuevoResoluci\u00f3n del sensor 2400 dpiEs gamer NoTecnolog\u00eda del sensor \u00d3pticoCon Bluetooth S\u00edCon cable NoMarca GeniusCantidad de botones 6Color hampagne TitaniumTipo de mouse ERGONOMICOC\u00f3digo universal de producto 4710268260998Orientaci\u00f3n de la mano DiestroTipo de sensor \u00d3pticoCon conexi\u00f3n USB No<\/p>\n","protected":false},"featured_media":7215,"comment_status":"open","ping_status":"closed","template":"","meta":{"_uag_custom_page_level_css":""},"product_brand":[550],"product_cat":[125],"product_tag":[],"class_list":{"0":"post-7221","1":"product","2":"type-product","3":"status-publish","4":"has-post-thumbnail","6":"product_brand-genius","7":"product_cat-teclados-y-mouses","9":"first","10":"instock","11":"sale","12":"taxable","13":"shipping-taxable","14":"purchasable","15":"product-type-simple"},"uagb_featured_image_src":{"full":["https:\/\/rms-enlinea.com.ar\/wp-content\/uploads\/2025\/06\/D_976994-MLU76164007935_052024-F.jpg",692,850,false],"thumbnail":["https:\/\/rms-enlinea.com.ar\/wp-content\/uploads\/2025\/06\/D_976994-MLU76164007935_052024-F-150x150.jpg",150,150,true],"medium":["https:\/\/rms-enlinea.com.ar\/wp-content\/uploads\/2025\/06\/D_976994-MLU76164007935_052024-F-244x300.jpg",244,300,true],"medium_large":["https:\/\/rms-enlinea.com.ar\/wp-content\/uploads\/2025\/06\/D_976994-MLU76164007935_052024-F.jpg",692,850,false],"large":["https:\/\/rms-enlinea.com.ar\/wp-content\/uploads\/2025\/06\/D_976994-MLU76164007935_052024-F.jpg",692,850,false],"1536x1536":["https:\/\/rms-enlinea.com.ar\/wp-content\/uploads\/2025\/06\/D_976994-MLU76164007935_052024-F.jpg",692,850,false],"2048x2048":["https:\/\/rms-enlinea.com.ar\/wp-content\/uploads\/2025\/06\/D_976994-MLU76164007935_052024-F.jpg",692,850,false],"woocommerce_thumbnail":["https:\/\/rms-enlinea.com.ar\/wp-content\/uploads\/2025\/06\/D_976994-MLU76164007935_052024-F-450x450.jpg",450,450,true],"woocommerce_single":["https:\/\/rms-enlinea.com.ar\/wp-content\/uploads\/2025\/06\/D_976994-MLU76164007935_052024-F-600x737.jpg",600,737,true],"woocommerce_gallery_thumbnail":["https:\/\/rms-enlinea.com.ar\/wp-content\/uploads\/2025\/06\/D_976994-MLU76164007935_052024-F-100x100.jpg",100,100,true]},"uagb_author_info":{"display_name":"l0071054","author_link":"https:\/\/rms-enlinea.com.ar\/tienda\/author\/"},"uagb_comment_info":0,"uagb_excerpt":"Modelo Ergo 9000sSKU ergo 9000sEs inal\u00e1mbrico S\u00edCondici\u00f3n del \u00edtem NuevoResoluci\u00f3n del sensor 2400 dpiEs gamer NoTecnolog\u00eda del sensor \u00d3pticoCon Bluetooth S\u00edCon cable NoMarca GeniusCantidad de botones 6Color hampagne TitaniumTipo de mouse ERGONOMICOC\u00f3digo universal de producto 4710268260998Orientaci\u00f3n de la mano DiestroTipo de sensor \u00d3pticoCon conexi\u00f3n USB No","_links":{"self":[{"href":"https:\/\/rms-enlinea.com.ar\/tienda\/wp-json\/wp\/v2\/product\/7221","targetHints":{"allow":["GET"]}}],"collection":[{"href":"https:\/\/rms-enlinea.com.ar\/tienda\/wp-json\/wp\/v2\/product"}],"about":[{"href":"https:\/\/rms-enlinea.com.ar\/tienda\/wp-json\/wp\/v2\/types\/product"}],"replies":[{"embeddable":true,"href":"https:\/\/rms-enlinea.com.ar\/tienda\/wp-json\/wp\/v2\/comments?post=7221"}],"wp:featuredmedia":[{"embeddable":true,"href":"https:\/\/rms-enlinea.com.ar\/tienda\/wp-json\/wp\/v2\/media\/7215"}],"wp:attachment":[{"href":"https:\/\/rms-enlinea.com.ar\/tienda\/wp-json\/wp\/v2\/media?parent=7221"}],"wp:term":[{"taxonomy":"product_brand","embeddable":true,"href":"https:\/\/rms-enlinea.com.ar\/tienda\/wp-json\/wp\/v2\/product_brand?post=7221"},{"taxonomy":"product_cat","embeddable":true,"href":"https:\/\/rms-enlinea.com.ar\/tienda\/wp-json\/wp\/v2\/product_cat?post=7221"},{"taxonomy":"product_tag","embeddable":true,"href":"https:\/\/rms-enlinea.com.ar\/tienda\/wp-json\/wp\/v2\/product_tag?post=7221"}],"curies":[{"name":"wp","href":"https:\/\/api.w.org\/{rel}","templated":true}]}}