{"id":7454,"date":"2025-06-12T04:22:14","date_gmt":"2025-06-12T07:22:14","guid":{"rendered":"https:\/\/rms-enlinea.com.ar\/tienda\/producto\/memoria-microsd-32gb-kingston-canvas-sdcs2-32gb\/"},"modified":"2026-04-21T04:00:45","modified_gmt":"2026-04-21T07:00:45","slug":"memoria-microsd-32gb-kingston-canvas-sdcs2-32gb","status":"publish","type":"product","link":"https:\/\/rms-enlinea.com.ar\/tienda\/producto\/memoria-microsd-32gb-kingston-canvas-sdcs2-32gb\/","title":{"rendered":"Memoria Microsd 32gb Kingston Canvas Sdcs2\/32gb"},"content":{"rendered":"<p>Desde hace m\u00e1s de 30 a\u00f1os, Kingston fabrica productos con la m\u00e1s alta calidad del mercado. Encontrar\u00e1s en esta marca compatibilidad, practicidad y garant\u00eda de por vida. <br \/>Kingston ofrece memorias para servidores, computadoras de escritorio, dispositivos de telecomunicaciones y de redes, estaciones de trabajo, impresoras y hasta electrodom\u00e9sticos digitales y c\u00e1maras.<\/p>\n<p>Optimiz\u00e1 tu espacio y gan\u00e1 tiempo<br \/>Esta tarjeta microSDXC posee un almacenamiento confiable y de gran rendimiento. Ideal para filmar videos de alta resoluci\u00f3n y fotograf\u00edas con alto nivel de detalle. <\/p>\n<p>M\u00e1ximo rendimiento <br \/>Ahorr\u00e1 tiempo gracias a su velocidad clase 10, que posibilita la transferencia de datos de forma r\u00e1pida y efectiva.<\/p>\n<p>Vers\u00e1til y funcional<br \/>\u00a1Usala donde quieras! Su adaptador SD facilita la colocaci\u00f3n de la tarjeta en distintos aparatos electr\u00f3nicos, lo que te permitir\u00e1 intercambiarla y ganar espacio en el equipo que necesites.<\/p>\n<p>Guard\u00e1 tus videos con la m\u00e1xima resoluci\u00f3n<br \/>Gracias a su tecnolog\u00eda avanzada vas a poder registrar videos en Full HD. Disfrut\u00e1 de cada momento de filmaci\u00f3n, sin preocuparte por su calidad de almacenaje.<\/p>\n","protected":false},"excerpt":{"rendered":"<p>Desde hace m\u00e1s de 30 a\u00f1os, Kingston fabrica productos con la m\u00e1s alta calidad del mercado. Encontrar\u00e1s en esta marca compatibilidad, practicidad y garant\u00eda de por vida. Kingston ofrece memorias para servidores, computadoras de escritorio, dispositivos de telecomunicaciones y de redes, estaciones de trabajo, impresoras y hasta electrodom\u00e9sticos digitales y c\u00e1maras. Optimiz\u00e1 tu espacio y [&hellip;]<\/p>\n","protected":false},"featured_media":7455,"comment_status":"open","ping_status":"closed","template":"","meta":{"_uag_custom_page_level_css":""},"product_brand":[556],"product_cat":[112],"product_tag":[],"class_list":{"0":"post-7454","1":"product","2":"type-product","3":"status-publish","4":"has-post-thumbnail","6":"product_brand-kingston","7":"product_cat-mamorias","9":"first","10":"outofstock","11":"sale","12":"taxable","13":"shipping-taxable","14":"purchasable","15":"product-type-simple"},"uagb_featured_image_src":{"full":["https:\/\/rms-enlinea.com.ar\/wp-content\/uploads\/2025\/06\/D_969657-MLA54076823534_022023-F.jpg",1200,1039,false],"thumbnail":["https:\/\/rms-enlinea.com.ar\/wp-content\/uploads\/2025\/06\/D_969657-MLA54076823534_022023-F-150x150.jpg",150,150,true],"medium":["https:\/\/rms-enlinea.com.ar\/wp-content\/uploads\/2025\/06\/D_969657-MLA54076823534_022023-F-300x260.jpg",300,260,true],"medium_large":["https:\/\/rms-enlinea.com.ar\/wp-content\/uploads\/2025\/06\/D_969657-MLA54076823534_022023-F-768x665.jpg",768,665,true],"large":["https:\/\/rms-enlinea.com.ar\/wp-content\/uploads\/2025\/06\/D_969657-MLA54076823534_022023-F-1024x887.jpg",1024,887,true],"1536x1536":["https:\/\/rms-enlinea.com.ar\/wp-content\/uploads\/2025\/06\/D_969657-MLA54076823534_022023-F.jpg",1200,1039,false],"2048x2048":["https:\/\/rms-enlinea.com.ar\/wp-content\/uploads\/2025\/06\/D_969657-MLA54076823534_022023-F.jpg",1200,1039,false],"woocommerce_thumbnail":["https:\/\/rms-enlinea.com.ar\/wp-content\/uploads\/2025\/06\/D_969657-MLA54076823534_022023-F-450x450.jpg",450,450,true],"woocommerce_single":["https:\/\/rms-enlinea.com.ar\/wp-content\/uploads\/2025\/06\/D_969657-MLA54076823534_022023-F-600x520.jpg",600,520,true],"woocommerce_gallery_thumbnail":["https:\/\/rms-enlinea.com.ar\/wp-content\/uploads\/2025\/06\/D_969657-MLA54076823534_022023-F-100x100.jpg",100,100,true]},"uagb_author_info":{"display_name":"l0071054","author_link":"https:\/\/rms-enlinea.com.ar\/tienda\/author\/"},"uagb_comment_info":0,"uagb_excerpt":"Desde hace m\u00e1s de 30 a\u00f1os, Kingston fabrica productos con la m\u00e1s alta calidad del mercado. Encontrar\u00e1s en esta marca compatibilidad, practicidad y garant\u00eda de por vida. Kingston ofrece memorias para servidores, computadoras de escritorio, dispositivos de telecomunicaciones y de redes, estaciones de trabajo, impresoras y hasta electrodom\u00e9sticos digitales y c\u00e1maras. Optimiz\u00e1 tu espacio y&hellip;","_links":{"self":[{"href":"https:\/\/rms-enlinea.com.ar\/tienda\/wp-json\/wp\/v2\/product\/7454","targetHints":{"allow":["GET"]}}],"collection":[{"href":"https:\/\/rms-enlinea.com.ar\/tienda\/wp-json\/wp\/v2\/product"}],"about":[{"href":"https:\/\/rms-enlinea.com.ar\/tienda\/wp-json\/wp\/v2\/types\/product"}],"replies":[{"embeddable":true,"href":"https:\/\/rms-enlinea.com.ar\/tienda\/wp-json\/wp\/v2\/comments?post=7454"}],"wp:featuredmedia":[{"embeddable":true,"href":"https:\/\/rms-enlinea.com.ar\/tienda\/wp-json\/wp\/v2\/media\/7455"}],"wp:attachment":[{"href":"https:\/\/rms-enlinea.com.ar\/tienda\/wp-json\/wp\/v2\/media?parent=7454"}],"wp:term":[{"taxonomy":"product_brand","embeddable":true,"href":"https:\/\/rms-enlinea.com.ar\/tienda\/wp-json\/wp\/v2\/product_brand?post=7454"},{"taxonomy":"product_cat","embeddable":true,"href":"https:\/\/rms-enlinea.com.ar\/tienda\/wp-json\/wp\/v2\/product_cat?post=7454"},{"taxonomy":"product_tag","embeddable":true,"href":"https:\/\/rms-enlinea.com.ar\/tienda\/wp-json\/wp\/v2\/product_tag?post=7454"}],"curies":[{"name":"wp","href":"https:\/\/api.w.org\/{rel}","templated":true}]}}