{"id":7847,"date":"2025-06-12T04:29:32","date_gmt":"2025-06-12T07:29:32","guid":{"rendered":"https:\/\/rms-enlinea.com.ar\/tienda\/producto\/ficha-speakon-2-contactos-cable-amphenol-sp-2-fl\/"},"modified":"2026-02-18T21:13:21","modified_gmt":"2026-02-19T00:13:21","slug":"ficha-speakon-2-contactos-cable-amphenol-sp-2-fl","status":"publish","type":"product","link":"https:\/\/rms-enlinea.com.ar\/tienda\/producto\/ficha-speakon-2-contactos-cable-amphenol-sp-2-fl\/","title":{"rendered":"Ficha Speakon 2 Contactos Cable Amphenol Sp-2-fl"},"content":{"rendered":"<p>TIPO DE PRODUCTO: CONECTORES<br \/>TIPO: SPEAKON CABLE<br \/>N\u00daMERO DE PINES: 2<br \/>DI\u00c1METRO DEL CABLE: 6 A 10 MM<br \/>CONTACTOS: PLATEADOS<br \/>TIPO DE CONEXI\u00d3N CONTACTO ATORNILLADO<br \/>CARCASA: PLASTICA<br \/>ALIVIADOR DE TENSION<br \/>TRABA METALICA<\/p>\n","protected":false},"excerpt":{"rendered":"<p>TIPO DE PRODUCTO: CONECTORESTIPO: SPEAKON CABLEN\u00daMERO DE PINES: 2DI\u00c1METRO DEL CABLE: 6 A 10 MMCONTACTOS: PLATEADOSTIPO DE CONEXI\u00d3N CONTACTO ATORNILLADOCARCASA: PLASTICAALIVIADOR DE TENSIONTRABA METALICA<\/p>\n","protected":false},"featured_media":7848,"comment_status":"open","ping_status":"closed","template":"","meta":{"_uag_custom_page_level_css":""},"product_brand":[487],"product_cat":[58,86],"product_tag":[],"class_list":{"0":"post-7847","1":"product","2":"type-product","3":"status-publish","4":"has-post-thumbnail","6":"product_brand-amphenol","7":"product_cat-conectores-fichas-y-adaptadores","8":"product_cat-onectores-fichas-y-adaptadores","10":"first","11":"outofstock","12":"sale","13":"taxable","14":"shipping-taxable","15":"purchasable","16":"product-type-simple"},"uagb_featured_image_src":{"full":["https:\/\/rms-enlinea.com.ar\/wp-content\/uploads\/2025\/06\/D_789674-MLA32902783536_112019-F.jpg",828,410,false],"thumbnail":["https:\/\/rms-enlinea.com.ar\/wp-content\/uploads\/2025\/06\/D_789674-MLA32902783536_112019-F-150x150.jpg",150,150,true],"medium":["https:\/\/rms-enlinea.com.ar\/wp-content\/uploads\/2025\/06\/D_789674-MLA32902783536_112019-F-300x149.jpg",300,149,true],"medium_large":["https:\/\/rms-enlinea.com.ar\/wp-content\/uploads\/2025\/06\/D_789674-MLA32902783536_112019-F-768x380.jpg",768,380,true],"large":["https:\/\/rms-enlinea.com.ar\/wp-content\/uploads\/2025\/06\/D_789674-MLA32902783536_112019-F.jpg",828,410,false],"1536x1536":["https:\/\/rms-enlinea.com.ar\/wp-content\/uploads\/2025\/06\/D_789674-MLA32902783536_112019-F.jpg",828,410,false],"2048x2048":["https:\/\/rms-enlinea.com.ar\/wp-content\/uploads\/2025\/06\/D_789674-MLA32902783536_112019-F.jpg",828,410,false],"woocommerce_thumbnail":["https:\/\/rms-enlinea.com.ar\/wp-content\/uploads\/2025\/06\/D_789674-MLA32902783536_112019-F-450x410.jpg",450,410,true],"woocommerce_single":["https:\/\/rms-enlinea.com.ar\/wp-content\/uploads\/2025\/06\/D_789674-MLA32902783536_112019-F-600x297.jpg",600,297,true],"woocommerce_gallery_thumbnail":["https:\/\/rms-enlinea.com.ar\/wp-content\/uploads\/2025\/06\/D_789674-MLA32902783536_112019-F-100x100.jpg",100,100,true]},"uagb_author_info":{"display_name":"l0071054","author_link":"https:\/\/rms-enlinea.com.ar\/tienda\/author\/"},"uagb_comment_info":0,"uagb_excerpt":"TIPO DE PRODUCTO: CONECTORESTIPO: SPEAKON CABLEN\u00daMERO DE PINES: 2DI\u00c1METRO DEL CABLE: 6 A 10 MMCONTACTOS: PLATEADOSTIPO DE CONEXI\u00d3N CONTACTO ATORNILLADOCARCASA: PLASTICAALIVIADOR DE TENSIONTRABA METALICA","_links":{"self":[{"href":"https:\/\/rms-enlinea.com.ar\/tienda\/wp-json\/wp\/v2\/product\/7847","targetHints":{"allow":["GET"]}}],"collection":[{"href":"https:\/\/rms-enlinea.com.ar\/tienda\/wp-json\/wp\/v2\/product"}],"about":[{"href":"https:\/\/rms-enlinea.com.ar\/tienda\/wp-json\/wp\/v2\/types\/product"}],"replies":[{"embeddable":true,"href":"https:\/\/rms-enlinea.com.ar\/tienda\/wp-json\/wp\/v2\/comments?post=7847"}],"wp:featuredmedia":[{"embeddable":true,"href":"https:\/\/rms-enlinea.com.ar\/tienda\/wp-json\/wp\/v2\/media\/7848"}],"wp:attachment":[{"href":"https:\/\/rms-enlinea.com.ar\/tienda\/wp-json\/wp\/v2\/media?parent=7847"}],"wp:term":[{"taxonomy":"product_brand","embeddable":true,"href":"https:\/\/rms-enlinea.com.ar\/tienda\/wp-json\/wp\/v2\/product_brand?post=7847"},{"taxonomy":"product_cat","embeddable":true,"href":"https:\/\/rms-enlinea.com.ar\/tienda\/wp-json\/wp\/v2\/product_cat?post=7847"},{"taxonomy":"product_tag","embeddable":true,"href":"https:\/\/rms-enlinea.com.ar\/tienda\/wp-json\/wp\/v2\/product_tag?post=7847"}],"curies":[{"name":"wp","href":"https:\/\/api.w.org\/{rel}","templated":true}]}}