{"id":7991,"date":"2025-06-12T04:32:22","date_gmt":"2025-06-12T07:32:22","guid":{"rendered":"https:\/\/rms-enlinea.com.ar\/tienda\/producto\/webcan-trust-trino-hd-720p-usb-8mpx-microfono-camara-web\/"},"modified":"2026-04-06T13:39:31","modified_gmt":"2026-04-06T16:39:31","slug":"webcan-trust-trino-hd-720p-usb-8mpx-microfono-camara-web","status":"publish","type":"product","link":"https:\/\/rms-enlinea.com.ar\/tienda\/producto\/webcan-trust-trino-hd-720p-usb-8mpx-microfono-camara-web\/","title":{"rendered":"Webcan Trust Trino Hd 720p Usb 8mpx Microfono Camara Web"},"content":{"rendered":"<p>Caracter\u00edsticas<br \/>Tr\u00edpode incluido<br \/>No<br \/>Software<br \/>S\u00ed<br \/>Tama\u00f1o y peso<br \/>Peso total<br \/>88 gramos<br \/>Profundidad del producto principal (en mm)<br \/>62 mil\u00edmetros<br \/>Ancho del producto principal (en mm)<br \/>70 mil\u00edmetros<br \/>Altura del producto principal (en mm)<br \/>81mm<br \/>Instalaci\u00f3n<br \/>Plug &#038; Play<br \/>S\u00ed<br \/>Se necesita conductor<br \/>No<br \/>Sensor<br \/>Resoluci\u00f3n del sensor<br \/>1280&#215;720<br \/>Conectividad<br \/>versi\u00f3n USB<br \/>2.0<br \/>Longitud del cable cable principal<br \/>143cm<br \/>Audio<br \/>Micr\u00f3fono incorporado<br \/>S\u00ed<br \/>Tipo de micr\u00f3fono<br \/>mononucleosis infecciosa<br \/>Im\u00e1genes<br \/>Material de la lente<br \/>Est\u00e1ndar<br \/>Frecuencia de imagen m\u00e1xima<br \/>30 fps<br \/>Resoluci\u00f3n de imagen fija<br \/>1280&#215;720<br \/>Resoluci\u00f3n de video<br \/>1280&#215;720<br \/>Bot\u00f3n de instant\u00e1nea<br \/>S\u00ed<br \/>\u00c1ngulo de visi\u00f3n<br \/>52 grados<br \/>Campo de visi\u00f3n diagonal<br \/>60 grados<br \/>balance de blancos autom\u00e1tico<br \/>S\u00ed<br \/>Seguimiento de la cara<br \/>S\u00ed<br \/>Enfoque autom\u00e1tico<br \/>No<br \/>Tipo de enfoque<br \/>foco fijo<br \/>Tipo de zoom<br \/>digital<br \/>Detecci\u00f3n de movimiento<br \/>No<br \/>Modo privado<br \/>No<br \/>Encendiendo<br \/>Luces<br \/>No<br \/>Compatibilidad<br \/>Tipos de dispositivos compatibles<br \/>ordenador personal, computadora port\u00e1til<br \/>Plataformas de software compatibles<br \/>Windows, MacOS<\/p>\n","protected":false},"excerpt":{"rendered":"<p>Caracter\u00edsticasTr\u00edpode incluidoNoSoftwareS\u00edTama\u00f1o y pesoPeso total88 gramosProfundidad del producto principal (en mm)62 mil\u00edmetrosAncho del producto principal (en mm)70 mil\u00edmetrosAltura del producto principal (en mm)81mmInstalaci\u00f3nPlug &#038; PlayS\u00edSe necesita conductorNoSensorResoluci\u00f3n del sensor1280&#215;720Conectividadversi\u00f3n USB2.0Longitud del cable cable principal143cmAudioMicr\u00f3fono incorporadoS\u00edTipo de micr\u00f3fonomononucleosis infecciosaIm\u00e1genesMaterial de la lenteEst\u00e1ndarFrecuencia de imagen m\u00e1xima30 fpsResoluci\u00f3n de imagen fija1280&#215;720Resoluci\u00f3n de video1280&#215;720Bot\u00f3n de instant\u00e1neaS\u00ed\u00c1ngulo de visi\u00f3n52 gradosCampo [&hellip;]<\/p>\n","protected":false},"featured_media":7992,"comment_status":"open","ping_status":"closed","template":"","meta":{"_uag_custom_page_level_css":""},"product_brand":[542],"product_cat":[102],"product_tag":[],"class_list":{"0":"post-7991","1":"product","2":"type-product","3":"status-publish","4":"has-post-thumbnail","6":"product_brand-trustgaming","7":"product_cat-camaras-webcam","9":"first","10":"outofstock","11":"sale","12":"taxable","13":"shipping-taxable","14":"purchasable","15":"product-type-simple"},"uagb_featured_image_src":{"full":["https:\/\/rms-enlinea.com.ar\/wp-content\/uploads\/2025\/06\/D_836564-MLA76164112933_052024-F.jpg",899,1200,false],"thumbnail":["https:\/\/rms-enlinea.com.ar\/wp-content\/uploads\/2025\/06\/D_836564-MLA76164112933_052024-F-150x150.jpg",150,150,true],"medium":["https:\/\/rms-enlinea.com.ar\/wp-content\/uploads\/2025\/06\/D_836564-MLA76164112933_052024-F-225x300.jpg",225,300,true],"medium_large":["https:\/\/rms-enlinea.com.ar\/wp-content\/uploads\/2025\/06\/D_836564-MLA76164112933_052024-F-768x1025.jpg",768,1025,true],"large":["https:\/\/rms-enlinea.com.ar\/wp-content\/uploads\/2025\/06\/D_836564-MLA76164112933_052024-F-767x1024.jpg",767,1024,true],"1536x1536":["https:\/\/rms-enlinea.com.ar\/wp-content\/uploads\/2025\/06\/D_836564-MLA76164112933_052024-F.jpg",899,1200,false],"2048x2048":["https:\/\/rms-enlinea.com.ar\/wp-content\/uploads\/2025\/06\/D_836564-MLA76164112933_052024-F.jpg",899,1200,false],"woocommerce_thumbnail":["https:\/\/rms-enlinea.com.ar\/wp-content\/uploads\/2025\/06\/D_836564-MLA76164112933_052024-F-450x450.jpg",450,450,true],"woocommerce_single":["https:\/\/rms-enlinea.com.ar\/wp-content\/uploads\/2025\/06\/D_836564-MLA76164112933_052024-F-600x801.jpg",600,801,true],"woocommerce_gallery_thumbnail":["https:\/\/rms-enlinea.com.ar\/wp-content\/uploads\/2025\/06\/D_836564-MLA76164112933_052024-F-100x100.jpg",100,100,true]},"uagb_author_info":{"display_name":"l0071054","author_link":"https:\/\/rms-enlinea.com.ar\/tienda\/author\/"},"uagb_comment_info":0,"uagb_excerpt":"Caracter\u00edsticasTr\u00edpode incluidoNoSoftwareS\u00edTama\u00f1o y pesoPeso total88 gramosProfundidad del producto principal (en mm)62 mil\u00edmetrosAncho del producto principal (en mm)70 mil\u00edmetrosAltura del producto principal (en mm)81mmInstalaci\u00f3nPlug &#038; PlayS\u00edSe necesita conductorNoSensorResoluci\u00f3n del sensor1280&#215;720Conectividadversi\u00f3n USB2.0Longitud del cable cable principal143cmAudioMicr\u00f3fono incorporadoS\u00edTipo de micr\u00f3fonomononucleosis infecciosaIm\u00e1genesMaterial de la lenteEst\u00e1ndarFrecuencia de imagen m\u00e1xima30 fpsResoluci\u00f3n de imagen fija1280&#215;720Resoluci\u00f3n de video1280&#215;720Bot\u00f3n de instant\u00e1neaS\u00ed\u00c1ngulo de visi\u00f3n52 gradosCampo&hellip;","_links":{"self":[{"href":"https:\/\/rms-enlinea.com.ar\/tienda\/wp-json\/wp\/v2\/product\/7991","targetHints":{"allow":["GET"]}}],"collection":[{"href":"https:\/\/rms-enlinea.com.ar\/tienda\/wp-json\/wp\/v2\/product"}],"about":[{"href":"https:\/\/rms-enlinea.com.ar\/tienda\/wp-json\/wp\/v2\/types\/product"}],"replies":[{"embeddable":true,"href":"https:\/\/rms-enlinea.com.ar\/tienda\/wp-json\/wp\/v2\/comments?post=7991"}],"wp:featuredmedia":[{"embeddable":true,"href":"https:\/\/rms-enlinea.com.ar\/tienda\/wp-json\/wp\/v2\/media\/7992"}],"wp:attachment":[{"href":"https:\/\/rms-enlinea.com.ar\/tienda\/wp-json\/wp\/v2\/media?parent=7991"}],"wp:term":[{"taxonomy":"product_brand","embeddable":true,"href":"https:\/\/rms-enlinea.com.ar\/tienda\/wp-json\/wp\/v2\/product_brand?post=7991"},{"taxonomy":"product_cat","embeddable":true,"href":"https:\/\/rms-enlinea.com.ar\/tienda\/wp-json\/wp\/v2\/product_cat?post=7991"},{"taxonomy":"product_tag","embeddable":true,"href":"https:\/\/rms-enlinea.com.ar\/tienda\/wp-json\/wp\/v2\/product_tag?post=7991"}],"curies":[{"name":"wp","href":"https:\/\/api.w.org\/{rel}","templated":true}]}}