{"id":8054,"date":"2025-06-12T04:33:45","date_gmt":"2025-06-12T07:33:45","guid":{"rendered":"https:\/\/rms-enlinea.com.ar\/tienda\/producto\/consola-dmx-tecshow-navigator-24-mkii-24-faders-48-chases\/"},"modified":"2026-03-26T10:02:12","modified_gmt":"2026-03-26T13:02:12","slug":"consola-dmx-tecshow-navigator-24-mkii-24-faders-48-chases","status":"publish","type":"product","link":"https:\/\/rms-enlinea.com.ar\/tienda\/producto\/consola-dmx-tecshow-navigator-24-mkii-24-faders-48-chases\/","title":{"rendered":"Consola Dmx Tecshow Navigator 24 Mkii 24 Faders 48 Chases"},"content":{"rendered":"<p>Navigator 24 MKII es una consola DMX para luces fijas de 24 canales, con 24 faders y una interfaz dise\u00f1ada para darle dinamismo a la programaci\u00f3n y reproducci\u00f3n. El controlador cuenta con 48 chases, 4580 escenas, un bot\u00f3n dedicado para la m\u00e1quina de humo y una funci\u00f3n para pasar a control manual un canal durante la ejecuci\u00f3n del chase. Navigator 24 MKII es una consola ideal para aplicaciones m\u00f3viles de peque\u00f1a y mediana escala, contando con variaci\u00f3n de velocidad, tiempo de fade y dos master faders para controlar la salida general y el chase de forma separada.<\/p>\n<p>Interface<br \/>Display de 3 segmentos 24 faders individuales Bot\u00f3n directo para realizaci\u00f3n de Blackout Bot\u00f3n directo para maquina de humo Faders para velocidad y tiempo de fade Fader para controlar la sensibilidad del audio entrante 2 Master faders: Uno para el control general y otro del chase Bot\u00f3n de Tap Sync Bot\u00f3n Full On: 100% intensidad en todos los canales Bot\u00f3n Blind: Apaga el canal durante la ejecuci\u00f3n del chase Bot\u00f3n audio: Activa el modo audioritmico Operaci\u00f3n en 2 escenas<br \/>Caracter\u00edsticas<br \/>24 canales DMX 4580 escenas programables 48 chases programables Funci\u00f3n Solo Control de velocidad Entrada para m\u00e1quina de humo &#038; bot\u00f3n de disparo Override manual Selector de polaridad DMX Funci\u00f3n Blind para sAltear chases durante la reproducci\u00f3n Modo audioritmico optimizado con entrada de l\u00ednea y micr\u00f3fono incorporado Controlable via MIDI<br \/>Conectores<br \/>1 conector XLR-3 de salida DMX 1 USB 3 conectores MIDI (entrada\/salida\/thru) 1 conector DIN para maquina de humo 1 conector TRS 1\/4&#8243; para control remoto 1 conector TRS 1\/4&#8243; para entrada de audio 1 conector de alimentaci\u00f3n<br \/>F\u00edsico<br \/>Dimensiones: 482x264x85 mm. \/ 19&#215;10,4&#215;3,3 pulg. Peso 4,6 kg. \/ 10,1 lbs.<\/p>\n","protected":false},"excerpt":{"rendered":"<p>Navigator 24 MKII es una consola DMX para luces fijas de 24 canales, con 24 faders y una interfaz dise\u00f1ada para darle dinamismo a la programaci\u00f3n y reproducci\u00f3n. El controlador cuenta con 48 chases, 4580 escenas, un bot\u00f3n dedicado para la m\u00e1quina de humo y una funci\u00f3n para pasar a control manual un canal durante [&hellip;]<\/p>\n","protected":false},"featured_media":8055,"comment_status":"open","ping_status":"closed","template":"","meta":{"_uag_custom_page_level_css":""},"product_brand":[],"product_cat":[87],"product_tag":[],"class_list":{"0":"post-8054","1":"product","2":"type-product","3":"status-publish","4":"has-post-thumbnail","6":"product_cat-consolas-y-controladoras-dmx","8":"first","9":"instock","10":"sale","11":"taxable","12":"shipping-taxable","13":"purchasable","14":"product-type-simple"},"uagb_featured_image_src":{"full":["https:\/\/rms-enlinea.com.ar\/wp-content\/uploads\/2025\/06\/D_693332-MLA79145428862_092024-F.jpg",1067,492,false],"thumbnail":["https:\/\/rms-enlinea.com.ar\/wp-content\/uploads\/2025\/06\/D_693332-MLA79145428862_092024-F-150x150.jpg",150,150,true],"medium":["https:\/\/rms-enlinea.com.ar\/wp-content\/uploads\/2025\/06\/D_693332-MLA79145428862_092024-F-300x138.jpg",300,138,true],"medium_large":["https:\/\/rms-enlinea.com.ar\/wp-content\/uploads\/2025\/06\/D_693332-MLA79145428862_092024-F-768x354.jpg",768,354,true],"large":["https:\/\/rms-enlinea.com.ar\/wp-content\/uploads\/2025\/06\/D_693332-MLA79145428862_092024-F-1024x472.jpg",1024,472,true],"1536x1536":["https:\/\/rms-enlinea.com.ar\/wp-content\/uploads\/2025\/06\/D_693332-MLA79145428862_092024-F.jpg",1067,492,false],"2048x2048":["https:\/\/rms-enlinea.com.ar\/wp-content\/uploads\/2025\/06\/D_693332-MLA79145428862_092024-F.jpg",1067,492,false],"woocommerce_thumbnail":["https:\/\/rms-enlinea.com.ar\/wp-content\/uploads\/2025\/06\/D_693332-MLA79145428862_092024-F-450x450.jpg",450,450,true],"woocommerce_single":["https:\/\/rms-enlinea.com.ar\/wp-content\/uploads\/2025\/06\/D_693332-MLA79145428862_092024-F-600x277.jpg",600,277,true],"woocommerce_gallery_thumbnail":["https:\/\/rms-enlinea.com.ar\/wp-content\/uploads\/2025\/06\/D_693332-MLA79145428862_092024-F-100x100.jpg",100,100,true]},"uagb_author_info":{"display_name":"l0071054","author_link":"https:\/\/rms-enlinea.com.ar\/tienda\/author\/"},"uagb_comment_info":0,"uagb_excerpt":"Navigator 24 MKII es una consola DMX para luces fijas de 24 canales, con 24 faders y una interfaz dise\u00f1ada para darle dinamismo a la programaci\u00f3n y reproducci\u00f3n. El controlador cuenta con 48 chases, 4580 escenas, un bot\u00f3n dedicado para la m\u00e1quina de humo y una funci\u00f3n para pasar a control manual un canal durante&hellip;","_links":{"self":[{"href":"https:\/\/rms-enlinea.com.ar\/tienda\/wp-json\/wp\/v2\/product\/8054","targetHints":{"allow":["GET"]}}],"collection":[{"href":"https:\/\/rms-enlinea.com.ar\/tienda\/wp-json\/wp\/v2\/product"}],"about":[{"href":"https:\/\/rms-enlinea.com.ar\/tienda\/wp-json\/wp\/v2\/types\/product"}],"replies":[{"embeddable":true,"href":"https:\/\/rms-enlinea.com.ar\/tienda\/wp-json\/wp\/v2\/comments?post=8054"}],"wp:featuredmedia":[{"embeddable":true,"href":"https:\/\/rms-enlinea.com.ar\/tienda\/wp-json\/wp\/v2\/media\/8055"}],"wp:attachment":[{"href":"https:\/\/rms-enlinea.com.ar\/tienda\/wp-json\/wp\/v2\/media?parent=8054"}],"wp:term":[{"taxonomy":"product_brand","embeddable":true,"href":"https:\/\/rms-enlinea.com.ar\/tienda\/wp-json\/wp\/v2\/product_brand?post=8054"},{"taxonomy":"product_cat","embeddable":true,"href":"https:\/\/rms-enlinea.com.ar\/tienda\/wp-json\/wp\/v2\/product_cat?post=8054"},{"taxonomy":"product_tag","embeddable":true,"href":"https:\/\/rms-enlinea.com.ar\/tienda\/wp-json\/wp\/v2\/product_tag?post=8054"}],"curies":[{"name":"wp","href":"https:\/\/api.w.org\/{rel}","templated":true}]}}