{"id":8057,"date":"2025-06-12T04:33:51","date_gmt":"2025-06-12T07:33:51","guid":{"rendered":"https:\/\/rms-enlinea.com.ar\/tienda\/producto\/consola-dmx-tecshow-navigator-48-mkii-48-faders-96-chases\/"},"modified":"2026-02-20T22:14:13","modified_gmt":"2026-02-21T01:14:13","slug":"consola-dmx-tecshow-navigator-48-mkii-48-faders-96-chases","status":"publish","type":"product","link":"https:\/\/rms-enlinea.com.ar\/tienda\/producto\/consola-dmx-tecshow-navigator-48-mkii-48-faders-96-chases\/","title":{"rendered":"Consola Dmx Tecshow Navigator 48 Mkii 48 Faders 96 Chases"},"content":{"rendered":"<p>Navigator 48 MKII es una consola DMX para luces fijas de 48 canales, con 48 faders y una interfaz dise\u00f1ada para darle dinamismo a la programaci\u00f3n y reproducci\u00f3n. El controlador cuenta con 96 chases, 4580 escenas, un bot\u00f3n dedicado para la m\u00e1quina de humo y una funci\u00f3n para pasar a control manual un canal durante la ejecuci\u00f3n del chase. Navigator 48 MKII es una consola ideal para aplicaciones m\u00f3viles de mediana escala, contando con variaci\u00f3n de velocidad, tiempo de fade y dos master faders para controlar la salida general y el chase de forma separada.<\/p>\n<p>Interface<br \/>Display de 3 segmentos 48 faders individuales Bot\u00f3n directo para realizaci\u00f3n de Blackout Bot\u00f3n directo para maquina de humo Faders para velocidad y tiempo de fade Fader para controlar la sensibilidad del audio entrante 2 Master faders: Uno para el control general y otro del chase Bot\u00f3n de Tap Sync Bot\u00f3n Full On: 100% intensidad en todos los canales Bot\u00f3n Blind: Apaga el canal durante la ejecuci\u00f3n del chase Bot\u00f3n Audio: Activa el modo audioritmico Operaci\u00f3n en 2 escenas<br \/>Caracter\u00edsticas<br \/>48 canales DMX 4580 escenas programables 96 chases programables Funci\u00f3n Solo Control de velocidad Entrada para m\u00e1quina de humo &#038; bot\u00f3n de disparo Override manual Selector de polaridad DMX Funci\u00f3n Blind para sAltear chases durante la reproducci\u00f3n Modo audioritmico optimizado con entrada de l\u00ednea y micr\u00f3fono incorporado Controlable via MIDI<br \/>Conectores<br \/>1 conector XLR-3 de salida DMX 1 USB 3 conectores MIDI (entrada\/salida\/thru) 1 conector DIN para maquina de humo 1 conector TRS 1\/4&#8243; para control remoto 1 conector TRS 1\/4&#8243; para entrada de audio 1 conector de alimentaci\u00f3n<br \/>F\u00edsico<br \/>Dimensiones: 711x264x85 mm. \/ 28&#215;10,4&#215;3,3 pulg. Peso 7,2 kg. \/ 15,8 lbs.<\/p>\n","protected":false},"excerpt":{"rendered":"<p>Navigator 48 MKII es una consola DMX para luces fijas de 48 canales, con 48 faders y una interfaz dise\u00f1ada para darle dinamismo a la programaci\u00f3n y reproducci\u00f3n. El controlador cuenta con 96 chases, 4580 escenas, un bot\u00f3n dedicado para la m\u00e1quina de humo y una funci\u00f3n para pasar a control manual un canal durante [&hellip;]<\/p>\n","protected":false},"featured_media":8058,"comment_status":"open","ping_status":"closed","template":"","meta":{"_uag_custom_page_level_css":""},"product_brand":[],"product_cat":[87],"product_tag":[],"class_list":{"0":"post-8057","1":"product","2":"type-product","3":"status-publish","4":"has-post-thumbnail","6":"product_cat-consolas-y-controladoras-dmx","8":"first","9":"instock","10":"sale","11":"taxable","12":"shipping-taxable","13":"purchasable","14":"product-type-simple"},"uagb_featured_image_src":{"full":["https:\/\/rms-enlinea.com.ar\/wp-content\/uploads\/2025\/06\/D_904941-MLA79381516799_092024-F.jpg",1074,488,false],"thumbnail":["https:\/\/rms-enlinea.com.ar\/wp-content\/uploads\/2025\/06\/D_904941-MLA79381516799_092024-F-150x150.jpg",150,150,true],"medium":["https:\/\/rms-enlinea.com.ar\/wp-content\/uploads\/2025\/06\/D_904941-MLA79381516799_092024-F-300x136.jpg",300,136,true],"medium_large":["https:\/\/rms-enlinea.com.ar\/wp-content\/uploads\/2025\/06\/D_904941-MLA79381516799_092024-F-768x349.jpg",768,349,true],"large":["https:\/\/rms-enlinea.com.ar\/wp-content\/uploads\/2025\/06\/D_904941-MLA79381516799_092024-F-1024x465.jpg",1024,465,true],"1536x1536":["https:\/\/rms-enlinea.com.ar\/wp-content\/uploads\/2025\/06\/D_904941-MLA79381516799_092024-F.jpg",1074,488,false],"2048x2048":["https:\/\/rms-enlinea.com.ar\/wp-content\/uploads\/2025\/06\/D_904941-MLA79381516799_092024-F.jpg",1074,488,false],"woocommerce_thumbnail":["https:\/\/rms-enlinea.com.ar\/wp-content\/uploads\/2025\/06\/D_904941-MLA79381516799_092024-F-450x450.jpg",450,450,true],"woocommerce_single":["https:\/\/rms-enlinea.com.ar\/wp-content\/uploads\/2025\/06\/D_904941-MLA79381516799_092024-F-600x273.jpg",600,273,true],"woocommerce_gallery_thumbnail":["https:\/\/rms-enlinea.com.ar\/wp-content\/uploads\/2025\/06\/D_904941-MLA79381516799_092024-F-100x100.jpg",100,100,true]},"uagb_author_info":{"display_name":"l0071054","author_link":"https:\/\/rms-enlinea.com.ar\/tienda\/author\/"},"uagb_comment_info":0,"uagb_excerpt":"Navigator 48 MKII es una consola DMX para luces fijas de 48 canales, con 48 faders y una interfaz dise\u00f1ada para darle dinamismo a la programaci\u00f3n y reproducci\u00f3n. El controlador cuenta con 96 chases, 4580 escenas, un bot\u00f3n dedicado para la m\u00e1quina de humo y una funci\u00f3n para pasar a control manual un canal durante&hellip;","_links":{"self":[{"href":"https:\/\/rms-enlinea.com.ar\/tienda\/wp-json\/wp\/v2\/product\/8057","targetHints":{"allow":["GET"]}}],"collection":[{"href":"https:\/\/rms-enlinea.com.ar\/tienda\/wp-json\/wp\/v2\/product"}],"about":[{"href":"https:\/\/rms-enlinea.com.ar\/tienda\/wp-json\/wp\/v2\/types\/product"}],"replies":[{"embeddable":true,"href":"https:\/\/rms-enlinea.com.ar\/tienda\/wp-json\/wp\/v2\/comments?post=8057"}],"wp:featuredmedia":[{"embeddable":true,"href":"https:\/\/rms-enlinea.com.ar\/tienda\/wp-json\/wp\/v2\/media\/8058"}],"wp:attachment":[{"href":"https:\/\/rms-enlinea.com.ar\/tienda\/wp-json\/wp\/v2\/media?parent=8057"}],"wp:term":[{"taxonomy":"product_brand","embeddable":true,"href":"https:\/\/rms-enlinea.com.ar\/tienda\/wp-json\/wp\/v2\/product_brand?post=8057"},{"taxonomy":"product_cat","embeddable":true,"href":"https:\/\/rms-enlinea.com.ar\/tienda\/wp-json\/wp\/v2\/product_cat?post=8057"},{"taxonomy":"product_tag","embeddable":true,"href":"https:\/\/rms-enlinea.com.ar\/tienda\/wp-json\/wp\/v2\/product_tag?post=8057"}],"curies":[{"name":"wp","href":"https:\/\/api.w.org\/{rel}","templated":true}]}}