{"id":8106,"date":"2025-06-12T04:34:43","date_gmt":"2025-06-12T07:34:43","guid":{"rendered":"https:\/\/rms-enlinea.com.ar\/tienda\/producto\/mouse-inalambrico-logitech-m650-bt-blanco-910-006252\/"},"modified":"2026-03-20T13:30:52","modified_gmt":"2026-03-20T16:30:52","slug":"mouse-inalambrico-logitech-m650-bt-blanco-910-006252","status":"publish","type":"product","link":"https:\/\/rms-enlinea.com.ar\/tienda\/producto\/mouse-inalambrico-logitech-m650-bt-blanco-910-006252\/","title":{"rendered":"Mouse Inalambrico Logitech M650 Bt Blanco 910-006252"},"content":{"rendered":"<p>Dimensions<br \/>Altura: 107,19 mm<br \/>Ancho: 61,80 mm<br \/>Profundidad: 37,8 mm<br \/>Peso: 101,2 g<br \/>Technical Specifications<br \/>Tecnolog\u00eda de sensor<\/p>\n<p>Tecnolog\u00eda de sensor: Seguimiento \u00f3ptico avanzado de Logitech<br \/>Valor nominal: 400 dpi<br \/>Valor m\u00e1ximo: Up to 4000<br \/>Botones<\/p>\n<p>N\u00famero de botones: 5 (click izquierdo\/derecho, retroceso\/avance, bot\u00f3n rueda con click de bot\u00f3n central)<br \/>Bater\u00eda<\/p>\n<p>Tipo de bater\u00edas: 1 bater\u00eda AA (incluida)<br \/>Duraci\u00f3n de la bater\u00eda con receptor USB Logi Bolt: Hasta 24 meses<br \/>Duraci\u00f3n de la bater\u00eda con Bluetooth: hasta 20 meses <br \/>Tipo de conexi\u00f3n<\/p>\n<p>Tipo de conexi\u00f3n: Receptor USB Logi Bolt<\/p>\n<p>Tecnolog\u00eda Bluetooth de bajo consumo<br \/>Radio de acci\u00f3n inal\u00e1mbrico: Radio de acci\u00f3n inal\u00e1mbrico de 10 m<\/p>\n","protected":false},"excerpt":{"rendered":"<p>DimensionsAltura: 107,19 mmAncho: 61,80 mmProfundidad: 37,8 mmPeso: 101,2 gTechnical SpecificationsTecnolog\u00eda de sensor Tecnolog\u00eda de sensor: Seguimiento \u00f3ptico avanzado de LogitechValor nominal: 400 dpiValor m\u00e1ximo: Up to 4000Botones N\u00famero de botones: 5 (click izquierdo\/derecho, retroceso\/avance, bot\u00f3n rueda con click de bot\u00f3n central)Bater\u00eda Tipo de bater\u00edas: 1 bater\u00eda AA (incluida)Duraci\u00f3n de la bater\u00eda con receptor USB Logi [&hellip;]<\/p>\n","protected":false},"featured_media":8107,"comment_status":"open","ping_status":"closed","template":"","meta":{"_uag_custom_page_level_css":""},"product_brand":[549],"product_cat":[125],"product_tag":[],"class_list":{"0":"post-8106","1":"product","2":"type-product","3":"status-publish","4":"has-post-thumbnail","6":"product_brand-logitech","7":"product_cat-teclados-y-mouses","9":"first","10":"outofstock","11":"sale","12":"taxable","13":"shipping-taxable","14":"purchasable","15":"product-type-simple"},"uagb_featured_image_src":{"full":["https:\/\/rms-enlinea.com.ar\/wp-content\/uploads\/2025\/06\/D_790025-MLU72573454884_112023-F.jpg",675,1200,false],"thumbnail":["https:\/\/rms-enlinea.com.ar\/wp-content\/uploads\/2025\/06\/D_790025-MLU72573454884_112023-F-150x150.jpg",150,150,true],"medium":["https:\/\/rms-enlinea.com.ar\/wp-content\/uploads\/2025\/06\/D_790025-MLU72573454884_112023-F-169x300.jpg",169,300,true],"medium_large":["https:\/\/rms-enlinea.com.ar\/wp-content\/uploads\/2025\/06\/D_790025-MLU72573454884_112023-F.jpg",675,1200,false],"large":["https:\/\/rms-enlinea.com.ar\/wp-content\/uploads\/2025\/06\/D_790025-MLU72573454884_112023-F-576x1024.jpg",576,1024,true],"1536x1536":["https:\/\/rms-enlinea.com.ar\/wp-content\/uploads\/2025\/06\/D_790025-MLU72573454884_112023-F.jpg",675,1200,false],"2048x2048":["https:\/\/rms-enlinea.com.ar\/wp-content\/uploads\/2025\/06\/D_790025-MLU72573454884_112023-F.jpg",675,1200,false],"woocommerce_thumbnail":["https:\/\/rms-enlinea.com.ar\/wp-content\/uploads\/2025\/06\/D_790025-MLU72573454884_112023-F-450x450.jpg",450,450,true],"woocommerce_single":["https:\/\/rms-enlinea.com.ar\/wp-content\/uploads\/2025\/06\/D_790025-MLU72573454884_112023-F-600x1067.jpg",600,1067,true],"woocommerce_gallery_thumbnail":["https:\/\/rms-enlinea.com.ar\/wp-content\/uploads\/2025\/06\/D_790025-MLU72573454884_112023-F-100x100.jpg",100,100,true]},"uagb_author_info":{"display_name":"l0071054","author_link":"https:\/\/rms-enlinea.com.ar\/tienda\/author\/"},"uagb_comment_info":0,"uagb_excerpt":"DimensionsAltura: 107,19 mmAncho: 61,80 mmProfundidad: 37,8 mmPeso: 101,2 gTechnical SpecificationsTecnolog\u00eda de sensor Tecnolog\u00eda de sensor: Seguimiento \u00f3ptico avanzado de LogitechValor nominal: 400 dpiValor m\u00e1ximo: Up to 4000Botones N\u00famero de botones: 5 (click izquierdo\/derecho, retroceso\/avance, bot\u00f3n rueda con click de bot\u00f3n central)Bater\u00eda Tipo de bater\u00edas: 1 bater\u00eda AA (incluida)Duraci\u00f3n de la bater\u00eda con receptor USB Logi&hellip;","_links":{"self":[{"href":"https:\/\/rms-enlinea.com.ar\/tienda\/wp-json\/wp\/v2\/product\/8106","targetHints":{"allow":["GET"]}}],"collection":[{"href":"https:\/\/rms-enlinea.com.ar\/tienda\/wp-json\/wp\/v2\/product"}],"about":[{"href":"https:\/\/rms-enlinea.com.ar\/tienda\/wp-json\/wp\/v2\/types\/product"}],"replies":[{"embeddable":true,"href":"https:\/\/rms-enlinea.com.ar\/tienda\/wp-json\/wp\/v2\/comments?post=8106"}],"wp:featuredmedia":[{"embeddable":true,"href":"https:\/\/rms-enlinea.com.ar\/tienda\/wp-json\/wp\/v2\/media\/8107"}],"wp:attachment":[{"href":"https:\/\/rms-enlinea.com.ar\/tienda\/wp-json\/wp\/v2\/media?parent=8106"}],"wp:term":[{"taxonomy":"product_brand","embeddable":true,"href":"https:\/\/rms-enlinea.com.ar\/tienda\/wp-json\/wp\/v2\/product_brand?post=8106"},{"taxonomy":"product_cat","embeddable":true,"href":"https:\/\/rms-enlinea.com.ar\/tienda\/wp-json\/wp\/v2\/product_cat?post=8106"},{"taxonomy":"product_tag","embeddable":true,"href":"https:\/\/rms-enlinea.com.ar\/tienda\/wp-json\/wp\/v2\/product_tag?post=8106"}],"curies":[{"name":"wp","href":"https:\/\/api.w.org\/{rel}","templated":true}]}}