{"id":8262,"date":"2025-06-12T04:37:59","date_gmt":"2025-06-12T07:37:59","guid":{"rendered":"https:\/\/rms-enlinea.com.ar\/tienda\/producto\/joystick-inalambrico-kit-x-2-pc-ps3-android-etheos-jsinsop1\/"},"modified":"2026-04-21T03:57:23","modified_gmt":"2026-04-21T06:57:23","slug":"joystick-inalambrico-kit-x-2-pc-ps3-android-etheos-jsinsop1","status":"publish","type":"product","link":"https:\/\/rms-enlinea.com.ar\/tienda\/producto\/joystick-inalambrico-kit-x-2-pc-ps3-android-etheos-jsinsop1\/","title":{"rendered":"Joystick Inalambrico Kit X 2 Pc Ps3 Android Etheos Jsinsop1"},"content":{"rendered":"<p>JOYSTICK INAL\u00c1MBRICO CON SOPORTE PARA CELULAR<br \/>MATERIAL: ABS<br \/>MEDIDAS: 16 CM \u00d7 3 CM \u00d7 10 CM<br \/>DISPOSITIVOS COMPATIBLES: ANDROID, IOS (13 Y ANTERIORES), PC (WINDOWS), ANDROID TV, TV BOX, PS3, NINTENDO SWITCH<br \/>VERSI\u00d3N BLUETOOTH: 5.0<br \/>CONECTIVIDAD: INAL\u00c1MBRICA \/ CON CABLE<br \/>SOPORTE PARA CELULAR INCORPORADO (EXTENSI\u00d3N 85 MM)<br \/>BATER\u00cdA: LION 380 MAH<br \/>TIEMPO DE CARGA: 2 H<br \/>AUTONOM\u00cdA DE LA BATER\u00cdA: 15 H<br \/>VOLTAJE: 3,7 V<br \/>INCLUYE: CABLE MICRO USB, RECEPTOR 2.4 G<br \/>ORIGEN: CHINA<\/p>\n","protected":false},"excerpt":{"rendered":"<p>JOYSTICK INAL\u00c1MBRICO CON SOPORTE PARA CELULARMATERIAL: ABSMEDIDAS: 16 CM \u00d7 3 CM \u00d7 10 CMDISPOSITIVOS COMPATIBLES: ANDROID, IOS (13 Y ANTERIORES), PC (WINDOWS), ANDROID TV, TV BOX, PS3, NINTENDO SWITCHVERSI\u00d3N BLUETOOTH: 5.0CONECTIVIDAD: INAL\u00c1MBRICA \/ CON CABLESOPORTE PARA CELULAR INCORPORADO (EXTENSI\u00d3N 85 MM)BATER\u00cdA: LION 380 MAHTIEMPO DE CARGA: 2 HAUTONOM\u00cdA DE LA BATER\u00cdA: 15 HVOLTAJE: 3,7 [&hellip;]<\/p>\n","protected":false},"featured_media":8263,"comment_status":"open","ping_status":"closed","template":"","meta":{"_uag_custom_page_level_css":""},"product_brand":[529],"product_cat":[15],"product_tag":[],"class_list":{"0":"post-8262","1":"product","2":"type-product","3":"status-publish","4":"has-post-thumbnail","6":"product_brand-etheos","7":"product_cat-sin-categorizar","9":"first","10":"outofstock","11":"sale","12":"taxable","13":"shipping-taxable","14":"purchasable","15":"product-type-simple"},"uagb_featured_image_src":{"full":["https:\/\/rms-enlinea.com.ar\/wp-content\/uploads\/2025\/06\/D_721248-MLA48257814913_112021-F.jpg",1129,950,false],"thumbnail":["https:\/\/rms-enlinea.com.ar\/wp-content\/uploads\/2025\/06\/D_721248-MLA48257814913_112021-F-150x150.jpg",150,150,true],"medium":["https:\/\/rms-enlinea.com.ar\/wp-content\/uploads\/2025\/06\/D_721248-MLA48257814913_112021-F-300x252.jpg",300,252,true],"medium_large":["https:\/\/rms-enlinea.com.ar\/wp-content\/uploads\/2025\/06\/D_721248-MLA48257814913_112021-F-768x646.jpg",768,646,true],"large":["https:\/\/rms-enlinea.com.ar\/wp-content\/uploads\/2025\/06\/D_721248-MLA48257814913_112021-F-1024x862.jpg",1024,862,true],"1536x1536":["https:\/\/rms-enlinea.com.ar\/wp-content\/uploads\/2025\/06\/D_721248-MLA48257814913_112021-F.jpg",1129,950,false],"2048x2048":["https:\/\/rms-enlinea.com.ar\/wp-content\/uploads\/2025\/06\/D_721248-MLA48257814913_112021-F.jpg",1129,950,false],"woocommerce_thumbnail":["https:\/\/rms-enlinea.com.ar\/wp-content\/uploads\/2025\/06\/D_721248-MLA48257814913_112021-F-450x450.jpg",450,450,true],"woocommerce_single":["https:\/\/rms-enlinea.com.ar\/wp-content\/uploads\/2025\/06\/D_721248-MLA48257814913_112021-F-600x505.jpg",600,505,true],"woocommerce_gallery_thumbnail":["https:\/\/rms-enlinea.com.ar\/wp-content\/uploads\/2025\/06\/D_721248-MLA48257814913_112021-F-100x100.jpg",100,100,true]},"uagb_author_info":{"display_name":"l0071054","author_link":"https:\/\/rms-enlinea.com.ar\/tienda\/author\/"},"uagb_comment_info":0,"uagb_excerpt":"JOYSTICK INAL\u00c1MBRICO CON SOPORTE PARA CELULARMATERIAL: ABSMEDIDAS: 16 CM \u00d7 3 CM \u00d7 10 CMDISPOSITIVOS COMPATIBLES: ANDROID, IOS (13 Y ANTERIORES), PC (WINDOWS), ANDROID TV, TV BOX, PS3, NINTENDO SWITCHVERSI\u00d3N BLUETOOTH: 5.0CONECTIVIDAD: INAL\u00c1MBRICA \/ CON CABLESOPORTE PARA CELULAR INCORPORADO (EXTENSI\u00d3N 85 MM)BATER\u00cdA: LION 380 MAHTIEMPO DE CARGA: 2 HAUTONOM\u00cdA DE LA BATER\u00cdA: 15 HVOLTAJE: 3,7&hellip;","_links":{"self":[{"href":"https:\/\/rms-enlinea.com.ar\/tienda\/wp-json\/wp\/v2\/product\/8262","targetHints":{"allow":["GET"]}}],"collection":[{"href":"https:\/\/rms-enlinea.com.ar\/tienda\/wp-json\/wp\/v2\/product"}],"about":[{"href":"https:\/\/rms-enlinea.com.ar\/tienda\/wp-json\/wp\/v2\/types\/product"}],"replies":[{"embeddable":true,"href":"https:\/\/rms-enlinea.com.ar\/tienda\/wp-json\/wp\/v2\/comments?post=8262"}],"wp:featuredmedia":[{"embeddable":true,"href":"https:\/\/rms-enlinea.com.ar\/tienda\/wp-json\/wp\/v2\/media\/8263"}],"wp:attachment":[{"href":"https:\/\/rms-enlinea.com.ar\/tienda\/wp-json\/wp\/v2\/media?parent=8262"}],"wp:term":[{"taxonomy":"product_brand","embeddable":true,"href":"https:\/\/rms-enlinea.com.ar\/tienda\/wp-json\/wp\/v2\/product_brand?post=8262"},{"taxonomy":"product_cat","embeddable":true,"href":"https:\/\/rms-enlinea.com.ar\/tienda\/wp-json\/wp\/v2\/product_cat?post=8262"},{"taxonomy":"product_tag","embeddable":true,"href":"https:\/\/rms-enlinea.com.ar\/tienda\/wp-json\/wp\/v2\/product_tag?post=8262"}],"curies":[{"name":"wp","href":"https:\/\/api.w.org\/{rel}","templated":true}]}}