{"id":8287,"date":"2025-06-12T04:38:33","date_gmt":"2025-06-12T07:38:33","guid":{"rendered":"https:\/\/rms-enlinea.com.ar\/tienda\/producto\/ficha-xlr-macho-cable-metalica-adam-hall-7850\/"},"modified":"2026-04-21T06:47:04","modified_gmt":"2026-04-21T09:47:04","slug":"ficha-xlr-macho-cable-metalica-adam-hall-7850","status":"publish","type":"product","link":"https:\/\/rms-enlinea.com.ar\/tienda\/producto\/ficha-xlr-macho-cable-metalica-adam-hall-7850\/","title":{"rendered":"Ficha Xlr Macho Cable Metalica Adam Hall 7850"},"content":{"rendered":"<p>TIPO DE PRODUCTO: CONECTOR<br \/>TIPO: XLR<br \/>POLOS: 3<br \/>G\u00c9NERO: MACHO<br \/>DI\u00c1METRO DEL CABLE: 8 MM<br \/>CONTACTOS: PLATEADO<br \/>TIPO DE CONECCI\u00d3N: CONTACTOS DE SOLDADURA<br \/>COLOR: NEGRO<br \/>ALOJAMIENTO:  ZINC FUNDIDO A PRESI\u00d3N<br \/>ALIVIO DE TENSI\u00d3N: PLASTICO<br \/>LARGO: 70 MM<br \/>DI\u00c1METRO: 19 MM<br \/>PESO: 0,018 KILOGRAMOS<\/p>\n","protected":false},"excerpt":{"rendered":"<p>TIPO DE PRODUCTO: CONECTORTIPO: XLRPOLOS: 3G\u00c9NERO: MACHODI\u00c1METRO DEL CABLE: 8 MMCONTACTOS: PLATEADOTIPO DE CONECCI\u00d3N: CONTACTOS DE SOLDADURACOLOR: NEGROALOJAMIENTO: ZINC FUNDIDO A PRESI\u00d3NALIVIO DE TENSI\u00d3N: PLASTICOLARGO: 70 MMDI\u00c1METRO: 19 MMPESO: 0,018 KILOGRAMOS<\/p>\n","protected":false},"featured_media":8288,"comment_status":"open","ping_status":"closed","template":"","meta":{"_uag_custom_page_level_css":""},"product_brand":[],"product_cat":[58,86],"product_tag":[],"class_list":{"0":"post-8287","1":"product","2":"type-product","3":"status-publish","4":"has-post-thumbnail","6":"product_cat-conectores-fichas-y-adaptadores","7":"product_cat-onectores-fichas-y-adaptadores","9":"first","10":"outofstock","11":"sale","12":"taxable","13":"shipping-taxable","14":"purchasable","15":"product-type-simple"},"uagb_featured_image_src":{"full":["https:\/\/rms-enlinea.com.ar\/wp-content\/uploads\/2025\/06\/D_686511-MLA47894270729_102021-F.jpg",967,896,false],"thumbnail":["https:\/\/rms-enlinea.com.ar\/wp-content\/uploads\/2025\/06\/D_686511-MLA47894270729_102021-F-150x150.jpg",150,150,true],"medium":["https:\/\/rms-enlinea.com.ar\/wp-content\/uploads\/2025\/06\/D_686511-MLA47894270729_102021-F-300x278.jpg",300,278,true],"medium_large":["https:\/\/rms-enlinea.com.ar\/wp-content\/uploads\/2025\/06\/D_686511-MLA47894270729_102021-F-768x712.jpg",768,712,true],"large":["https:\/\/rms-enlinea.com.ar\/wp-content\/uploads\/2025\/06\/D_686511-MLA47894270729_102021-F.jpg",967,896,false],"1536x1536":["https:\/\/rms-enlinea.com.ar\/wp-content\/uploads\/2025\/06\/D_686511-MLA47894270729_102021-F.jpg",967,896,false],"2048x2048":["https:\/\/rms-enlinea.com.ar\/wp-content\/uploads\/2025\/06\/D_686511-MLA47894270729_102021-F.jpg",967,896,false],"woocommerce_thumbnail":["https:\/\/rms-enlinea.com.ar\/wp-content\/uploads\/2025\/06\/D_686511-MLA47894270729_102021-F-450x450.jpg",450,450,true],"woocommerce_single":["https:\/\/rms-enlinea.com.ar\/wp-content\/uploads\/2025\/06\/D_686511-MLA47894270729_102021-F-600x556.jpg",600,556,true],"woocommerce_gallery_thumbnail":["https:\/\/rms-enlinea.com.ar\/wp-content\/uploads\/2025\/06\/D_686511-MLA47894270729_102021-F-100x100.jpg",100,100,true]},"uagb_author_info":{"display_name":"l0071054","author_link":"https:\/\/rms-enlinea.com.ar\/tienda\/author\/"},"uagb_comment_info":0,"uagb_excerpt":"TIPO DE PRODUCTO: CONECTORTIPO: XLRPOLOS: 3G\u00c9NERO: MACHODI\u00c1METRO DEL CABLE: 8 MMCONTACTOS: PLATEADOTIPO DE CONECCI\u00d3N: CONTACTOS DE SOLDADURACOLOR: NEGROALOJAMIENTO: ZINC FUNDIDO A PRESI\u00d3NALIVIO DE TENSI\u00d3N: PLASTICOLARGO: 70 MMDI\u00c1METRO: 19 MMPESO: 0,018 KILOGRAMOS","_links":{"self":[{"href":"https:\/\/rms-enlinea.com.ar\/tienda\/wp-json\/wp\/v2\/product\/8287","targetHints":{"allow":["GET"]}}],"collection":[{"href":"https:\/\/rms-enlinea.com.ar\/tienda\/wp-json\/wp\/v2\/product"}],"about":[{"href":"https:\/\/rms-enlinea.com.ar\/tienda\/wp-json\/wp\/v2\/types\/product"}],"replies":[{"embeddable":true,"href":"https:\/\/rms-enlinea.com.ar\/tienda\/wp-json\/wp\/v2\/comments?post=8287"}],"wp:featuredmedia":[{"embeddable":true,"href":"https:\/\/rms-enlinea.com.ar\/tienda\/wp-json\/wp\/v2\/media\/8288"}],"wp:attachment":[{"href":"https:\/\/rms-enlinea.com.ar\/tienda\/wp-json\/wp\/v2\/media?parent=8287"}],"wp:term":[{"taxonomy":"product_brand","embeddable":true,"href":"https:\/\/rms-enlinea.com.ar\/tienda\/wp-json\/wp\/v2\/product_brand?post=8287"},{"taxonomy":"product_cat","embeddable":true,"href":"https:\/\/rms-enlinea.com.ar\/tienda\/wp-json\/wp\/v2\/product_cat?post=8287"},{"taxonomy":"product_tag","embeddable":true,"href":"https:\/\/rms-enlinea.com.ar\/tienda\/wp-json\/wp\/v2\/product_tag?post=8287"}],"curies":[{"name":"wp","href":"https:\/\/api.w.org\/{rel}","templated":true}]}}