{"id":8295,"date":"2025-06-12T04:38:47","date_gmt":"2025-06-12T07:38:47","guid":{"rendered":"https:\/\/rms-enlinea.com.ar\/tienda\/producto\/liquido-de-humo-pesado-maquina-de-humo-1-ltr-antari-flg-1\/"},"modified":"2026-04-21T03:22:15","modified_gmt":"2026-04-21T06:22:15","slug":"liquido-de-humo-pesado-maquina-de-humo-1-ltr-antari-flg-1","status":"publish","type":"product","link":"https:\/\/rms-enlinea.com.ar\/tienda\/producto\/liquido-de-humo-pesado-maquina-de-humo-1-ltr-antari-flg-1\/","title":{"rendered":"Liquido De Humo Pesado Maquina De Humo 1 Ltr Antari FLG-1"},"content":{"rendered":"<p>EL FLUIDO DE NIEBLA ANTARI EST\u00c1 OPTIMIZADO PARA SU USO CON TODAS LAS M\u00c1QUINAS DE NIEBLA ANTARI Y ES ADECUADO PARA LA MAYOR\u00cdA DE LOS MODELOS DE NEBULIZADORES. TODOS SON DE COMPOSICI\u00d3N A BASE DE AGUA QUE NO DEJA RESIDUOS ACEITOSOS.<\/p>\n<p>TODO EL L\u00cdQUIDO ES NO IRRITANTE, NO T\u00d3XICO Y NO INFLAMABLE. CONSERVAN LA LONGEVIDAD DE SUS M\u00c1QUINAS.<\/p>\n<p>NUESTRAS HOJAS DE DATOS DE SEGURIDAD DE MATERIALES (MSDS) Y LOS INFORMES DE SEGURIDAD DE SGS SON CUMPLIDOS POR UN LABORATORIO INDEPENDIENTE PARA LAS PRUEBAS M\u00c1S ESTRICTAS.<\/p>\n<p>EL FLUIDO DE NIEBLA ANTARI ES ECOL\u00d3GICO PARA NUESTRO MEDIO AMBIENTE Y PARA EL CONTACTO HUMANO.<\/p>\n","protected":false},"excerpt":{"rendered":"<p>EL FLUIDO DE NIEBLA ANTARI EST\u00c1 OPTIMIZADO PARA SU USO CON TODAS LAS M\u00c1QUINAS DE NIEBLA ANTARI Y ES ADECUADO PARA LA MAYOR\u00cdA DE LOS MODELOS DE NEBULIZADORES. TODOS SON DE COMPOSICI\u00d3N A BASE DE AGUA QUE NO DEJA RESIDUOS ACEITOSOS. TODO EL L\u00cdQUIDO ES NO IRRITANTE, NO T\u00d3XICO Y NO INFLAMABLE. CONSERVAN LA LONGEVIDAD [&hellip;]<\/p>\n","protected":false},"featured_media":8296,"comment_status":"open","ping_status":"closed","template":"","meta":{"_uag_custom_page_level_css":""},"product_brand":[522],"product_cat":[88],"product_tag":[],"class_list":{"0":"post-8295","1":"product","2":"type-product","3":"status-publish","4":"has-post-thumbnail","6":"product_brand-antari","7":"product_cat-efectos-atmosfericos-y-fx","9":"first","10":"outofstock","11":"sale","12":"taxable","13":"shipping-taxable","14":"purchasable","15":"product-type-simple"},"uagb_featured_image_src":{"full":["https:\/\/rms-enlinea.com.ar\/wp-content\/uploads\/2025\/06\/D_633228-MLA52748218917_122022-F.jpg",616,964,false],"thumbnail":["https:\/\/rms-enlinea.com.ar\/wp-content\/uploads\/2025\/06\/D_633228-MLA52748218917_122022-F-150x150.jpg",150,150,true],"medium":["https:\/\/rms-enlinea.com.ar\/wp-content\/uploads\/2025\/06\/D_633228-MLA52748218917_122022-F-192x300.jpg",192,300,true],"medium_large":["https:\/\/rms-enlinea.com.ar\/wp-content\/uploads\/2025\/06\/D_633228-MLA52748218917_122022-F.jpg",616,964,false],"large":["https:\/\/rms-enlinea.com.ar\/wp-content\/uploads\/2025\/06\/D_633228-MLA52748218917_122022-F.jpg",616,964,false],"1536x1536":["https:\/\/rms-enlinea.com.ar\/wp-content\/uploads\/2025\/06\/D_633228-MLA52748218917_122022-F.jpg",616,964,false],"2048x2048":["https:\/\/rms-enlinea.com.ar\/wp-content\/uploads\/2025\/06\/D_633228-MLA52748218917_122022-F.jpg",616,964,false],"woocommerce_thumbnail":["https:\/\/rms-enlinea.com.ar\/wp-content\/uploads\/2025\/06\/D_633228-MLA52748218917_122022-F-450x450.jpg",450,450,true],"woocommerce_single":["https:\/\/rms-enlinea.com.ar\/wp-content\/uploads\/2025\/06\/D_633228-MLA52748218917_122022-F-600x939.jpg",600,939,true],"woocommerce_gallery_thumbnail":["https:\/\/rms-enlinea.com.ar\/wp-content\/uploads\/2025\/06\/D_633228-MLA52748218917_122022-F-100x100.jpg",100,100,true]},"uagb_author_info":{"display_name":"l0071054","author_link":"https:\/\/rms-enlinea.com.ar\/tienda\/author\/"},"uagb_comment_info":0,"uagb_excerpt":"EL FLUIDO DE NIEBLA ANTARI EST\u00c1 OPTIMIZADO PARA SU USO CON TODAS LAS M\u00c1QUINAS DE NIEBLA ANTARI Y ES ADECUADO PARA LA MAYOR\u00cdA DE LOS MODELOS DE NEBULIZADORES. TODOS SON DE COMPOSICI\u00d3N A BASE DE AGUA QUE NO DEJA RESIDUOS ACEITOSOS. TODO EL L\u00cdQUIDO ES NO IRRITANTE, NO T\u00d3XICO Y NO INFLAMABLE. CONSERVAN LA LONGEVIDAD&hellip;","_links":{"self":[{"href":"https:\/\/rms-enlinea.com.ar\/tienda\/wp-json\/wp\/v2\/product\/8295","targetHints":{"allow":["GET"]}}],"collection":[{"href":"https:\/\/rms-enlinea.com.ar\/tienda\/wp-json\/wp\/v2\/product"}],"about":[{"href":"https:\/\/rms-enlinea.com.ar\/tienda\/wp-json\/wp\/v2\/types\/product"}],"replies":[{"embeddable":true,"href":"https:\/\/rms-enlinea.com.ar\/tienda\/wp-json\/wp\/v2\/comments?post=8295"}],"wp:featuredmedia":[{"embeddable":true,"href":"https:\/\/rms-enlinea.com.ar\/tienda\/wp-json\/wp\/v2\/media\/8296"}],"wp:attachment":[{"href":"https:\/\/rms-enlinea.com.ar\/tienda\/wp-json\/wp\/v2\/media?parent=8295"}],"wp:term":[{"taxonomy":"product_brand","embeddable":true,"href":"https:\/\/rms-enlinea.com.ar\/tienda\/wp-json\/wp\/v2\/product_brand?post=8295"},{"taxonomy":"product_cat","embeddable":true,"href":"https:\/\/rms-enlinea.com.ar\/tienda\/wp-json\/wp\/v2\/product_cat?post=8295"},{"taxonomy":"product_tag","embeddable":true,"href":"https:\/\/rms-enlinea.com.ar\/tienda\/wp-json\/wp\/v2\/product_tag?post=8295"}],"curies":[{"name":"wp","href":"https:\/\/api.w.org\/{rel}","templated":true}]}}