{"id":8309,"date":"2025-06-12T04:39:12","date_gmt":"2025-06-12T07:39:12","guid":{"rendered":"https:\/\/rms-enlinea.com.ar\/tienda\/producto\/reductor-rab-de-respuesto-para-pies-de-microfono-krupa\/"},"modified":"2026-04-21T03:30:55","modified_gmt":"2026-04-21T06:30:55","slug":"reductor-rab-de-respuesto-para-pies-de-microfono-krupa","status":"publish","type":"product","link":"https:\/\/rms-enlinea.com.ar\/tienda\/producto\/reductor-rab-de-respuesto-para-pies-de-microfono-krupa\/","title":{"rendered":"Reductor Rab De Respuesto Para Pies De Microfono Krupa"},"content":{"rendered":"<p>RAB-3D (By RMS-ENLINEA)<\/p>\n<p>Nace de la experiencia acumulada estos 10 a\u00f1os, en la venta de hardware para profesionales en la construcci\u00f3n de flights case, maletines, ba\u00fales, rack, etc.<br \/>\nHoy queremos llevar ese conocimiento a otro nivel y gracias a la tecnolog\u00eda 3D, vamos a ser los pioneros en la construcci\u00f3n de este tipo de productos.<br \/>\nEsta tecnolog\u00eda permite hacer accesorios est\u00e1ndar, personalizados y lo m\u00e1s importante piezas que no existen. Podr\u00e1n ser utilizados<br \/>\npara el armado de productos LOW COST, prototipos, para hogare\u00f1os o profesionales, sin tener que hacer grandes inversiones.<\/p>\n<p>\/\/\/ Dise\u00f1os Personalizado? \/\/\/<\/p>\n<p>Si necesitas producir alg\u00fan tipo de accesorio en serie. Podes comunicarte con nosotros para su presupuesto !!!<\/p>\n<p>\/\/\/ Comprar un Dise\u00f1o? \/\/\/<\/p>\n<p>Si vos contas con una impresora 3D y queres comprar alguno de nuestros dise\u00f1os. Podes comunicarte con nosotros para su presupuesto !!!<\/p>\n<p>\/\/\/ Acabado del Producto Y Resistencia \/\/\/<\/p>\n<p>D\u00eda a d\u00eda tratamos de mejorar y pulir los detalles al m\u00e1ximo nivel. Los productos comercializado se entregan virgen como son terminados por la impresora.<br \/>\nSu terminaci\u00f3n y texturas pueden ser distintas a otras piezas pl\u00e1sticas con otros procesos de fabricaci\u00f3n, pero su durabilidad y calidad pueden ser iguales<br \/>\no hasta mejor.<\/p>\n<p>TIPO DE PRODUCTO: REDUCTOR<br \/>\nTIPO: PARA PIE DE MICROFONO KRUPA<br \/>\nMATERIAL: PLASTICO<br \/>\nACABADO: IMPRESION 3D<br \/>\nREDUCTOR: DE 22MM A 15MM<\/p>\n","protected":false},"excerpt":{"rendered":"<p>RAB-3D (By RMS-ENLINEA) Nace de la experiencia acumulada estos 10 a\u00f1os, en la venta de hardware para profesionales en la construcci\u00f3n de flights case, maletines, ba\u00fales, rack, etc. Hoy queremos llevar ese conocimiento a otro nivel y gracias a la tecnolog\u00eda 3D, vamos a ser los pioneros en la construcci\u00f3n de este tipo de productos. [&hellip;]<\/p>\n","protected":false},"featured_media":8310,"comment_status":"open","ping_status":"closed","template":"","meta":{"_uag_custom_page_level_css":""},"product_brand":[],"product_cat":[26],"product_tag":[],"class_list":{"0":"post-8309","1":"product","2":"type-product","3":"status-publish","4":"has-post-thumbnail","6":"product_cat-reductores","8":"first","9":"outofstock","10":"sale","11":"taxable","12":"shipping-taxable","13":"purchasable","14":"product-type-simple"},"uagb_featured_image_src":{"full":["https:\/\/rms-enlinea.com.ar\/wp-content\/uploads\/2025\/06\/D_888277-MLA32790396782_112019-F.jpg",828,897,false],"thumbnail":["https:\/\/rms-enlinea.com.ar\/wp-content\/uploads\/2025\/06\/D_888277-MLA32790396782_112019-F-150x150.jpg",150,150,true],"medium":["https:\/\/rms-enlinea.com.ar\/wp-content\/uploads\/2025\/06\/D_888277-MLA32790396782_112019-F-277x300.jpg",277,300,true],"medium_large":["https:\/\/rms-enlinea.com.ar\/wp-content\/uploads\/2025\/06\/D_888277-MLA32790396782_112019-F-768x832.jpg",768,832,true],"large":["https:\/\/rms-enlinea.com.ar\/wp-content\/uploads\/2025\/06\/D_888277-MLA32790396782_112019-F.jpg",828,897,false],"1536x1536":["https:\/\/rms-enlinea.com.ar\/wp-content\/uploads\/2025\/06\/D_888277-MLA32790396782_112019-F.jpg",828,897,false],"2048x2048":["https:\/\/rms-enlinea.com.ar\/wp-content\/uploads\/2025\/06\/D_888277-MLA32790396782_112019-F.jpg",828,897,false],"woocommerce_thumbnail":["https:\/\/rms-enlinea.com.ar\/wp-content\/uploads\/2025\/06\/D_888277-MLA32790396782_112019-F-450x450.jpg",450,450,true],"woocommerce_single":["https:\/\/rms-enlinea.com.ar\/wp-content\/uploads\/2025\/06\/D_888277-MLA32790396782_112019-F-600x650.jpg",600,650,true],"woocommerce_gallery_thumbnail":["https:\/\/rms-enlinea.com.ar\/wp-content\/uploads\/2025\/06\/D_888277-MLA32790396782_112019-F-100x100.jpg",100,100,true]},"uagb_author_info":{"display_name":"l0071054","author_link":"https:\/\/rms-enlinea.com.ar\/tienda\/author\/"},"uagb_comment_info":0,"uagb_excerpt":"RAB-3D (By RMS-ENLINEA) Nace de la experiencia acumulada estos 10 a\u00f1os, en la venta de hardware para profesionales en la construcci\u00f3n de flights case, maletines, ba\u00fales, rack, etc. Hoy queremos llevar ese conocimiento a otro nivel y gracias a la tecnolog\u00eda 3D, vamos a ser los pioneros en la construcci\u00f3n de este tipo de productos.&hellip;","_links":{"self":[{"href":"https:\/\/rms-enlinea.com.ar\/tienda\/wp-json\/wp\/v2\/product\/8309","targetHints":{"allow":["GET"]}}],"collection":[{"href":"https:\/\/rms-enlinea.com.ar\/tienda\/wp-json\/wp\/v2\/product"}],"about":[{"href":"https:\/\/rms-enlinea.com.ar\/tienda\/wp-json\/wp\/v2\/types\/product"}],"replies":[{"embeddable":true,"href":"https:\/\/rms-enlinea.com.ar\/tienda\/wp-json\/wp\/v2\/comments?post=8309"}],"wp:featuredmedia":[{"embeddable":true,"href":"https:\/\/rms-enlinea.com.ar\/tienda\/wp-json\/wp\/v2\/media\/8310"}],"wp:attachment":[{"href":"https:\/\/rms-enlinea.com.ar\/tienda\/wp-json\/wp\/v2\/media?parent=8309"}],"wp:term":[{"taxonomy":"product_brand","embeddable":true,"href":"https:\/\/rms-enlinea.com.ar\/tienda\/wp-json\/wp\/v2\/product_brand?post=8309"},{"taxonomy":"product_cat","embeddable":true,"href":"https:\/\/rms-enlinea.com.ar\/tienda\/wp-json\/wp\/v2\/product_cat?post=8309"},{"taxonomy":"product_tag","embeddable":true,"href":"https:\/\/rms-enlinea.com.ar\/tienda\/wp-json\/wp\/v2\/product_tag?post=8309"}],"curies":[{"name":"wp","href":"https:\/\/api.w.org\/{rel}","templated":true}]}}