{"id":8344,"date":"2025-06-12T04:40:02","date_gmt":"2025-06-12T07:40:02","guid":{"rendered":"https:\/\/rms-enlinea.com.ar\/tienda\/producto\/tripode-para-bafles-acero-inoxidable-90kg-gemini-st-04\/"},"modified":"2026-04-06T13:43:33","modified_gmt":"2026-04-06T16:43:33","slug":"tripode-para-bafles-acero-inoxidable-90kg-gemini-st-04","status":"publish","type":"product","link":"https:\/\/rms-enlinea.com.ar\/tienda\/producto\/tripode-para-bafles-acero-inoxidable-90kg-gemini-st-04\/","title":{"rendered":"Tripode Para Bafles Acero Inoxidable &#8211; 90kg &#8211; Gemini St-04"},"content":{"rendered":"<p>soporte de altavoz fuerte y confiable<br \/>Los soportes para altavoces Out ST-04 est\u00e1n dise\u00f1ados para optimizar la posici\u00f3n de los altavoces y ofrecer la mejor calidad de audio posible. Cada soporte tiene una capacidad m\u00e1xima de 90kg. y un dise\u00f1o de tr\u00edpode de acero inoxidable que lo hace excepcionalmente port\u00e1til y f\u00e1cil de instalar. Hemos dise\u00f1ado la base de estos soportes para lograr un equilibrio perfectamente ponderado para garantizar que cada altavoz sea estable en todas las condiciones. No busque m\u00e1s, ha encontrado la mejor relaci\u00f3n calidad-precio con nuestros soportes para altavoces grandes ST-04.<\/p>\n<p>\/\/ Construcci\u00f3n de acero resistente.<br \/>En t\u00e9rminos de durabilidad, el Gemini ST-04 es dif\u00edcil de superar. Altura totalmente ajustable, patas de goma duraderas y tubos de 38 mm para sujetar altavoces de hasta 90kg.<\/p>\n<p>\/\/ Dise\u00f1o de tr\u00edpode robusto<br \/>El ST-04 tiene un robusto dise\u00f1o de tr\u00edpode de 120 grados con una extensi\u00f3n de base de 80 &#8211; 120 cm, lo que lo hace capaz de sostener un altavoz pesado.<\/p>\n<p> \/\/ Ajustes sin esfuerzo<br \/>Este soporte para altavoz tiene una altura ajustable de 110 a 190 cm, por lo que puede colocar los altavoces para transmitir el sonido en la direcci\u00f3n y la longitud correctas.<\/p>\n<p>\/\/ F\u00e1cil de empacar, f\u00e1cil de transportar<br \/>Simplifique su configuraci\u00f3n con esta instalaci\u00f3n sin complicaciones. Con patas plegables, el soporte es f\u00e1cil de montar y usar y es la mejor opci\u00f3n para presentaciones en vivo, reuniones, conferencias, etc.<\/p>\n","protected":false},"excerpt":{"rendered":"<p>soporte de altavoz fuerte y confiableLos soportes para altavoces Out ST-04 est\u00e1n dise\u00f1ados para optimizar la posici\u00f3n de los altavoces y ofrecer la mejor calidad de audio posible. Cada soporte tiene una capacidad m\u00e1xima de 90kg. y un dise\u00f1o de tr\u00edpode de acero inoxidable que lo hace excepcionalmente port\u00e1til y f\u00e1cil de instalar. Hemos dise\u00f1ado [&hellip;]<\/p>\n","protected":false},"featured_media":8345,"comment_status":"open","ping_status":"closed","template":"","meta":{"_uag_custom_page_level_css":""},"product_brand":[],"product_cat":[81,96],"product_tag":[],"class_list":{"0":"post-8344","1":"product","2":"type-product","3":"status-publish","4":"has-post-thumbnail","6":"product_cat-tripodes-y-soportes","7":"product_cat-tripodes-y-soportes-iluminacion-profesional","9":"first","10":"instock","11":"sale","12":"taxable","13":"shipping-taxable","14":"purchasable","15":"product-type-simple"},"uagb_featured_image_src":{"full":["https:\/\/rms-enlinea.com.ar\/wp-content\/uploads\/2025\/06\/D_908684-MLA48962321181_012022-F.jpg",392,606,false],"thumbnail":["https:\/\/rms-enlinea.com.ar\/wp-content\/uploads\/2025\/06\/D_908684-MLA48962321181_012022-F-150x150.jpg",150,150,true],"medium":["https:\/\/rms-enlinea.com.ar\/wp-content\/uploads\/2025\/06\/D_908684-MLA48962321181_012022-F-194x300.jpg",194,300,true],"medium_large":["https:\/\/rms-enlinea.com.ar\/wp-content\/uploads\/2025\/06\/D_908684-MLA48962321181_012022-F.jpg",392,606,false],"large":["https:\/\/rms-enlinea.com.ar\/wp-content\/uploads\/2025\/06\/D_908684-MLA48962321181_012022-F.jpg",392,606,false],"1536x1536":["https:\/\/rms-enlinea.com.ar\/wp-content\/uploads\/2025\/06\/D_908684-MLA48962321181_012022-F.jpg",392,606,false],"2048x2048":["https:\/\/rms-enlinea.com.ar\/wp-content\/uploads\/2025\/06\/D_908684-MLA48962321181_012022-F.jpg",392,606,false],"woocommerce_thumbnail":["https:\/\/rms-enlinea.com.ar\/wp-content\/uploads\/2025\/06\/D_908684-MLA48962321181_012022-F-392x450.jpg",392,450,true],"woocommerce_single":["https:\/\/rms-enlinea.com.ar\/wp-content\/uploads\/2025\/06\/D_908684-MLA48962321181_012022-F.jpg",392,606,false],"woocommerce_gallery_thumbnail":["https:\/\/rms-enlinea.com.ar\/wp-content\/uploads\/2025\/06\/D_908684-MLA48962321181_012022-F-100x100.jpg",100,100,true]},"uagb_author_info":{"display_name":"l0071054","author_link":"https:\/\/rms-enlinea.com.ar\/tienda\/author\/"},"uagb_comment_info":0,"uagb_excerpt":"soporte de altavoz fuerte y confiableLos soportes para altavoces Out ST-04 est\u00e1n dise\u00f1ados para optimizar la posici\u00f3n de los altavoces y ofrecer la mejor calidad de audio posible. Cada soporte tiene una capacidad m\u00e1xima de 90kg. y un dise\u00f1o de tr\u00edpode de acero inoxidable que lo hace excepcionalmente port\u00e1til y f\u00e1cil de instalar. Hemos dise\u00f1ado&hellip;","_links":{"self":[{"href":"https:\/\/rms-enlinea.com.ar\/tienda\/wp-json\/wp\/v2\/product\/8344","targetHints":{"allow":["GET"]}}],"collection":[{"href":"https:\/\/rms-enlinea.com.ar\/tienda\/wp-json\/wp\/v2\/product"}],"about":[{"href":"https:\/\/rms-enlinea.com.ar\/tienda\/wp-json\/wp\/v2\/types\/product"}],"replies":[{"embeddable":true,"href":"https:\/\/rms-enlinea.com.ar\/tienda\/wp-json\/wp\/v2\/comments?post=8344"}],"wp:featuredmedia":[{"embeddable":true,"href":"https:\/\/rms-enlinea.com.ar\/tienda\/wp-json\/wp\/v2\/media\/8345"}],"wp:attachment":[{"href":"https:\/\/rms-enlinea.com.ar\/tienda\/wp-json\/wp\/v2\/media?parent=8344"}],"wp:term":[{"taxonomy":"product_brand","embeddable":true,"href":"https:\/\/rms-enlinea.com.ar\/tienda\/wp-json\/wp\/v2\/product_brand?post=8344"},{"taxonomy":"product_cat","embeddable":true,"href":"https:\/\/rms-enlinea.com.ar\/tienda\/wp-json\/wp\/v2\/product_cat?post=8344"},{"taxonomy":"product_tag","embeddable":true,"href":"https:\/\/rms-enlinea.com.ar\/tienda\/wp-json\/wp\/v2\/product_tag?post=8344"}],"curies":[{"name":"wp","href":"https:\/\/api.w.org\/{rel}","templated":true}]}}