{"id":8362,"date":"2025-06-12T04:40:21","date_gmt":"2025-06-12T07:40:21","guid":{"rendered":"https:\/\/rms-enlinea.com.ar\/tienda\/producto\/teclado-mecanico-gamer-logitech-g413-tkl-se-us-c-luz-carbon\/"},"modified":"2026-04-06T11:29:31","modified_gmt":"2026-04-06T14:29:31","slug":"teclado-mecanico-gamer-logitech-g413-tkl-se-us-c-luz-carbon","status":"publish","type":"product","link":"https:\/\/rms-enlinea.com.ar\/tienda\/producto\/teclado-mecanico-gamer-logitech-g413-tkl-se-us-c-luz-carbon\/","title":{"rendered":"Teclado Mecanico Gamer Logitech G413 Tkl Se Us C\/ Luz Carbon"},"content":{"rendered":"<p>DIMENSIONES<br \/>Longitud: 355 mm<\/p>\n<p>Ancho: 127 mm<\/p>\n<p>Altura: 36,3 mm<\/p>\n<p>Peso: 650 g<\/p>\n<p>Longitud del cable: 1,8 m<\/p>\n<p>ESPECIFICACIONES PRINCIPALES<br \/>Teclas de PBT<br \/>Cubierta superior de aluminio<br \/>Retroiluminaci\u00f3n blanca<br \/>ESPECIFICACIONES T\u00c9CNICAS<br \/>INTERRUPTORES: T\u00c1CTIL<\/p>\n<p>Distancia de actuaci\u00f3n: 1,9 mm<br \/>Fuerza de actuaci\u00f3n: 50 g<br \/>Recorrido total: 4,0 mm<br \/>Tipo de conexi\u00f3n: USB 2.0<br \/>Protocolo USB: USB 2.0<br \/>Retroiluminaci\u00f3n: S\u00ed, iluminaci\u00f3n blanca por tecla<\/p>\n","protected":false},"excerpt":{"rendered":"<p>DIMENSIONESLongitud: 355 mm Ancho: 127 mm Altura: 36,3 mm Peso: 650 g Longitud del cable: 1,8 m ESPECIFICACIONES PRINCIPALESTeclas de PBTCubierta superior de aluminioRetroiluminaci\u00f3n blancaESPECIFICACIONES T\u00c9CNICASINTERRUPTORES: T\u00c1CTIL Distancia de actuaci\u00f3n: 1,9 mmFuerza de actuaci\u00f3n: 50 gRecorrido total: 4,0 mmTipo de conexi\u00f3n: USB 2.0Protocolo USB: USB 2.0Retroiluminaci\u00f3n: S\u00ed, iluminaci\u00f3n blanca por tecla<\/p>\n","protected":false},"featured_media":8363,"comment_status":"open","ping_status":"closed","template":"","meta":{"_uag_custom_page_level_css":""},"product_brand":[549],"product_cat":[125],"product_tag":[],"class_list":{"0":"post-8362","1":"product","2":"type-product","3":"status-publish","4":"has-post-thumbnail","6":"product_brand-logitech","7":"product_cat-teclados-y-mouses","9":"first","10":"outofstock","11":"sale","12":"taxable","13":"shipping-taxable","14":"purchasable","15":"product-type-simple"},"uagb_featured_image_src":{"full":["https:\/\/rms-enlinea.com.ar\/wp-content\/uploads\/2025\/06\/D_832518-MLA84031652272_052025-F.jpg",640,341,false],"thumbnail":["https:\/\/rms-enlinea.com.ar\/wp-content\/uploads\/2025\/06\/D_832518-MLA84031652272_052025-F-150x150.jpg",150,150,true],"medium":["https:\/\/rms-enlinea.com.ar\/wp-content\/uploads\/2025\/06\/D_832518-MLA84031652272_052025-F-300x160.jpg",300,160,true],"medium_large":["https:\/\/rms-enlinea.com.ar\/wp-content\/uploads\/2025\/06\/D_832518-MLA84031652272_052025-F.jpg",640,341,false],"large":["https:\/\/rms-enlinea.com.ar\/wp-content\/uploads\/2025\/06\/D_832518-MLA84031652272_052025-F.jpg",640,341,false],"1536x1536":["https:\/\/rms-enlinea.com.ar\/wp-content\/uploads\/2025\/06\/D_832518-MLA84031652272_052025-F.jpg",640,341,false],"2048x2048":["https:\/\/rms-enlinea.com.ar\/wp-content\/uploads\/2025\/06\/D_832518-MLA84031652272_052025-F.jpg",640,341,false],"woocommerce_thumbnail":["https:\/\/rms-enlinea.com.ar\/wp-content\/uploads\/2025\/06\/D_832518-MLA84031652272_052025-F-450x341.jpg",450,341,true],"woocommerce_single":["https:\/\/rms-enlinea.com.ar\/wp-content\/uploads\/2025\/06\/D_832518-MLA84031652272_052025-F-600x320.jpg",600,320,true],"woocommerce_gallery_thumbnail":["https:\/\/rms-enlinea.com.ar\/wp-content\/uploads\/2025\/06\/D_832518-MLA84031652272_052025-F-100x100.jpg",100,100,true]},"uagb_author_info":{"display_name":"l0071054","author_link":"https:\/\/rms-enlinea.com.ar\/tienda\/author\/"},"uagb_comment_info":0,"uagb_excerpt":"DIMENSIONESLongitud: 355 mm Ancho: 127 mm Altura: 36,3 mm Peso: 650 g Longitud del cable: 1,8 m ESPECIFICACIONES PRINCIPALESTeclas de PBTCubierta superior de aluminioRetroiluminaci\u00f3n blancaESPECIFICACIONES T\u00c9CNICASINTERRUPTORES: T\u00c1CTIL Distancia de actuaci\u00f3n: 1,9 mmFuerza de actuaci\u00f3n: 50 gRecorrido total: 4,0 mmTipo de conexi\u00f3n: USB 2.0Protocolo USB: USB 2.0Retroiluminaci\u00f3n: S\u00ed, iluminaci\u00f3n blanca por tecla","_links":{"self":[{"href":"https:\/\/rms-enlinea.com.ar\/tienda\/wp-json\/wp\/v2\/product\/8362","targetHints":{"allow":["GET"]}}],"collection":[{"href":"https:\/\/rms-enlinea.com.ar\/tienda\/wp-json\/wp\/v2\/product"}],"about":[{"href":"https:\/\/rms-enlinea.com.ar\/tienda\/wp-json\/wp\/v2\/types\/product"}],"replies":[{"embeddable":true,"href":"https:\/\/rms-enlinea.com.ar\/tienda\/wp-json\/wp\/v2\/comments?post=8362"}],"wp:featuredmedia":[{"embeddable":true,"href":"https:\/\/rms-enlinea.com.ar\/tienda\/wp-json\/wp\/v2\/media\/8363"}],"wp:attachment":[{"href":"https:\/\/rms-enlinea.com.ar\/tienda\/wp-json\/wp\/v2\/media?parent=8362"}],"wp:term":[{"taxonomy":"product_brand","embeddable":true,"href":"https:\/\/rms-enlinea.com.ar\/tienda\/wp-json\/wp\/v2\/product_brand?post=8362"},{"taxonomy":"product_cat","embeddable":true,"href":"https:\/\/rms-enlinea.com.ar\/tienda\/wp-json\/wp\/v2\/product_cat?post=8362"},{"taxonomy":"product_tag","embeddable":true,"href":"https:\/\/rms-enlinea.com.ar\/tienda\/wp-json\/wp\/v2\/product_tag?post=8362"}],"curies":[{"name":"wp","href":"https:\/\/api.w.org\/{rel}","templated":true}]}}