{"id":8444,"date":"2025-06-12T04:41:54","date_gmt":"2025-06-12T07:41:54","guid":{"rendered":"https:\/\/rms-enlinea.com.ar\/tienda\/producto\/teclado-logitech-pro-x-60-white-lightspeed\/"},"modified":"2026-03-31T18:49:08","modified_gmt":"2026-03-31T21:49:08","slug":"teclado-logitech-pro-x-60-white-lightspeed","status":"publish","type":"product","link":"https:\/\/rms-enlinea.com.ar\/tienda\/producto\/teclado-logitech-pro-x-60-white-lightspeed\/","title":{"rendered":"Teclado Logitech Pro X 60 White Lightspeed"},"content":{"rendered":"<p>ESPECIFICACIONES F\u00cdSICAS<br \/>Altura: 290 mm<br \/>Ancho: 103 mm<br \/>Profundidad: 39 mm<br \/>ESPECIFICACIONES T\u00c9CNICAS<br \/>Dise\u00f1o 60% inspirado en los profesionales<br \/>KEYCONTROL<br \/>Iluminaci\u00f3n RGB LIGHTSYNC<br \/>Perfiles de iluminaci\u00f3n integrados<br \/>Cable extra\u00edble de 1,8 m (6 ft)<br \/>Velocidad de respuesta de 1 ms<br \/>TECNOLOG\u00cdA INAL\u00c1MBRICA<br \/>Duraci\u00f3n de bater\u00eda (recargable): hasta 65 horas 1Las funciones avanzadas requieren el software Logitech G HUB. Descarga en LogitechG.com\/GHUB.<br \/>Radio de acci\u00f3n inal\u00e1mbrico: hasta 10 m 2Depende del uso y de los dispositivos.<br \/>Tipo de conexi\u00f3n: 2.4GHz LIGHTSPEED, Bluetooth\u00ae, or USB wired connection<\/p>\n","protected":false},"excerpt":{"rendered":"<p>ESPECIFICACIONES F\u00cdSICASAltura: 290 mmAncho: 103 mmProfundidad: 39 mmESPECIFICACIONES T\u00c9CNICASDise\u00f1o 60% inspirado en los profesionalesKEYCONTROLIluminaci\u00f3n RGB LIGHTSYNCPerfiles de iluminaci\u00f3n integradosCable extra\u00edble de 1,8 m (6 ft)Velocidad de respuesta de 1 msTECNOLOG\u00cdA INAL\u00c1MBRICADuraci\u00f3n de bater\u00eda (recargable): hasta 65 horas 1Las funciones avanzadas requieren el software Logitech G HUB. Descarga en LogitechG.com\/GHUB.Radio de acci\u00f3n inal\u00e1mbrico: hasta 10 m [&hellip;]<\/p>\n","protected":false},"featured_media":8445,"comment_status":"open","ping_status":"closed","template":"","meta":{"_uag_custom_page_level_css":""},"product_brand":[549],"product_cat":[125],"product_tag":[],"class_list":{"0":"post-8444","1":"product","2":"type-product","3":"status-publish","4":"has-post-thumbnail","6":"product_brand-logitech","7":"product_cat-teclados-y-mouses","9":"first","10":"outofstock","11":"sale","12":"taxable","13":"shipping-taxable","14":"purchasable","15":"product-type-simple"},"uagb_featured_image_src":{"full":["https:\/\/rms-enlinea.com.ar\/wp-content\/uploads\/2025\/06\/D_740922-MLA84305233879_052025-F.jpg",650,229,false],"thumbnail":["https:\/\/rms-enlinea.com.ar\/wp-content\/uploads\/2025\/06\/D_740922-MLA84305233879_052025-F-150x150.jpg",150,150,true],"medium":["https:\/\/rms-enlinea.com.ar\/wp-content\/uploads\/2025\/06\/D_740922-MLA84305233879_052025-F-300x106.jpg",300,106,true],"medium_large":["https:\/\/rms-enlinea.com.ar\/wp-content\/uploads\/2025\/06\/D_740922-MLA84305233879_052025-F.jpg",650,229,false],"large":["https:\/\/rms-enlinea.com.ar\/wp-content\/uploads\/2025\/06\/D_740922-MLA84305233879_052025-F.jpg",650,229,false],"1536x1536":["https:\/\/rms-enlinea.com.ar\/wp-content\/uploads\/2025\/06\/D_740922-MLA84305233879_052025-F.jpg",650,229,false],"2048x2048":["https:\/\/rms-enlinea.com.ar\/wp-content\/uploads\/2025\/06\/D_740922-MLA84305233879_052025-F.jpg",650,229,false],"woocommerce_thumbnail":["https:\/\/rms-enlinea.com.ar\/wp-content\/uploads\/2025\/06\/D_740922-MLA84305233879_052025-F-450x229.jpg",450,229,true],"woocommerce_single":["https:\/\/rms-enlinea.com.ar\/wp-content\/uploads\/2025\/06\/D_740922-MLA84305233879_052025-F-600x211.jpg",600,211,true],"woocommerce_gallery_thumbnail":["https:\/\/rms-enlinea.com.ar\/wp-content\/uploads\/2025\/06\/D_740922-MLA84305233879_052025-F-100x100.jpg",100,100,true]},"uagb_author_info":{"display_name":"l0071054","author_link":"https:\/\/rms-enlinea.com.ar\/tienda\/author\/"},"uagb_comment_info":0,"uagb_excerpt":"ESPECIFICACIONES F\u00cdSICASAltura: 290 mmAncho: 103 mmProfundidad: 39 mmESPECIFICACIONES T\u00c9CNICASDise\u00f1o 60% inspirado en los profesionalesKEYCONTROLIluminaci\u00f3n RGB LIGHTSYNCPerfiles de iluminaci\u00f3n integradosCable extra\u00edble de 1,8 m (6 ft)Velocidad de respuesta de 1 msTECNOLOG\u00cdA INAL\u00c1MBRICADuraci\u00f3n de bater\u00eda (recargable): hasta 65 horas 1Las funciones avanzadas requieren el software Logitech G HUB. Descarga en LogitechG.com\/GHUB.Radio de acci\u00f3n inal\u00e1mbrico: hasta 10 m&hellip;","_links":{"self":[{"href":"https:\/\/rms-enlinea.com.ar\/tienda\/wp-json\/wp\/v2\/product\/8444","targetHints":{"allow":["GET"]}}],"collection":[{"href":"https:\/\/rms-enlinea.com.ar\/tienda\/wp-json\/wp\/v2\/product"}],"about":[{"href":"https:\/\/rms-enlinea.com.ar\/tienda\/wp-json\/wp\/v2\/types\/product"}],"replies":[{"embeddable":true,"href":"https:\/\/rms-enlinea.com.ar\/tienda\/wp-json\/wp\/v2\/comments?post=8444"}],"wp:featuredmedia":[{"embeddable":true,"href":"https:\/\/rms-enlinea.com.ar\/tienda\/wp-json\/wp\/v2\/media\/8445"}],"wp:attachment":[{"href":"https:\/\/rms-enlinea.com.ar\/tienda\/wp-json\/wp\/v2\/media?parent=8444"}],"wp:term":[{"taxonomy":"product_brand","embeddable":true,"href":"https:\/\/rms-enlinea.com.ar\/tienda\/wp-json\/wp\/v2\/product_brand?post=8444"},{"taxonomy":"product_cat","embeddable":true,"href":"https:\/\/rms-enlinea.com.ar\/tienda\/wp-json\/wp\/v2\/product_cat?post=8444"},{"taxonomy":"product_tag","embeddable":true,"href":"https:\/\/rms-enlinea.com.ar\/tienda\/wp-json\/wp\/v2\/product_tag?post=8444"}],"curies":[{"name":"wp","href":"https:\/\/api.w.org\/{rel}","templated":true}]}}