{"id":8455,"date":"2025-06-12T04:42:07","date_gmt":"2025-06-12T07:42:07","guid":{"rendered":"https:\/\/rms-enlinea.com.ar\/tienda\/producto\/monitor-lg-27-gamer-27gs75q-b-ips-qhd-200hz-hdmi-dport\/"},"modified":"2026-04-06T13:46:47","modified_gmt":"2026-04-06T16:46:47","slug":"monitor-lg-27-gamer-27gs75q-b-ips-qhd-200hz-hdmi-dport","status":"publish","type":"product","link":"https:\/\/rms-enlinea.com.ar\/tienda\/producto\/monitor-lg-27-gamer-27gs75q-b-ips-qhd-200hz-hdmi-dport\/","title":{"rendered":"Monitor LG 27 Gamer 27gs75q-b Ips Qhd 200hz Hdmi Dport"},"content":{"rendered":"<p>El monitor LG 27 Gamer 27GS75Q-B es la elecci\u00f3n perfecta para los entusiastas de los videojuegos que buscan una experiencia visual inmersiva y de alta calidad. Con un tama\u00f1o de pantalla de 27 pulgadas y una resoluci\u00f3n QHD de 2560 x 1440 p\u00edxeles, cada detalle cobra vida con una claridad impresionante. Su panel IPS garantiza colores vibrantes y \u00e1ngulos de visi\u00f3n amplios, lo que permite disfrutar de tus juegos y pel\u00edculas desde cualquier posici\u00f3n.<\/p>\n<p>Con una frecuencia de actualizaci\u00f3n de 200 Hz, este monitor ofrece una fluidez excepcional en cada movimiento, eliminando el desenfoque y el retraso en la imagen. La relaci\u00f3n de aspecto de 16:9 proporciona un campo de visi\u00f3n amplio, ideal para juegos de acci\u00f3n y aventuras. Adem\u00e1s, cuenta con conexiones HDMI y DisplayPort, facilitando la conexi\u00f3n a diversas fuentes de video.<\/p>\n<p>El dise\u00f1o ergon\u00f3mico del LG 27GS75Q-B incluye altura ajustable y funci\u00f3n de pivote, permitiendo personalizar la posici\u00f3n del monitor para una mayor comodidad durante largas sesiones de juego. Aunque no cuenta con parlantes incorporados, su compatibilidad con montaje VESA ofrece opciones vers\u00e1tiles para integrarlo en tu espacio de trabajo o entretenimiento. <\/p>\n<p>Este monitor no solo es una herramienta de juego, sino tambi\u00e9n un aliado para quienes buscan un rendimiento visual superior en tareas cotidianas. Con 16,7 millones de colores, cada imagen se presenta con una riqueza y profundidad que transforman la experiencia multimedia. El LG 27 Gamer 27GS75Q-B es la opci\u00f3n ideal para quienes buscan calidad, rendimiento y comodidad en un solo dispositivo.<\/p>\n","protected":false},"excerpt":{"rendered":"<p>El monitor LG 27 Gamer 27GS75Q-B es la elecci\u00f3n perfecta para los entusiastas de los videojuegos que buscan una experiencia visual inmersiva y de alta calidad. Con un tama\u00f1o de pantalla de 27 pulgadas y una resoluci\u00f3n QHD de 2560 x 1440 p\u00edxeles, cada detalle cobra vida con una claridad impresionante. Su panel IPS garantiza [&hellip;]<\/p>\n","protected":false},"featured_media":8456,"comment_status":"open","ping_status":"closed","template":"","meta":{"_uag_custom_page_level_css":""},"product_brand":[],"product_cat":[114],"product_tag":[],"class_list":{"0":"post-8455","1":"product","2":"type-product","3":"status-publish","4":"has-post-thumbnail","6":"product_cat-monitores","8":"first","9":"outofstock","10":"sale","11":"taxable","12":"shipping-taxable","13":"purchasable","14":"product-type-simple"},"uagb_featured_image_src":{"full":["https:\/\/rms-enlinea.com.ar\/wp-content\/uploads\/2025\/06\/D_647073-MLA84207394319_042025-F.jpg",510,569,false],"thumbnail":["https:\/\/rms-enlinea.com.ar\/wp-content\/uploads\/2025\/06\/D_647073-MLA84207394319_042025-F-150x150.jpg",150,150,true],"medium":["https:\/\/rms-enlinea.com.ar\/wp-content\/uploads\/2025\/06\/D_647073-MLA84207394319_042025-F-269x300.jpg",269,300,true],"medium_large":["https:\/\/rms-enlinea.com.ar\/wp-content\/uploads\/2025\/06\/D_647073-MLA84207394319_042025-F.jpg",510,569,false],"large":["https:\/\/rms-enlinea.com.ar\/wp-content\/uploads\/2025\/06\/D_647073-MLA84207394319_042025-F.jpg",510,569,false],"1536x1536":["https:\/\/rms-enlinea.com.ar\/wp-content\/uploads\/2025\/06\/D_647073-MLA84207394319_042025-F.jpg",510,569,false],"2048x2048":["https:\/\/rms-enlinea.com.ar\/wp-content\/uploads\/2025\/06\/D_647073-MLA84207394319_042025-F.jpg",510,569,false],"woocommerce_thumbnail":["https:\/\/rms-enlinea.com.ar\/wp-content\/uploads\/2025\/06\/D_647073-MLA84207394319_042025-F-450x450.jpg",450,450,true],"woocommerce_single":["https:\/\/rms-enlinea.com.ar\/wp-content\/uploads\/2025\/06\/D_647073-MLA84207394319_042025-F.jpg",510,569,false],"woocommerce_gallery_thumbnail":["https:\/\/rms-enlinea.com.ar\/wp-content\/uploads\/2025\/06\/D_647073-MLA84207394319_042025-F-100x100.jpg",100,100,true]},"uagb_author_info":{"display_name":"l0071054","author_link":"https:\/\/rms-enlinea.com.ar\/tienda\/author\/"},"uagb_comment_info":0,"uagb_excerpt":"El monitor LG 27 Gamer 27GS75Q-B es la elecci\u00f3n perfecta para los entusiastas de los videojuegos que buscan una experiencia visual inmersiva y de alta calidad. Con un tama\u00f1o de pantalla de 27 pulgadas y una resoluci\u00f3n QHD de 2560 x 1440 p\u00edxeles, cada detalle cobra vida con una claridad impresionante. Su panel IPS garantiza&hellip;","_links":{"self":[{"href":"https:\/\/rms-enlinea.com.ar\/tienda\/wp-json\/wp\/v2\/product\/8455","targetHints":{"allow":["GET"]}}],"collection":[{"href":"https:\/\/rms-enlinea.com.ar\/tienda\/wp-json\/wp\/v2\/product"}],"about":[{"href":"https:\/\/rms-enlinea.com.ar\/tienda\/wp-json\/wp\/v2\/types\/product"}],"replies":[{"embeddable":true,"href":"https:\/\/rms-enlinea.com.ar\/tienda\/wp-json\/wp\/v2\/comments?post=8455"}],"wp:featuredmedia":[{"embeddable":true,"href":"https:\/\/rms-enlinea.com.ar\/tienda\/wp-json\/wp\/v2\/media\/8456"}],"wp:attachment":[{"href":"https:\/\/rms-enlinea.com.ar\/tienda\/wp-json\/wp\/v2\/media?parent=8455"}],"wp:term":[{"taxonomy":"product_brand","embeddable":true,"href":"https:\/\/rms-enlinea.com.ar\/tienda\/wp-json\/wp\/v2\/product_brand?post=8455"},{"taxonomy":"product_cat","embeddable":true,"href":"https:\/\/rms-enlinea.com.ar\/tienda\/wp-json\/wp\/v2\/product_cat?post=8455"},{"taxonomy":"product_tag","embeddable":true,"href":"https:\/\/rms-enlinea.com.ar\/tienda\/wp-json\/wp\/v2\/product_tag?post=8455"}],"curies":[{"name":"wp","href":"https:\/\/api.w.org\/{rel}","templated":true}]}}