{"id":8460,"date":"2025-06-12T04:42:12","date_gmt":"2025-06-12T07:42:12","guid":{"rendered":"https:\/\/rms-enlinea.com.ar\/tienda\/producto\/impresora-multifuncion-tinta-hp-officejet-pro-9730\/"},"modified":"2026-04-14T18:20:19","modified_gmt":"2026-04-14T21:20:19","slug":"impresora-multifuncion-tinta-hp-officejet-pro-9730","status":"publish","type":"product","link":"https:\/\/rms-enlinea.com.ar\/tienda\/producto\/impresora-multifuncion-tinta-hp-officejet-pro-9730\/","title":{"rendered":"Impresora Multifuncion Tinta Hp Officejet Pro 9730"},"content":{"rendered":"<p>La impresora multifunci\u00f3n HP Officejet Pro 9730 es la soluci\u00f3n ideal para quienes buscan eficiencia y calidad en sus tareas de impresi\u00f3n. Con tecnolog\u00eda de inyecci\u00f3n de tinta, ofrece impresiones a color vibrantes y n\u00edtidas, perfectas para documentos profesionales y presentaciones impactantes. Su dise\u00f1o compacto y elegante se adapta a cualquier espacio de trabajo, optimizando el uso del \u00e1rea disponible.<\/p>\n<p>Equipado con conectividad Wi-Fi, permite imprimir de manera inal\u00e1mbrica desde dispositivos m\u00f3viles y computadoras, facilitando el acceso a la impresi\u00f3n desde cualquier lugar de la oficina. Adem\u00e1s, cuenta con un puerto USB para una conexi\u00f3n directa y r\u00e1pida, brindando versatilidad en su uso. <\/p>\n<p>La HP Officejet Pro 9730 no solo imprime, sino que tambi\u00e9n escanea, copia y env\u00eda faxes, convirti\u00e9ndose en un aliado multifuncional que ahorra tiempo y recursos. Su capacidad para manejar diferentes tipos de papel y formatos la hace perfecta para cualquier necesidad, desde documentos simples hasta proyectos m\u00e1s elaborados. <\/p>\n<p>Con esta impresora, la productividad se eleva al siguiente nivel, permitiendo a los usuarios centrarse en lo que realmente importa: hacer crecer su negocio. La HP Officejet Pro 9730 es la elecci\u00f3n perfecta para profesionales y peque\u00f1as empresas que buscan un rendimiento excepcional y resultados de alta calidad en cada impresi\u00f3n.<\/p>\n","protected":false},"excerpt":{"rendered":"<p>La impresora multifunci\u00f3n HP Officejet Pro 9730 es la soluci\u00f3n ideal para quienes buscan eficiencia y calidad en sus tareas de impresi\u00f3n. Con tecnolog\u00eda de inyecci\u00f3n de tinta, ofrece impresiones a color vibrantes y n\u00edtidas, perfectas para documentos profesionales y presentaciones impactantes. Su dise\u00f1o compacto y elegante se adapta a cualquier espacio de trabajo, optimizando [&hellip;]<\/p>\n","protected":false},"featured_media":8461,"comment_status":"open","ping_status":"closed","template":"","meta":{"_uag_custom_page_level_css":""},"product_brand":[552],"product_cat":[15],"product_tag":[],"class_list":{"0":"post-8460","1":"product","2":"type-product","3":"status-publish","4":"has-post-thumbnail","6":"product_brand-hp","7":"product_cat-sin-categorizar","9":"first","10":"instock","11":"sale","12":"taxable","13":"shipping-taxable","14":"purchasable","15":"product-type-simple"},"uagb_featured_image_src":{"full":["https:\/\/rms-enlinea.com.ar\/wp-content\/uploads\/2025\/06\/D_972203-MLA80479869325_112024-F.jpg",1184,958,false],"thumbnail":["https:\/\/rms-enlinea.com.ar\/wp-content\/uploads\/2025\/06\/D_972203-MLA80479869325_112024-F-150x150.jpg",150,150,true],"medium":["https:\/\/rms-enlinea.com.ar\/wp-content\/uploads\/2025\/06\/D_972203-MLA80479869325_112024-F-300x243.jpg",300,243,true],"medium_large":["https:\/\/rms-enlinea.com.ar\/wp-content\/uploads\/2025\/06\/D_972203-MLA80479869325_112024-F-768x621.jpg",768,621,true],"large":["https:\/\/rms-enlinea.com.ar\/wp-content\/uploads\/2025\/06\/D_972203-MLA80479869325_112024-F-1024x829.jpg",1024,829,true],"1536x1536":["https:\/\/rms-enlinea.com.ar\/wp-content\/uploads\/2025\/06\/D_972203-MLA80479869325_112024-F.jpg",1184,958,false],"2048x2048":["https:\/\/rms-enlinea.com.ar\/wp-content\/uploads\/2025\/06\/D_972203-MLA80479869325_112024-F.jpg",1184,958,false],"woocommerce_thumbnail":["https:\/\/rms-enlinea.com.ar\/wp-content\/uploads\/2025\/06\/D_972203-MLA80479869325_112024-F-450x450.jpg",450,450,true],"woocommerce_single":["https:\/\/rms-enlinea.com.ar\/wp-content\/uploads\/2025\/06\/D_972203-MLA80479869325_112024-F-600x485.jpg",600,485,true],"woocommerce_gallery_thumbnail":["https:\/\/rms-enlinea.com.ar\/wp-content\/uploads\/2025\/06\/D_972203-MLA80479869325_112024-F-100x100.jpg",100,100,true]},"uagb_author_info":{"display_name":"l0071054","author_link":"https:\/\/rms-enlinea.com.ar\/tienda\/author\/"},"uagb_comment_info":0,"uagb_excerpt":"La impresora multifunci\u00f3n HP Officejet Pro 9730 es la soluci\u00f3n ideal para quienes buscan eficiencia y calidad en sus tareas de impresi\u00f3n. Con tecnolog\u00eda de inyecci\u00f3n de tinta, ofrece impresiones a color vibrantes y n\u00edtidas, perfectas para documentos profesionales y presentaciones impactantes. Su dise\u00f1o compacto y elegante se adapta a cualquier espacio de trabajo, optimizando&hellip;","_links":{"self":[{"href":"https:\/\/rms-enlinea.com.ar\/tienda\/wp-json\/wp\/v2\/product\/8460","targetHints":{"allow":["GET"]}}],"collection":[{"href":"https:\/\/rms-enlinea.com.ar\/tienda\/wp-json\/wp\/v2\/product"}],"about":[{"href":"https:\/\/rms-enlinea.com.ar\/tienda\/wp-json\/wp\/v2\/types\/product"}],"replies":[{"embeddable":true,"href":"https:\/\/rms-enlinea.com.ar\/tienda\/wp-json\/wp\/v2\/comments?post=8460"}],"wp:featuredmedia":[{"embeddable":true,"href":"https:\/\/rms-enlinea.com.ar\/tienda\/wp-json\/wp\/v2\/media\/8461"}],"wp:attachment":[{"href":"https:\/\/rms-enlinea.com.ar\/tienda\/wp-json\/wp\/v2\/media?parent=8460"}],"wp:term":[{"taxonomy":"product_brand","embeddable":true,"href":"https:\/\/rms-enlinea.com.ar\/tienda\/wp-json\/wp\/v2\/product_brand?post=8460"},{"taxonomy":"product_cat","embeddable":true,"href":"https:\/\/rms-enlinea.com.ar\/tienda\/wp-json\/wp\/v2\/product_cat?post=8460"},{"taxonomy":"product_tag","embeddable":true,"href":"https:\/\/rms-enlinea.com.ar\/tienda\/wp-json\/wp\/v2\/product_tag?post=8460"}],"curies":[{"name":"wp","href":"https:\/\/api.w.org\/{rel}","templated":true}]}}