{"id":8663,"date":"2025-06-12T04:46:38","date_gmt":"2025-06-12T07:46:38","guid":{"rendered":"https:\/\/rms-enlinea.com.ar\/tienda\/producto\/mother-gigabyte-b760m-power-1-0-lga-1700-ddr5-13va-14va-gen\/"},"modified":"2026-04-21T06:14:22","modified_gmt":"2026-04-21T09:14:22","slug":"mother-gigabyte-b760m-power-1-0-lga-1700-ddr5-13va-14va-gen","status":"publish","type":"product","link":"https:\/\/rms-enlinea.com.ar\/tienda\/producto\/mother-gigabyte-b760m-power-1-0-lga-1700-ddr5-13va-14va-gen\/","title":{"rendered":"Mother Gigabyte B760m Power 1.0 Lga 1700 Ddr5 13va 14va Gen"},"content":{"rendered":"<p>La motherboard Gigabyte B760M POWER es la elecci\u00f3n ideal para quienes buscan un rendimiento excepcional en sus sistemas basados en Intel. Con su socket LGA 1700, esta placa base es compatible con los procesadores de \u00faltima generaci\u00f3n, permitiendo aprovechar al m\u00e1ximo la potencia de tu equipo. Su dise\u00f1o en color negro no solo aporta un toque est\u00e9tico, sino que tambi\u00e9n facilita la integraci\u00f3n en cualquier configuraci\u00f3n de hardware.<\/p>\n<p>El factor de forma mATX de la B760M POWER permite una instalaci\u00f3n sencilla en una variedad de gabinetes, optimizando el espacio sin sacrificar caracter\u00edsticas. Esta placa base soporta memoria DDR5, lo que garantiza velocidades de transferencia de datos m\u00e1s r\u00e1pidas y un rendimiento superior en aplicaciones exigentes. Adem\u00e1s, su robusta construcci\u00f3n asegura una durabilidad y estabilidad que son esenciales para los entusiastas del gaming y la creaci\u00f3n de contenido.<\/p>\n<p>Con m\u00faltiples opciones de conectividad y expansi\u00f3n, la Gigabyte B760M POWER est\u00e1 dise\u00f1ada para adaptarse a tus necesidades. Ya sea que est\u00e9s construyendo un sistema para juegos, trabajo o entretenimiento, esta motherboard ofrece la flexibilidad necesaria para personalizar tu experiencia. Aprovecha al m\u00e1ximo cada componente de tu PC y lleva tu rendimiento al siguiente nivel con esta potente placa base.<\/p>\n","protected":false},"excerpt":{"rendered":"<p>La motherboard Gigabyte B760M POWER es la elecci\u00f3n ideal para quienes buscan un rendimiento excepcional en sus sistemas basados en Intel. Con su socket LGA 1700, esta placa base es compatible con los procesadores de \u00faltima generaci\u00f3n, permitiendo aprovechar al m\u00e1ximo la potencia de tu equipo. Su dise\u00f1o en color negro no solo aporta un [&hellip;]<\/p>\n","protected":false},"featured_media":8664,"comment_status":"open","ping_status":"closed","template":"","meta":{"_uag_custom_page_level_css":""},"product_brand":[532],"product_cat":[115],"product_tag":[],"class_list":{"0":"post-8663","1":"product","2":"type-product","3":"status-publish","4":"has-post-thumbnail","6":"product_brand-gigabyte","7":"product_cat-mother","9":"first","10":"outofstock","11":"sale","12":"taxable","13":"shipping-taxable","14":"purchasable","15":"product-type-simple"},"uagb_featured_image_src":{"full":["https:\/\/rms-enlinea.com.ar\/wp-content\/uploads\/2025\/06\/D_605633-MLA79176018682_092024-F.jpg",881,537,false],"thumbnail":["https:\/\/rms-enlinea.com.ar\/wp-content\/uploads\/2025\/06\/D_605633-MLA79176018682_092024-F-150x150.jpg",150,150,true],"medium":["https:\/\/rms-enlinea.com.ar\/wp-content\/uploads\/2025\/06\/D_605633-MLA79176018682_092024-F-300x183.jpg",300,183,true],"medium_large":["https:\/\/rms-enlinea.com.ar\/wp-content\/uploads\/2025\/06\/D_605633-MLA79176018682_092024-F-768x468.jpg",768,468,true],"large":["https:\/\/rms-enlinea.com.ar\/wp-content\/uploads\/2025\/06\/D_605633-MLA79176018682_092024-F.jpg",881,537,false],"1536x1536":["https:\/\/rms-enlinea.com.ar\/wp-content\/uploads\/2025\/06\/D_605633-MLA79176018682_092024-F.jpg",881,537,false],"2048x2048":["https:\/\/rms-enlinea.com.ar\/wp-content\/uploads\/2025\/06\/D_605633-MLA79176018682_092024-F.jpg",881,537,false],"woocommerce_thumbnail":["https:\/\/rms-enlinea.com.ar\/wp-content\/uploads\/2025\/06\/D_605633-MLA79176018682_092024-F-450x450.jpg",450,450,true],"woocommerce_single":["https:\/\/rms-enlinea.com.ar\/wp-content\/uploads\/2025\/06\/D_605633-MLA79176018682_092024-F-600x366.jpg",600,366,true],"woocommerce_gallery_thumbnail":["https:\/\/rms-enlinea.com.ar\/wp-content\/uploads\/2025\/06\/D_605633-MLA79176018682_092024-F-100x100.jpg",100,100,true]},"uagb_author_info":{"display_name":"l0071054","author_link":"https:\/\/rms-enlinea.com.ar\/tienda\/author\/"},"uagb_comment_info":0,"uagb_excerpt":"La motherboard Gigabyte B760M POWER es la elecci\u00f3n ideal para quienes buscan un rendimiento excepcional en sus sistemas basados en Intel. Con su socket LGA 1700, esta placa base es compatible con los procesadores de \u00faltima generaci\u00f3n, permitiendo aprovechar al m\u00e1ximo la potencia de tu equipo. Su dise\u00f1o en color negro no solo aporta un&hellip;","_links":{"self":[{"href":"https:\/\/rms-enlinea.com.ar\/tienda\/wp-json\/wp\/v2\/product\/8663","targetHints":{"allow":["GET"]}}],"collection":[{"href":"https:\/\/rms-enlinea.com.ar\/tienda\/wp-json\/wp\/v2\/product"}],"about":[{"href":"https:\/\/rms-enlinea.com.ar\/tienda\/wp-json\/wp\/v2\/types\/product"}],"replies":[{"embeddable":true,"href":"https:\/\/rms-enlinea.com.ar\/tienda\/wp-json\/wp\/v2\/comments?post=8663"}],"wp:featuredmedia":[{"embeddable":true,"href":"https:\/\/rms-enlinea.com.ar\/tienda\/wp-json\/wp\/v2\/media\/8664"}],"wp:attachment":[{"href":"https:\/\/rms-enlinea.com.ar\/tienda\/wp-json\/wp\/v2\/media?parent=8663"}],"wp:term":[{"taxonomy":"product_brand","embeddable":true,"href":"https:\/\/rms-enlinea.com.ar\/tienda\/wp-json\/wp\/v2\/product_brand?post=8663"},{"taxonomy":"product_cat","embeddable":true,"href":"https:\/\/rms-enlinea.com.ar\/tienda\/wp-json\/wp\/v2\/product_cat?post=8663"},{"taxonomy":"product_tag","embeddable":true,"href":"https:\/\/rms-enlinea.com.ar\/tienda\/wp-json\/wp\/v2\/product_tag?post=8663"}],"curies":[{"name":"wp","href":"https:\/\/api.w.org\/{rel}","templated":true}]}}