{"id":8714,"date":"2025-06-12T04:47:58","date_gmt":"2025-06-12T07:47:58","guid":{"rendered":"https:\/\/rms-enlinea.com.ar\/tienda\/producto\/procesador-intel-core-ultra-5-225-s1851-c-video-c-cooler\/"},"modified":"2026-04-01T15:41:14","modified_gmt":"2026-04-01T18:41:14","slug":"procesador-intel-core-ultra-5-225-s1851-c-video-c-cooler","status":"publish","type":"product","link":"https:\/\/rms-enlinea.com.ar\/tienda\/producto\/procesador-intel-core-ultra-5-225-s1851-c-video-c-cooler\/","title":{"rendered":"Procesador Intel Core Ultra 5 225 S1851 C\/video C\/cooler"},"content":{"rendered":"<p>Especificaciones de la CPU<br \/>Cantidad de n\u00facleos <br \/>10<br \/>Cantidad de Performance-cores<br \/>6<br \/>Cantidad de Efficient-cores<br \/>4<br \/>Total de subprocesos <br \/>10<br \/>Frecuencia turbo m\u00e1xima <br \/>4.9 GHz<br \/>Frecuencia turbo m\u00e1xima del Performance-core <br \/>4.9 GHz<br \/>Frecuencia turbo m\u00e1xima de Efficient-core <br \/>4.4 GHz<br \/>Frecuencia base de Performance-core <br \/>3.3 GHz<br \/>Frecuencia base de Efficient-core <br \/>2.7 GHz<br \/>Cach\u00e9 <br \/>20 MB Intel\u00ae Smart Cache<br \/>Cach\u00e9 L2 total<br \/>22 MB<br \/>Potencia base del procesador <br \/>65 W<br \/>Potencia turbo m\u00e1xima <br \/>121 W<br \/>Intel\u00ae Deep Learning Boost (Intel\u00ae DL Boost) <br \/>Si<br \/>AI Software Frameworks Supported by CPU<br \/>OpenVINO\u2122, WindowsML, DirectML, ONNX RT, WebNN<br \/>Litograf\u00eda de CPU <br \/>TSMC N3B<\/p>\n","protected":false},"excerpt":{"rendered":"<p>Especificaciones de la CPUCantidad de n\u00facleos 10Cantidad de Performance-cores6Cantidad de Efficient-cores4Total de subprocesos 10Frecuencia turbo m\u00e1xima 4.9 GHzFrecuencia turbo m\u00e1xima del Performance-core 4.9 GHzFrecuencia turbo m\u00e1xima de Efficient-core 4.4 GHzFrecuencia base de Performance-core 3.3 GHzFrecuencia base de Efficient-core 2.7 GHzCach\u00e9 20 MB Intel\u00ae Smart CacheCach\u00e9 L2 total22 MBPotencia base del procesador 65 WPotencia turbo m\u00e1xima [&hellip;]<\/p>\n","protected":false},"featured_media":8719,"comment_status":"open","ping_status":"closed","template":"","meta":{"_uag_custom_page_level_css":""},"product_brand":[530],"product_cat":[15],"product_tag":[],"class_list":{"0":"post-8714","1":"product","2":"type-product","3":"status-publish","4":"has-post-thumbnail","6":"product_brand-intel","7":"product_cat-sin-categorizar","9":"first","10":"outofstock","11":"sale","12":"taxable","13":"shipping-taxable","14":"purchasable","15":"product-type-simple"},"uagb_featured_image_src":{"full":["https:\/\/rms-enlinea.com.ar\/wp-content\/uploads\/2025\/06\/D_837987-MLA82305916642_022025-F.jpg",1095,1200,false],"thumbnail":["https:\/\/rms-enlinea.com.ar\/wp-content\/uploads\/2025\/06\/D_837987-MLA82305916642_022025-F-150x150.jpg",150,150,true],"medium":["https:\/\/rms-enlinea.com.ar\/wp-content\/uploads\/2025\/06\/D_837987-MLA82305916642_022025-F-274x300.jpg",274,300,true],"medium_large":["https:\/\/rms-enlinea.com.ar\/wp-content\/uploads\/2025\/06\/D_837987-MLA82305916642_022025-F-768x842.jpg",768,842,true],"large":["https:\/\/rms-enlinea.com.ar\/wp-content\/uploads\/2025\/06\/D_837987-MLA82305916642_022025-F-934x1024.jpg",934,1024,true],"1536x1536":["https:\/\/rms-enlinea.com.ar\/wp-content\/uploads\/2025\/06\/D_837987-MLA82305916642_022025-F.jpg",1095,1200,false],"2048x2048":["https:\/\/rms-enlinea.com.ar\/wp-content\/uploads\/2025\/06\/D_837987-MLA82305916642_022025-F.jpg",1095,1200,false],"woocommerce_thumbnail":["https:\/\/rms-enlinea.com.ar\/wp-content\/uploads\/2025\/06\/D_837987-MLA82305916642_022025-F-450x450.jpg",450,450,true],"woocommerce_single":["https:\/\/rms-enlinea.com.ar\/wp-content\/uploads\/2025\/06\/D_837987-MLA82305916642_022025-F-600x658.jpg",600,658,true],"woocommerce_gallery_thumbnail":["https:\/\/rms-enlinea.com.ar\/wp-content\/uploads\/2025\/06\/D_837987-MLA82305916642_022025-F-100x100.jpg",100,100,true]},"uagb_author_info":{"display_name":"l0071054","author_link":"https:\/\/rms-enlinea.com.ar\/tienda\/author\/"},"uagb_comment_info":0,"uagb_excerpt":"Especificaciones de la CPUCantidad de n\u00facleos 10Cantidad de Performance-cores6Cantidad de Efficient-cores4Total de subprocesos 10Frecuencia turbo m\u00e1xima 4.9 GHzFrecuencia turbo m\u00e1xima del Performance-core 4.9 GHzFrecuencia turbo m\u00e1xima de Efficient-core 4.4 GHzFrecuencia base de Performance-core 3.3 GHzFrecuencia base de Efficient-core 2.7 GHzCach\u00e9 20 MB Intel\u00ae Smart CacheCach\u00e9 L2 total22 MBPotencia base del procesador 65 WPotencia turbo m\u00e1xima&hellip;","_links":{"self":[{"href":"https:\/\/rms-enlinea.com.ar\/tienda\/wp-json\/wp\/v2\/product\/8714","targetHints":{"allow":["GET"]}}],"collection":[{"href":"https:\/\/rms-enlinea.com.ar\/tienda\/wp-json\/wp\/v2\/product"}],"about":[{"href":"https:\/\/rms-enlinea.com.ar\/tienda\/wp-json\/wp\/v2\/types\/product"}],"replies":[{"embeddable":true,"href":"https:\/\/rms-enlinea.com.ar\/tienda\/wp-json\/wp\/v2\/comments?post=8714"}],"wp:featuredmedia":[{"embeddable":true,"href":"https:\/\/rms-enlinea.com.ar\/tienda\/wp-json\/wp\/v2\/media\/8719"}],"wp:attachment":[{"href":"https:\/\/rms-enlinea.com.ar\/tienda\/wp-json\/wp\/v2\/media?parent=8714"}],"wp:term":[{"taxonomy":"product_brand","embeddable":true,"href":"https:\/\/rms-enlinea.com.ar\/tienda\/wp-json\/wp\/v2\/product_brand?post=8714"},{"taxonomy":"product_cat","embeddable":true,"href":"https:\/\/rms-enlinea.com.ar\/tienda\/wp-json\/wp\/v2\/product_cat?post=8714"},{"taxonomy":"product_tag","embeddable":true,"href":"https:\/\/rms-enlinea.com.ar\/tienda\/wp-json\/wp\/v2\/product_tag?post=8714"}],"curies":[{"name":"wp","href":"https:\/\/api.w.org\/{rel}","templated":true}]}}