{"id":8796,"date":"2025-06-12T04:49:59","date_gmt":"2025-06-12T07:49:59","guid":{"rendered":"https:\/\/rms-enlinea.com.ar\/tienda\/producto\/access-point-tp-link-eap650-outdoor-ax3000-dual-band-mesh\/"},"modified":"2026-04-02T16:59:06","modified_gmt":"2026-04-02T19:59:06","slug":"access-point-tp-link-eap650-outdoor-ax3000-dual-band-mesh","status":"publish","type":"product","link":"https:\/\/rms-enlinea.com.ar\/tienda\/producto\/access-point-tp-link-eap650-outdoor-ax3000-dual-band-mesh\/","title":{"rendered":"Access Point Tp-link Eap650-outdoor Ax3000 Dual Band Mesh"},"content":{"rendered":"<p>CARACTER\u00cdSTICAS DE HARDWARE<br \/>Interface             <\/p>\n<p>1\u00d7 Gigabit Ethernet (RJ-45) Port (Support 802.3at PoE and Passive PoE)<br \/>Bot\u00f3n  <\/p>\n<p>Reset<br \/>Fuente de alimentaci\u00f3n<\/p>\n<p>802.3at PoE<br \/>8V Passive PoE (PoE Adapter Included)<br \/>Consumo de Poder         <\/p>\n<p>EU: 12.5W (802.3at PoE or Passive PoE)<br \/>US: 14.7W (802.3at PoE or Passive PoE)<br \/>Dimensiones (An x Pr x Al)          <\/p>\n<p>280.4\u00d7106.5\u00d756.8 mm (without antenna &#038; mounting kit)<br \/>Antena<\/p>\n<p>2.4 GHz: 2\u00d7 4 dBi<br \/>5 GHz: 2\u00d7 5 dBi<br \/>Recinto resistente a la intemperie<\/p>\n<p>IP67<br \/>Montaje<\/p>\n<p>Pole\/Wall Mounting (Kits included)<\/p>\n","protected":false},"excerpt":{"rendered":"<p>CARACTER\u00cdSTICAS DE HARDWAREInterface 1\u00d7 Gigabit Ethernet (RJ-45) Port (Support 802.3at PoE and Passive PoE)Bot\u00f3n ResetFuente de alimentaci\u00f3n 802.3at PoE8V Passive PoE (PoE Adapter Included)Consumo de Poder EU: 12.5W (802.3at PoE or Passive PoE)US: 14.7W (802.3at PoE or Passive PoE)Dimensiones (An x Pr x Al) 280.4\u00d7106.5\u00d756.8 mm (without antenna &#038; mounting kit)Antena 2.4 GHz: 2\u00d7 4 [&hellip;]<\/p>\n","protected":false},"featured_media":8797,"comment_status":"open","ping_status":"closed","template":"","meta":{"_uag_custom_page_level_css":""},"product_brand":[546],"product_cat":[122],"product_tag":[],"class_list":{"0":"post-8796","1":"product","2":"type-product","3":"status-publish","4":"has-post-thumbnail","6":"product_brand-tplink","7":"product_cat-redes-y-conectividad","9":"first","10":"outofstock","11":"sale","12":"taxable","13":"shipping-taxable","14":"purchasable","15":"product-type-simple"},"uagb_featured_image_src":{"full":["https:\/\/rms-enlinea.com.ar\/wp-content\/uploads\/2025\/06\/D_912454-MLU74111558713_012024-F.jpg",209,567,false],"thumbnail":["https:\/\/rms-enlinea.com.ar\/wp-content\/uploads\/2025\/06\/D_912454-MLU74111558713_012024-F-150x150.jpg",150,150,true],"medium":["https:\/\/rms-enlinea.com.ar\/wp-content\/uploads\/2025\/06\/D_912454-MLU74111558713_012024-F-111x300.jpg",111,300,true],"medium_large":["https:\/\/rms-enlinea.com.ar\/wp-content\/uploads\/2025\/06\/D_912454-MLU74111558713_012024-F.jpg",209,567,false],"large":["https:\/\/rms-enlinea.com.ar\/wp-content\/uploads\/2025\/06\/D_912454-MLU74111558713_012024-F.jpg",209,567,false],"1536x1536":["https:\/\/rms-enlinea.com.ar\/wp-content\/uploads\/2025\/06\/D_912454-MLU74111558713_012024-F.jpg",209,567,false],"2048x2048":["https:\/\/rms-enlinea.com.ar\/wp-content\/uploads\/2025\/06\/D_912454-MLU74111558713_012024-F.jpg",209,567,false],"woocommerce_thumbnail":["https:\/\/rms-enlinea.com.ar\/wp-content\/uploads\/2025\/06\/D_912454-MLU74111558713_012024-F-209x450.jpg",209,450,true],"woocommerce_single":["https:\/\/rms-enlinea.com.ar\/wp-content\/uploads\/2025\/06\/D_912454-MLU74111558713_012024-F.jpg",209,567,false],"woocommerce_gallery_thumbnail":["https:\/\/rms-enlinea.com.ar\/wp-content\/uploads\/2025\/06\/D_912454-MLU74111558713_012024-F-100x100.jpg",100,100,true]},"uagb_author_info":{"display_name":"l0071054","author_link":"https:\/\/rms-enlinea.com.ar\/tienda\/author\/"},"uagb_comment_info":0,"uagb_excerpt":"CARACTER\u00cdSTICAS DE HARDWAREInterface 1\u00d7 Gigabit Ethernet (RJ-45) Port (Support 802.3at PoE and Passive PoE)Bot\u00f3n ResetFuente de alimentaci\u00f3n 802.3at PoE8V Passive PoE (PoE Adapter Included)Consumo de Poder EU: 12.5W (802.3at PoE or Passive PoE)US: 14.7W (802.3at PoE or Passive PoE)Dimensiones (An x Pr x Al) 280.4\u00d7106.5\u00d756.8 mm (without antenna &#038; mounting kit)Antena 2.4 GHz: 2\u00d7 4&hellip;","_links":{"self":[{"href":"https:\/\/rms-enlinea.com.ar\/tienda\/wp-json\/wp\/v2\/product\/8796","targetHints":{"allow":["GET"]}}],"collection":[{"href":"https:\/\/rms-enlinea.com.ar\/tienda\/wp-json\/wp\/v2\/product"}],"about":[{"href":"https:\/\/rms-enlinea.com.ar\/tienda\/wp-json\/wp\/v2\/types\/product"}],"replies":[{"embeddable":true,"href":"https:\/\/rms-enlinea.com.ar\/tienda\/wp-json\/wp\/v2\/comments?post=8796"}],"wp:featuredmedia":[{"embeddable":true,"href":"https:\/\/rms-enlinea.com.ar\/tienda\/wp-json\/wp\/v2\/media\/8797"}],"wp:attachment":[{"href":"https:\/\/rms-enlinea.com.ar\/tienda\/wp-json\/wp\/v2\/media?parent=8796"}],"wp:term":[{"taxonomy":"product_brand","embeddable":true,"href":"https:\/\/rms-enlinea.com.ar\/tienda\/wp-json\/wp\/v2\/product_brand?post=8796"},{"taxonomy":"product_cat","embeddable":true,"href":"https:\/\/rms-enlinea.com.ar\/tienda\/wp-json\/wp\/v2\/product_cat?post=8796"},{"taxonomy":"product_tag","embeddable":true,"href":"https:\/\/rms-enlinea.com.ar\/tienda\/wp-json\/wp\/v2\/product_tag?post=8796"}],"curies":[{"name":"wp","href":"https:\/\/api.w.org\/{rel}","templated":true}]}}