{"id":8896,"date":"2025-06-12T04:51:37","date_gmt":"2025-06-12T07:51:37","guid":{"rendered":"https:\/\/rms-enlinea.com.ar\/tienda\/producto\/kit-x-108-keycaps-double-shot-afterglow-ducky-dksa108-usadzz\/"},"modified":"2026-05-04T10:54:31","modified_gmt":"2026-05-04T13:54:31","slug":"kit-x-108-keycaps-double-shot-afterglow-ducky-dksa108-usadzz","status":"publish","type":"product","link":"https:\/\/rms-enlinea.com.ar\/tienda\/producto\/kit-x-108-keycaps-double-shot-afterglow-ducky-dksa108-usadzz\/","title":{"rendered":"Kit X 108 Keycaps Double-shot Afterglow Ducky Dksa108-usadzz"},"content":{"rendered":"<p>EL PRODUCTO SON SOLO LAS 108 KEYCAPS<\/p>\n<p>El set de teclas Afterglow SA es un conjunto de teclas para teclados mec\u00e1nicos que cuenta con un dise\u00f1o llamativo y colorido inspirado en el efecto de &#8220;afterglow&#8221;, que es una luz residual que brilla despu\u00e9s de que la fuente de luz original ha desaparecido. Estas teclas est\u00e1n fabricadas en pl\u00e1stico ABS de doble disparo sin costuras, lo que significa que las leyendas de las teclas no se desgastar\u00e1n con el uso intensivo.<br \/>El set de teclas Afterglow SA est\u00e1 dise\u00f1ado para el est\u00e1ndar de teclado ANSI (layout US) y consta de 108 teclas, incluyendo teclas de funci\u00f3n, teclas de flecha y teclas adicionales con el tema de Afterglow. Este set de teclas es compatible con la mayor\u00eda de los teclados mec\u00e1nicos que utilizan interruptores Cherry MX y clones.<br \/>Si est\u00e1s buscando personalizar tu teclado mec\u00e1nico con un estilo \u00fanico y vibrante, el set de teclas Afterglow SA puede ser una excelente opci\u00f3n para ti.<\/p>\n","protected":false},"excerpt":{"rendered":"<p>EL PRODUCTO SON SOLO LAS 108 KEYCAPS El set de teclas Afterglow SA es un conjunto de teclas para teclados mec\u00e1nicos que cuenta con un dise\u00f1o llamativo y colorido inspirado en el efecto de &#8220;afterglow&#8221;, que es una luz residual que brilla despu\u00e9s de que la fuente de luz original ha desaparecido. Estas teclas est\u00e1n [&hellip;]<\/p>\n","protected":false},"featured_media":8897,"comment_status":"open","ping_status":"closed","template":"","meta":{"_uag_custom_page_level_css":""},"product_brand":[576],"product_cat":[125],"product_tag":[],"class_list":{"0":"post-8896","1":"product","2":"type-product","3":"status-publish","4":"has-post-thumbnail","6":"product_brand-ducky","7":"product_cat-teclados-y-mouses","9":"first","10":"outofstock","11":"sale","12":"taxable","13":"shipping-taxable","14":"purchasable","15":"product-type-simple"},"uagb_featured_image_src":{"full":["https:\/\/rms-enlinea.com.ar\/wp-content\/uploads\/2025\/06\/D_745666-MLA82188916231_012025-F.jpg",1185,1200,false],"thumbnail":["https:\/\/rms-enlinea.com.ar\/wp-content\/uploads\/2025\/06\/D_745666-MLA82188916231_012025-F-150x150.jpg",150,150,true],"medium":["https:\/\/rms-enlinea.com.ar\/wp-content\/uploads\/2025\/06\/D_745666-MLA82188916231_012025-F-296x300.jpg",296,300,true],"medium_large":["https:\/\/rms-enlinea.com.ar\/wp-content\/uploads\/2025\/06\/D_745666-MLA82188916231_012025-F-768x778.jpg",768,778,true],"large":["https:\/\/rms-enlinea.com.ar\/wp-content\/uploads\/2025\/06\/D_745666-MLA82188916231_012025-F-1011x1024.jpg",1011,1024,true],"1536x1536":["https:\/\/rms-enlinea.com.ar\/wp-content\/uploads\/2025\/06\/D_745666-MLA82188916231_012025-F.jpg",1185,1200,false],"2048x2048":["https:\/\/rms-enlinea.com.ar\/wp-content\/uploads\/2025\/06\/D_745666-MLA82188916231_012025-F.jpg",1185,1200,false],"woocommerce_thumbnail":["https:\/\/rms-enlinea.com.ar\/wp-content\/uploads\/2025\/06\/D_745666-MLA82188916231_012025-F-450x450.jpg",450,450,true],"woocommerce_single":["https:\/\/rms-enlinea.com.ar\/wp-content\/uploads\/2025\/06\/D_745666-MLA82188916231_012025-F-600x608.jpg",600,608,true],"woocommerce_gallery_thumbnail":["https:\/\/rms-enlinea.com.ar\/wp-content\/uploads\/2025\/06\/D_745666-MLA82188916231_012025-F-100x100.jpg",100,100,true]},"uagb_author_info":{"display_name":"l0071054","author_link":"https:\/\/rms-enlinea.com.ar\/tienda\/author\/"},"uagb_comment_info":0,"uagb_excerpt":"EL PRODUCTO SON SOLO LAS 108 KEYCAPS El set de teclas Afterglow SA es un conjunto de teclas para teclados mec\u00e1nicos que cuenta con un dise\u00f1o llamativo y colorido inspirado en el efecto de &#8220;afterglow&#8221;, que es una luz residual que brilla despu\u00e9s de que la fuente de luz original ha desaparecido. Estas teclas est\u00e1n&hellip;","_links":{"self":[{"href":"https:\/\/rms-enlinea.com.ar\/tienda\/wp-json\/wp\/v2\/product\/8896","targetHints":{"allow":["GET"]}}],"collection":[{"href":"https:\/\/rms-enlinea.com.ar\/tienda\/wp-json\/wp\/v2\/product"}],"about":[{"href":"https:\/\/rms-enlinea.com.ar\/tienda\/wp-json\/wp\/v2\/types\/product"}],"replies":[{"embeddable":true,"href":"https:\/\/rms-enlinea.com.ar\/tienda\/wp-json\/wp\/v2\/comments?post=8896"}],"wp:featuredmedia":[{"embeddable":true,"href":"https:\/\/rms-enlinea.com.ar\/tienda\/wp-json\/wp\/v2\/media\/8897"}],"wp:attachment":[{"href":"https:\/\/rms-enlinea.com.ar\/tienda\/wp-json\/wp\/v2\/media?parent=8896"}],"wp:term":[{"taxonomy":"product_brand","embeddable":true,"href":"https:\/\/rms-enlinea.com.ar\/tienda\/wp-json\/wp\/v2\/product_brand?post=8896"},{"taxonomy":"product_cat","embeddable":true,"href":"https:\/\/rms-enlinea.com.ar\/tienda\/wp-json\/wp\/v2\/product_cat?post=8896"},{"taxonomy":"product_tag","embeddable":true,"href":"https:\/\/rms-enlinea.com.ar\/tienda\/wp-json\/wp\/v2\/product_tag?post=8896"}],"curies":[{"name":"wp","href":"https:\/\/api.w.org\/{rel}","templated":true}]}}