{"id":8908,"date":"2025-06-12T04:51:48","date_gmt":"2025-06-12T07:51:48","guid":{"rendered":"https:\/\/rms-enlinea.com.ar\/tienda\/producto\/kit-x-108-keycaps-double-shot-azure-sa-ducky-dksa108-usa\/"},"modified":"2026-04-06T14:37:31","modified_gmt":"2026-04-06T17:37:31","slug":"kit-x-108-keycaps-double-shot-azure-sa-ducky-dksa108-usa","status":"publish","type":"product","link":"https:\/\/rms-enlinea.com.ar\/tienda\/producto\/kit-x-108-keycaps-double-shot-azure-sa-ducky-dksa108-usa\/","title":{"rendered":"Kit X 108 Keycaps Double-shot Azure Sa Ducky Dksa108-usa"},"content":{"rendered":"<p>EL PRODUCTO SON SOLO LAS 108 KEYCAPS<\/p>\n<p>El set de teclas Ducky Cotton Candy es un conjunto de 108 teclas de repuesto dise\u00f1adas para teclados mec\u00e1nicos. Estas teclas tienen un dise\u00f1o double shot, lo que significa que las letras y s\u00edmbolos est\u00e1n moldeados en dos capas, lo que proporciona una mayor durabilidad y resistencia al desgaste.<br \/>El set de teclas Ducky Cotton Candy presenta un colorido esquema de colores pastel en tonos rosados, azules y blancos, que le da un aspecto \u00fanico y llamativo a tu teclado. Este set de teclas es compatible con teclados Ducky y otros teclados que utilicen el est\u00e1ndar de distribuci\u00f3n ANSI.<br \/>Cambiar las teclas de tu teclado por este set de teclas Ducky Cotton Candy puede personalizar y darle un toque \u00fanico a tu configuraci\u00f3n, haci\u00e9ndola m\u00e1s colorida y atractiva visualmente. \u00a1Es una forma divertida de personalizar tu experiencia de escritura!<\/p>\n","protected":false},"excerpt":{"rendered":"<p>EL PRODUCTO SON SOLO LAS 108 KEYCAPS El set de teclas Ducky Cotton Candy es un conjunto de 108 teclas de repuesto dise\u00f1adas para teclados mec\u00e1nicos. Estas teclas tienen un dise\u00f1o double shot, lo que significa que las letras y s\u00edmbolos est\u00e1n moldeados en dos capas, lo que proporciona una mayor durabilidad y resistencia al [&hellip;]<\/p>\n","protected":false},"featured_media":8909,"comment_status":"open","ping_status":"closed","template":"","meta":{"_uag_custom_page_level_css":""},"product_brand":[576],"product_cat":[125],"product_tag":[],"class_list":{"0":"post-8908","1":"product","2":"type-product","3":"status-publish","4":"has-post-thumbnail","6":"product_brand-ducky","7":"product_cat-teclados-y-mouses","9":"first","10":"instock","11":"sale","12":"taxable","13":"shipping-taxable","14":"purchasable","15":"product-type-simple"},"uagb_featured_image_src":{"full":["https:\/\/rms-enlinea.com.ar\/wp-content\/uploads\/2025\/06\/D_820042-MLA81895667734_012025-F.jpg",1199,1200,false],"thumbnail":["https:\/\/rms-enlinea.com.ar\/wp-content\/uploads\/2025\/06\/D_820042-MLA81895667734_012025-F-150x150.jpg",150,150,true],"medium":["https:\/\/rms-enlinea.com.ar\/wp-content\/uploads\/2025\/06\/D_820042-MLA81895667734_012025-F-300x300.jpg",300,300,true],"medium_large":["https:\/\/rms-enlinea.com.ar\/wp-content\/uploads\/2025\/06\/D_820042-MLA81895667734_012025-F-768x769.jpg",768,769,true],"large":["https:\/\/rms-enlinea.com.ar\/wp-content\/uploads\/2025\/06\/D_820042-MLA81895667734_012025-F-1024x1024.jpg",1024,1024,true],"1536x1536":["https:\/\/rms-enlinea.com.ar\/wp-content\/uploads\/2025\/06\/D_820042-MLA81895667734_012025-F.jpg",1199,1200,false],"2048x2048":["https:\/\/rms-enlinea.com.ar\/wp-content\/uploads\/2025\/06\/D_820042-MLA81895667734_012025-F.jpg",1199,1200,false],"woocommerce_thumbnail":["https:\/\/rms-enlinea.com.ar\/wp-content\/uploads\/2025\/06\/D_820042-MLA81895667734_012025-F-450x450.jpg",450,450,true],"woocommerce_single":["https:\/\/rms-enlinea.com.ar\/wp-content\/uploads\/2025\/06\/D_820042-MLA81895667734_012025-F-600x601.jpg",600,601,true],"woocommerce_gallery_thumbnail":["https:\/\/rms-enlinea.com.ar\/wp-content\/uploads\/2025\/06\/D_820042-MLA81895667734_012025-F-100x100.jpg",100,100,true]},"uagb_author_info":{"display_name":"l0071054","author_link":"https:\/\/rms-enlinea.com.ar\/tienda\/author\/"},"uagb_comment_info":0,"uagb_excerpt":"EL PRODUCTO SON SOLO LAS 108 KEYCAPS El set de teclas Ducky Cotton Candy es un conjunto de 108 teclas de repuesto dise\u00f1adas para teclados mec\u00e1nicos. Estas teclas tienen un dise\u00f1o double shot, lo que significa que las letras y s\u00edmbolos est\u00e1n moldeados en dos capas, lo que proporciona una mayor durabilidad y resistencia al&hellip;","_links":{"self":[{"href":"https:\/\/rms-enlinea.com.ar\/tienda\/wp-json\/wp\/v2\/product\/8908","targetHints":{"allow":["GET"]}}],"collection":[{"href":"https:\/\/rms-enlinea.com.ar\/tienda\/wp-json\/wp\/v2\/product"}],"about":[{"href":"https:\/\/rms-enlinea.com.ar\/tienda\/wp-json\/wp\/v2\/types\/product"}],"replies":[{"embeddable":true,"href":"https:\/\/rms-enlinea.com.ar\/tienda\/wp-json\/wp\/v2\/comments?post=8908"}],"wp:featuredmedia":[{"embeddable":true,"href":"https:\/\/rms-enlinea.com.ar\/tienda\/wp-json\/wp\/v2\/media\/8909"}],"wp:attachment":[{"href":"https:\/\/rms-enlinea.com.ar\/tienda\/wp-json\/wp\/v2\/media?parent=8908"}],"wp:term":[{"taxonomy":"product_brand","embeddable":true,"href":"https:\/\/rms-enlinea.com.ar\/tienda\/wp-json\/wp\/v2\/product_brand?post=8908"},{"taxonomy":"product_cat","embeddable":true,"href":"https:\/\/rms-enlinea.com.ar\/tienda\/wp-json\/wp\/v2\/product_cat?post=8908"},{"taxonomy":"product_tag","embeddable":true,"href":"https:\/\/rms-enlinea.com.ar\/tienda\/wp-json\/wp\/v2\/product_tag?post=8908"}],"curies":[{"name":"wp","href":"https:\/\/api.w.org\/{rel}","templated":true}]}}