{"id":8947,"date":"2025-06-12T04:52:38","date_gmt":"2025-06-12T07:52:38","guid":{"rendered":"https:\/\/rms-enlinea.com.ar\/tienda\/producto\/teclado-gamer-trust-torac-qwerty-espanol-latinoamerica-rgb\/"},"modified":"2026-03-31T18:01:56","modified_gmt":"2026-03-31T21:01:56","slug":"teclado-gamer-trust-torac-qwerty-espanol-latinoamerica-rgb","status":"publish","type":"product","link":"https:\/\/rms-enlinea.com.ar\/tienda\/producto\/teclado-gamer-trust-torac-qwerty-espanol-latinoamerica-rgb\/","title":{"rendered":"Teclado Gamer Trust Torac Qwerty Espa\u00f1ol Latinoam\u00e9rica Rgb"},"content":{"rendered":"<p>Marca<\/p>\n<p>Trust<br \/>Largo del cable<\/p>\n<p>180 cm<br \/>Consolas de juegos compatibles<\/p>\n<p>PS4,Xbox One<br \/>Tipo de conector<\/p>\n<p>USB<br \/>C\u00f3digo universal de producto<\/p>\n<p>8713439235777<br \/>Cantidad de teclas de acceso r\u00e1pido<\/p>\n<p>12<br \/>Es ergon\u00f3mica<\/p>\n<p>No<br \/>Es gamer<\/p>\n<p>S\u00ed<br \/>Es para una mano<\/p>\n<p>No<br \/>Es resistente a salpicaduras<\/p>\n<p>No<br \/>Profundidad del teclado<\/p>\n<p>37 mm<br \/>Altura del teclado<\/p>\n<p>188 mm<br \/>Peso del teclado<\/p>\n<p>913 g<br \/>Ancho del teclado<\/p>\n<p>468 mm<br \/>Forma de las teclas<\/p>\n<p>Cil\u00edndrica<br \/>Modelo<\/p>\n<p>GXT 856 Torac<\/p>\n","protected":false},"excerpt":{"rendered":"<p>Marca TrustLargo del cable 180 cmConsolas de juegos compatibles PS4,Xbox OneTipo de conector USBC\u00f3digo universal de producto 8713439235777Cantidad de teclas de acceso r\u00e1pido 12Es ergon\u00f3mica NoEs gamer S\u00edEs para una mano NoEs resistente a salpicaduras NoProfundidad del teclado 37 mmAltura del teclado 188 mmPeso del teclado 913 gAncho del teclado 468 mmForma de las teclas [&hellip;]<\/p>\n","protected":false},"featured_media":8948,"comment_status":"open","ping_status":"closed","template":"","meta":{"_uag_custom_page_level_css":""},"product_brand":[542],"product_cat":[125],"product_tag":[],"class_list":{"0":"post-8947","1":"product","2":"type-product","3":"status-publish","4":"has-post-thumbnail","6":"product_brand-trustgaming","7":"product_cat-teclados-y-mouses","9":"first","10":"outofstock","11":"sale","12":"taxable","13":"shipping-taxable","14":"purchasable","15":"product-type-simple"},"uagb_featured_image_src":{"full":["https:\/\/rms-enlinea.com.ar\/wp-content\/uploads\/2025\/06\/D_894715-MLA73152737232_122023-F.jpg",500,274,false],"thumbnail":["https:\/\/rms-enlinea.com.ar\/wp-content\/uploads\/2025\/06\/D_894715-MLA73152737232_122023-F-150x150.jpg",150,150,true],"medium":["https:\/\/rms-enlinea.com.ar\/wp-content\/uploads\/2025\/06\/D_894715-MLA73152737232_122023-F-300x164.jpg",300,164,true],"medium_large":["https:\/\/rms-enlinea.com.ar\/wp-content\/uploads\/2025\/06\/D_894715-MLA73152737232_122023-F.jpg",500,274,false],"large":["https:\/\/rms-enlinea.com.ar\/wp-content\/uploads\/2025\/06\/D_894715-MLA73152737232_122023-F.jpg",500,274,false],"1536x1536":["https:\/\/rms-enlinea.com.ar\/wp-content\/uploads\/2025\/06\/D_894715-MLA73152737232_122023-F.jpg",500,274,false],"2048x2048":["https:\/\/rms-enlinea.com.ar\/wp-content\/uploads\/2025\/06\/D_894715-MLA73152737232_122023-F.jpg",500,274,false],"woocommerce_thumbnail":["https:\/\/rms-enlinea.com.ar\/wp-content\/uploads\/2025\/06\/D_894715-MLA73152737232_122023-F-450x274.jpg",450,274,true],"woocommerce_single":["https:\/\/rms-enlinea.com.ar\/wp-content\/uploads\/2025\/06\/D_894715-MLA73152737232_122023-F.jpg",500,274,false],"woocommerce_gallery_thumbnail":["https:\/\/rms-enlinea.com.ar\/wp-content\/uploads\/2025\/06\/D_894715-MLA73152737232_122023-F-100x100.jpg",100,100,true]},"uagb_author_info":{"display_name":"l0071054","author_link":"https:\/\/rms-enlinea.com.ar\/tienda\/author\/"},"uagb_comment_info":0,"uagb_excerpt":"Marca TrustLargo del cable 180 cmConsolas de juegos compatibles PS4,Xbox OneTipo de conector USBC\u00f3digo universal de producto 8713439235777Cantidad de teclas de acceso r\u00e1pido 12Es ergon\u00f3mica NoEs gamer S\u00edEs para una mano NoEs resistente a salpicaduras NoProfundidad del teclado 37 mmAltura del teclado 188 mmPeso del teclado 913 gAncho del teclado 468 mmForma de las teclas&hellip;","_links":{"self":[{"href":"https:\/\/rms-enlinea.com.ar\/tienda\/wp-json\/wp\/v2\/product\/8947","targetHints":{"allow":["GET"]}}],"collection":[{"href":"https:\/\/rms-enlinea.com.ar\/tienda\/wp-json\/wp\/v2\/product"}],"about":[{"href":"https:\/\/rms-enlinea.com.ar\/tienda\/wp-json\/wp\/v2\/types\/product"}],"replies":[{"embeddable":true,"href":"https:\/\/rms-enlinea.com.ar\/tienda\/wp-json\/wp\/v2\/comments?post=8947"}],"wp:featuredmedia":[{"embeddable":true,"href":"https:\/\/rms-enlinea.com.ar\/tienda\/wp-json\/wp\/v2\/media\/8948"}],"wp:attachment":[{"href":"https:\/\/rms-enlinea.com.ar\/tienda\/wp-json\/wp\/v2\/media?parent=8947"}],"wp:term":[{"taxonomy":"product_brand","embeddable":true,"href":"https:\/\/rms-enlinea.com.ar\/tienda\/wp-json\/wp\/v2\/product_brand?post=8947"},{"taxonomy":"product_cat","embeddable":true,"href":"https:\/\/rms-enlinea.com.ar\/tienda\/wp-json\/wp\/v2\/product_cat?post=8947"},{"taxonomy":"product_tag","embeddable":true,"href":"https:\/\/rms-enlinea.com.ar\/tienda\/wp-json\/wp\/v2\/product_tag?post=8947"}],"curies":[{"name":"wp","href":"https:\/\/api.w.org\/{rel}","templated":true}]}}