{"id":8956,"date":"2025-06-12T04:52:49","date_gmt":"2025-06-12T07:52:49","guid":{"rendered":"https:\/\/rms-enlinea.com.ar\/tienda\/producto\/teclado-gamer-trust-avonn-es-gxt-830rw-usb\/"},"modified":"2026-04-06T12:01:57","modified_gmt":"2026-04-06T15:01:57","slug":"teclado-gamer-trust-avonn-es-gxt-830rw-usb","status":"publish","type":"product","link":"https:\/\/rms-enlinea.com.ar\/tienda\/producto\/teclado-gamer-trust-avonn-es-gxt-830rw-usb\/","title":{"rendered":"Teclado Gamer Trust Avonn Es Gxt 830rw Usb"},"content":{"rendered":"<p>Sistemas operativos compatibles<\/p>\n<p>Windows 7, Windows 8, Windows 8.1, Windows 10<br \/>Marca<\/p>\n<p>Trust<br \/>Es ergon\u00f3mica<\/p>\n<p>No<br \/>Es gamer<\/p>\n<p>S\u00ed<br \/>Tipo de teclado<\/p>\n<p>Gamer<br \/>Modelo<\/p>\n<p>GXT 830<br \/>Arquitectura<\/p>\n<p>Membrana<br \/>Alcance inal\u00e1mbrico<\/p>\n<p>10 m<br \/>Con Bluetooth<\/p>\n<p>No<br \/>Con retroiluminaci\u00f3n<\/p>\n<p>S\u00ed<br \/>Con touchpad<\/p>\n<p>No<br \/>Con recepci\u00f3n inal\u00e1mbrica<\/p>\n<p>No<br \/>Marca<\/p>\n<p>Trust<br \/>Es gamer<\/p>\n<p>S\u00ed<br \/>Sistemas operativos compatibles<\/p>\n<p>Windows<br \/>Marca<\/p>\n<p>Trust<br \/>Es ergon\u00f3mica<\/p>\n<p>S\u00ed<br \/>Es gamer<\/p>\n<p>S\u00ed<br \/>Tipo de teclado<\/p>\n<p>Gamer<br \/>Modelo<\/p>\n<p>GXT 830<br \/>Arquitectura<\/p>\n<p>Membrana<br \/>Con Bluetooth<\/p>\n<p>No<br \/>Con retroiluminaci\u00f3n<\/p>\n<p>S\u00ed<br \/>Con recepci\u00f3n inal\u00e1mbrica<\/p>\n<p>No<br \/>Sistemas operativos compatibles<\/p>\n<p>Windows 7, Windows 8, Windows 8.1, Windows 10<br \/>Marca<\/p>\n<p>Trust<br \/>Es ergon\u00f3mica<\/p>\n<p>No<br \/>Es gamer<\/p>\n<p>S\u00ed<br \/>Tipo de teclado<\/p>\n<p>Gamer<br \/>Modelo<\/p>\n<p>GXT 830<br \/>Arquitectura<\/p>\n<p>Membrana<br \/>Con Bluetooth<\/p>\n<p>No<br \/>Con retroiluminaci\u00f3n<\/p>\n<p>S\u00ed<br \/>Con touchpad<\/p>\n<p>No<br \/>Con recepci\u00f3n inal\u00e1mbrica<\/p>\n<p>No<\/p>\n","protected":false},"excerpt":{"rendered":"<p>Sistemas operativos compatibles Windows 7, Windows 8, Windows 8.1, Windows 10Marca TrustEs ergon\u00f3mica NoEs gamer S\u00edTipo de teclado GamerModelo GXT 830Arquitectura MembranaAlcance inal\u00e1mbrico 10 mCon Bluetooth NoCon retroiluminaci\u00f3n S\u00edCon touchpad NoCon recepci\u00f3n inal\u00e1mbrica NoMarca TrustEs gamer S\u00edSistemas operativos compatibles WindowsMarca TrustEs ergon\u00f3mica S\u00edEs gamer S\u00edTipo de teclado GamerModelo GXT 830Arquitectura MembranaCon Bluetooth NoCon retroiluminaci\u00f3n S\u00edCon [&hellip;]<\/p>\n","protected":false},"featured_media":8957,"comment_status":"open","ping_status":"closed","template":"","meta":{"_uag_custom_page_level_css":""},"product_brand":[542],"product_cat":[125],"product_tag":[],"class_list":{"0":"post-8956","1":"product","2":"type-product","3":"status-publish","4":"has-post-thumbnail","6":"product_brand-trustgaming","7":"product_cat-teclados-y-mouses","9":"first","10":"instock","11":"sale","12":"taxable","13":"shipping-taxable","14":"purchasable","15":"product-type-simple"},"uagb_featured_image_src":{"full":["https:\/\/rms-enlinea.com.ar\/wp-content\/uploads\/2025\/06\/D_731395-MLC44793567024_022021-F.jpg",1106,571,false],"thumbnail":["https:\/\/rms-enlinea.com.ar\/wp-content\/uploads\/2025\/06\/D_731395-MLC44793567024_022021-F-150x150.jpg",150,150,true],"medium":["https:\/\/rms-enlinea.com.ar\/wp-content\/uploads\/2025\/06\/D_731395-MLC44793567024_022021-F-300x155.jpg",300,155,true],"medium_large":["https:\/\/rms-enlinea.com.ar\/wp-content\/uploads\/2025\/06\/D_731395-MLC44793567024_022021-F-768x396.jpg",768,396,true],"large":["https:\/\/rms-enlinea.com.ar\/wp-content\/uploads\/2025\/06\/D_731395-MLC44793567024_022021-F-1024x529.jpg",1024,529,true],"1536x1536":["https:\/\/rms-enlinea.com.ar\/wp-content\/uploads\/2025\/06\/D_731395-MLC44793567024_022021-F.jpg",1106,571,false],"2048x2048":["https:\/\/rms-enlinea.com.ar\/wp-content\/uploads\/2025\/06\/D_731395-MLC44793567024_022021-F.jpg",1106,571,false],"woocommerce_thumbnail":["https:\/\/rms-enlinea.com.ar\/wp-content\/uploads\/2025\/06\/D_731395-MLC44793567024_022021-F-450x450.jpg",450,450,true],"woocommerce_single":["https:\/\/rms-enlinea.com.ar\/wp-content\/uploads\/2025\/06\/D_731395-MLC44793567024_022021-F-600x310.jpg",600,310,true],"woocommerce_gallery_thumbnail":["https:\/\/rms-enlinea.com.ar\/wp-content\/uploads\/2025\/06\/D_731395-MLC44793567024_022021-F-100x100.jpg",100,100,true]},"uagb_author_info":{"display_name":"l0071054","author_link":"https:\/\/rms-enlinea.com.ar\/tienda\/author\/"},"uagb_comment_info":0,"uagb_excerpt":"Sistemas operativos compatibles Windows 7, Windows 8, Windows 8.1, Windows 10Marca TrustEs ergon\u00f3mica NoEs gamer S\u00edTipo de teclado GamerModelo GXT 830Arquitectura MembranaAlcance inal\u00e1mbrico 10 mCon Bluetooth NoCon retroiluminaci\u00f3n S\u00edCon touchpad NoCon recepci\u00f3n inal\u00e1mbrica NoMarca TrustEs gamer S\u00edSistemas operativos compatibles WindowsMarca TrustEs ergon\u00f3mica S\u00edEs gamer S\u00edTipo de teclado GamerModelo GXT 830Arquitectura MembranaCon Bluetooth NoCon retroiluminaci\u00f3n S\u00edCon&hellip;","_links":{"self":[{"href":"https:\/\/rms-enlinea.com.ar\/tienda\/wp-json\/wp\/v2\/product\/8956","targetHints":{"allow":["GET"]}}],"collection":[{"href":"https:\/\/rms-enlinea.com.ar\/tienda\/wp-json\/wp\/v2\/product"}],"about":[{"href":"https:\/\/rms-enlinea.com.ar\/tienda\/wp-json\/wp\/v2\/types\/product"}],"replies":[{"embeddable":true,"href":"https:\/\/rms-enlinea.com.ar\/tienda\/wp-json\/wp\/v2\/comments?post=8956"}],"wp:featuredmedia":[{"embeddable":true,"href":"https:\/\/rms-enlinea.com.ar\/tienda\/wp-json\/wp\/v2\/media\/8957"}],"wp:attachment":[{"href":"https:\/\/rms-enlinea.com.ar\/tienda\/wp-json\/wp\/v2\/media?parent=8956"}],"wp:term":[{"taxonomy":"product_brand","embeddable":true,"href":"https:\/\/rms-enlinea.com.ar\/tienda\/wp-json\/wp\/v2\/product_brand?post=8956"},{"taxonomy":"product_cat","embeddable":true,"href":"https:\/\/rms-enlinea.com.ar\/tienda\/wp-json\/wp\/v2\/product_cat?post=8956"},{"taxonomy":"product_tag","embeddable":true,"href":"https:\/\/rms-enlinea.com.ar\/tienda\/wp-json\/wp\/v2\/product_tag?post=8956"}],"curies":[{"name":"wp","href":"https:\/\/api.w.org\/{rel}","templated":true}]}}