{"id":8967,"date":"2025-06-12T04:53:01","date_gmt":"2025-06-12T07:53:01","guid":{"rendered":"https:\/\/rms-enlinea.com.ar\/tienda\/producto\/kit-x-11-keycaps-pbt-double-shot-blue-gamer-ducky-dksa11\/"},"modified":"2026-04-21T05:24:40","modified_gmt":"2026-04-21T08:24:40","slug":"kit-x-11-keycaps-pbt-double-shot-blue-gamer-ducky-dksa11","status":"publish","type":"product","link":"https:\/\/rms-enlinea.com.ar\/tienda\/producto\/kit-x-11-keycaps-pbt-double-shot-blue-gamer-ducky-dksa11\/","title":{"rendered":"Kit X 11 Keycaps Pbt Double-shot Blue Gamer Ducky Dksa11"},"content":{"rendered":"<p>EL PRODUCTO SON SOLO LAS 11 KEYCAPS<\/p>\n<p>El producto SET 11 TECLAS DUCKY RED PBT DOUBLE-SHOT KEYCAP DKSA11-USPDRNWO1 es un set de 11 teclas de repuesto de la marca Ducky. Estas teclas est\u00e1n fabricadas con material PBT de doble inyecci\u00f3n, lo que significa que las leyendas de las teclas est\u00e1n moldeadas directamente en el pl\u00e1stico, lo que garantiza que no se desgasten con el tiempo.<br \/>El dise\u00f1o en color rojo le da un toque llamativo y personalizado a tu teclado, permiti\u00e9ndote personalizarlo a tu gusto. Estas teclas son compatibles con los teclados mec\u00e1nicos que utilizan el est\u00e1ndar de distribuci\u00f3n de teclas ANSI, por lo que aseg\u00farate de que sean compatibles con tu teclado antes de adquirirlas.<br \/>En resumen, el SET 11 TECLAS DUCKY RED PBT DOUBLE-SHOT KEYCAP DKSA11-USPDRNWO1 es un producto de calidad que te permite personalizar y darle un aspecto \u00fanico a tu teclado mec\u00e1nico.<\/p>\n","protected":false},"excerpt":{"rendered":"<p>EL PRODUCTO SON SOLO LAS 11 KEYCAPS El producto SET 11 TECLAS DUCKY RED PBT DOUBLE-SHOT KEYCAP DKSA11-USPDRNWO1 es un set de 11 teclas de repuesto de la marca Ducky. Estas teclas est\u00e1n fabricadas con material PBT de doble inyecci\u00f3n, lo que significa que las leyendas de las teclas est\u00e1n moldeadas directamente en el pl\u00e1stico, [&hellip;]<\/p>\n","protected":false},"featured_media":8968,"comment_status":"open","ping_status":"closed","template":"","meta":{"_uag_custom_page_level_css":""},"product_brand":[576],"product_cat":[125],"product_tag":[],"class_list":{"0":"post-8967","1":"product","2":"type-product","3":"status-publish","4":"has-post-thumbnail","6":"product_brand-ducky","7":"product_cat-teclados-y-mouses","9":"first","10":"outofstock","11":"sale","12":"taxable","13":"shipping-taxable","14":"purchasable","15":"product-type-simple"},"uagb_featured_image_src":{"full":["https:\/\/rms-enlinea.com.ar\/wp-content\/uploads\/2025\/06\/D_688207-MLA81877523334_012025-F.jpg",1200,915,false],"thumbnail":["https:\/\/rms-enlinea.com.ar\/wp-content\/uploads\/2025\/06\/D_688207-MLA81877523334_012025-F-150x150.jpg",150,150,true],"medium":["https:\/\/rms-enlinea.com.ar\/wp-content\/uploads\/2025\/06\/D_688207-MLA81877523334_012025-F-300x229.jpg",300,229,true],"medium_large":["https:\/\/rms-enlinea.com.ar\/wp-content\/uploads\/2025\/06\/D_688207-MLA81877523334_012025-F-768x586.jpg",768,586,true],"large":["https:\/\/rms-enlinea.com.ar\/wp-content\/uploads\/2025\/06\/D_688207-MLA81877523334_012025-F-1024x781.jpg",1024,781,true],"1536x1536":["https:\/\/rms-enlinea.com.ar\/wp-content\/uploads\/2025\/06\/D_688207-MLA81877523334_012025-F.jpg",1200,915,false],"2048x2048":["https:\/\/rms-enlinea.com.ar\/wp-content\/uploads\/2025\/06\/D_688207-MLA81877523334_012025-F.jpg",1200,915,false],"woocommerce_thumbnail":["https:\/\/rms-enlinea.com.ar\/wp-content\/uploads\/2025\/06\/D_688207-MLA81877523334_012025-F-450x450.jpg",450,450,true],"woocommerce_single":["https:\/\/rms-enlinea.com.ar\/wp-content\/uploads\/2025\/06\/D_688207-MLA81877523334_012025-F-600x458.jpg",600,458,true],"woocommerce_gallery_thumbnail":["https:\/\/rms-enlinea.com.ar\/wp-content\/uploads\/2025\/06\/D_688207-MLA81877523334_012025-F-100x100.jpg",100,100,true]},"uagb_author_info":{"display_name":"l0071054","author_link":"https:\/\/rms-enlinea.com.ar\/tienda\/author\/"},"uagb_comment_info":0,"uagb_excerpt":"EL PRODUCTO SON SOLO LAS 11 KEYCAPS El producto SET 11 TECLAS DUCKY RED PBT DOUBLE-SHOT KEYCAP DKSA11-USPDRNWO1 es un set de 11 teclas de repuesto de la marca Ducky. Estas teclas est\u00e1n fabricadas con material PBT de doble inyecci\u00f3n, lo que significa que las leyendas de las teclas est\u00e1n moldeadas directamente en el pl\u00e1stico,&hellip;","_links":{"self":[{"href":"https:\/\/rms-enlinea.com.ar\/tienda\/wp-json\/wp\/v2\/product\/8967","targetHints":{"allow":["GET"]}}],"collection":[{"href":"https:\/\/rms-enlinea.com.ar\/tienda\/wp-json\/wp\/v2\/product"}],"about":[{"href":"https:\/\/rms-enlinea.com.ar\/tienda\/wp-json\/wp\/v2\/types\/product"}],"replies":[{"embeddable":true,"href":"https:\/\/rms-enlinea.com.ar\/tienda\/wp-json\/wp\/v2\/comments?post=8967"}],"wp:featuredmedia":[{"embeddable":true,"href":"https:\/\/rms-enlinea.com.ar\/tienda\/wp-json\/wp\/v2\/media\/8968"}],"wp:attachment":[{"href":"https:\/\/rms-enlinea.com.ar\/tienda\/wp-json\/wp\/v2\/media?parent=8967"}],"wp:term":[{"taxonomy":"product_brand","embeddable":true,"href":"https:\/\/rms-enlinea.com.ar\/tienda\/wp-json\/wp\/v2\/product_brand?post=8967"},{"taxonomy":"product_cat","embeddable":true,"href":"https:\/\/rms-enlinea.com.ar\/tienda\/wp-json\/wp\/v2\/product_cat?post=8967"},{"taxonomy":"product_tag","embeddable":true,"href":"https:\/\/rms-enlinea.com.ar\/tienda\/wp-json\/wp\/v2\/product_tag?post=8967"}],"curies":[{"name":"wp","href":"https:\/\/api.w.org\/{rel}","templated":true}]}}