{"id":9194,"date":"2025-06-12T04:56:58","date_gmt":"2025-06-12T07:56:58","guid":{"rendered":"https:\/\/rms-enlinea.com.ar\/tienda\/producto\/teclado-mecanico-gamer-asus-m601-rog-falchion-sw-blue-usa\/"},"modified":"2026-02-20T21:55:55","modified_gmt":"2026-02-21T00:55:55","slug":"teclado-mecanico-gamer-asus-m601-rog-falchion-sw-blue-usa","status":"publish","type":"product","link":"https:\/\/rms-enlinea.com.ar\/tienda\/producto\/teclado-mecanico-gamer-asus-m601-rog-falchion-sw-blue-usa\/","title":{"rendered":"Teclado Mecanico Gamer Asus M601 Rog Falchion Sw Blue Usa"},"content":{"rendered":"<p>El teclado mec\u00e1nico gamer ASUS M601 ROG Falchion es la elecci\u00f3n perfecta para los entusiastas de los videojuegos que buscan un rendimiento excepcional y una experiencia de juego inmersiva. Con su dise\u00f1o compacto y ergon\u00f3mico, este teclado se adapta perfectamente a cualquier configuraci\u00f3n de juego, permitiendo un acceso r\u00e1pido a todas las funciones necesarias para dominar en el campo de batalla.<\/p>\n<p>Equipado con interruptores mec\u00e1nicos SW Blue, ofrece una respuesta t\u00e1ctil y un sonido satisfactorio en cada pulsaci\u00f3n, ideal para quienes disfrutan de la retroalimentaci\u00f3n auditiva al escribir o jugar. Su construcci\u00f3n robusta garantiza durabilidad, mientras que su dise\u00f1o elegante y moderno se integra perfectamente en cualquier entorno de juego.<\/p>\n<p>El ASUS M601 ROG Falchion no solo es funcional, sino que tambi\u00e9n cuenta con caracter\u00edsticas que mejoran la experiencia del usuario, como la retroiluminaci\u00f3n personalizable que permite crear ambientes \u00fanicos y adaptarse a diferentes estilos de juego. Adem\u00e1s, su conectividad sin cables proporciona libertad de movimiento, eliminando el desorden de los cables y permitiendo una mayor flexibilidad en la disposici\u00f3n del espacio de trabajo o juego.<\/p>\n<p>Este teclado es ideal para gamers que buscan un equipo que combine estilo, rendimiento y comodidad. Con el ASUS M601 ROG Falchion, cada partida se convierte en una experiencia \u00fanica, donde cada detalle cuenta para alcanzar la victoria.<\/p>\n","protected":false},"excerpt":{"rendered":"<p>El teclado mec\u00e1nico gamer ASUS M601 ROG Falchion es la elecci\u00f3n perfecta para los entusiastas de los videojuegos que buscan un rendimiento excepcional y una experiencia de juego inmersiva. Con su dise\u00f1o compacto y ergon\u00f3mico, este teclado se adapta perfectamente a cualquier configuraci\u00f3n de juego, permitiendo un acceso r\u00e1pido a todas las funciones necesarias para [&hellip;]<\/p>\n","protected":false},"featured_media":9195,"comment_status":"open","ping_status":"closed","template":"","meta":{"_uag_custom_page_level_css":""},"product_brand":[586],"product_cat":[125],"product_tag":[],"class_list":{"0":"post-9194","1":"product","2":"type-product","3":"status-publish","4":"has-post-thumbnail","6":"product_brand-asus","7":"product_cat-teclados-y-mouses","9":"first","10":"outofstock","11":"sale","12":"taxable","13":"shipping-taxable","14":"purchasable","15":"product-type-simple"},"uagb_featured_image_src":{"full":["https:\/\/rms-enlinea.com.ar\/wp-content\/uploads\/2025\/06\/D_863422-MLA83409836979_032025-F.jpg",1200,603,false],"thumbnail":["https:\/\/rms-enlinea.com.ar\/wp-content\/uploads\/2025\/06\/D_863422-MLA83409836979_032025-F-150x150.jpg",150,150,true],"medium":["https:\/\/rms-enlinea.com.ar\/wp-content\/uploads\/2025\/06\/D_863422-MLA83409836979_032025-F-300x151.jpg",300,151,true],"medium_large":["https:\/\/rms-enlinea.com.ar\/wp-content\/uploads\/2025\/06\/D_863422-MLA83409836979_032025-F-768x386.jpg",768,386,true],"large":["https:\/\/rms-enlinea.com.ar\/wp-content\/uploads\/2025\/06\/D_863422-MLA83409836979_032025-F-1024x515.jpg",1024,515,true],"1536x1536":["https:\/\/rms-enlinea.com.ar\/wp-content\/uploads\/2025\/06\/D_863422-MLA83409836979_032025-F.jpg",1200,603,false],"2048x2048":["https:\/\/rms-enlinea.com.ar\/wp-content\/uploads\/2025\/06\/D_863422-MLA83409836979_032025-F.jpg",1200,603,false],"woocommerce_thumbnail":["https:\/\/rms-enlinea.com.ar\/wp-content\/uploads\/2025\/06\/D_863422-MLA83409836979_032025-F-450x450.jpg",450,450,true],"woocommerce_single":["https:\/\/rms-enlinea.com.ar\/wp-content\/uploads\/2025\/06\/D_863422-MLA83409836979_032025-F-600x302.jpg",600,302,true],"woocommerce_gallery_thumbnail":["https:\/\/rms-enlinea.com.ar\/wp-content\/uploads\/2025\/06\/D_863422-MLA83409836979_032025-F-100x100.jpg",100,100,true]},"uagb_author_info":{"display_name":"l0071054","author_link":"https:\/\/rms-enlinea.com.ar\/tienda\/author\/"},"uagb_comment_info":0,"uagb_excerpt":"El teclado mec\u00e1nico gamer ASUS M601 ROG Falchion es la elecci\u00f3n perfecta para los entusiastas de los videojuegos que buscan un rendimiento excepcional y una experiencia de juego inmersiva. Con su dise\u00f1o compacto y ergon\u00f3mico, este teclado se adapta perfectamente a cualquier configuraci\u00f3n de juego, permitiendo un acceso r\u00e1pido a todas las funciones necesarias para&hellip;","_links":{"self":[{"href":"https:\/\/rms-enlinea.com.ar\/tienda\/wp-json\/wp\/v2\/product\/9194","targetHints":{"allow":["GET"]}}],"collection":[{"href":"https:\/\/rms-enlinea.com.ar\/tienda\/wp-json\/wp\/v2\/product"}],"about":[{"href":"https:\/\/rms-enlinea.com.ar\/tienda\/wp-json\/wp\/v2\/types\/product"}],"replies":[{"embeddable":true,"href":"https:\/\/rms-enlinea.com.ar\/tienda\/wp-json\/wp\/v2\/comments?post=9194"}],"wp:featuredmedia":[{"embeddable":true,"href":"https:\/\/rms-enlinea.com.ar\/tienda\/wp-json\/wp\/v2\/media\/9195"}],"wp:attachment":[{"href":"https:\/\/rms-enlinea.com.ar\/tienda\/wp-json\/wp\/v2\/media?parent=9194"}],"wp:term":[{"taxonomy":"product_brand","embeddable":true,"href":"https:\/\/rms-enlinea.com.ar\/tienda\/wp-json\/wp\/v2\/product_brand?post=9194"},{"taxonomy":"product_cat","embeddable":true,"href":"https:\/\/rms-enlinea.com.ar\/tienda\/wp-json\/wp\/v2\/product_cat?post=9194"},{"taxonomy":"product_tag","embeddable":true,"href":"https:\/\/rms-enlinea.com.ar\/tienda\/wp-json\/wp\/v2\/product_tag?post=9194"}],"curies":[{"name":"wp","href":"https:\/\/api.w.org\/{rel}","templated":true}]}}