{"id":9386,"date":"2025-06-12T05:00:44","date_gmt":"2025-06-12T08:00:44","guid":{"rendered":"https:\/\/rms-enlinea.com.ar\/tienda\/producto\/kit-cierres-rack-anvil-l907-915z-penn-elcom-kpenn-0063\/"},"modified":"2026-04-17T16:20:19","modified_gmt":"2026-04-17T19:20:19","slug":"kit-cierres-rack-anvil-l907-915z-penn-elcom-kpenn-0063","status":"publish","type":"product","link":"https:\/\/rms-enlinea.com.ar\/tienda\/producto\/kit-cierres-rack-anvil-l907-915z-penn-elcom-kpenn-0063\/","title":{"rendered":"Kit Cierres Rack Anvil L907\/915z Penn Elcom Kpenn-0063"},"content":{"rendered":"<p>TIPO DE PRODUCTO: CIERRE DE EMBUTIR<br \/>TIPO: MARIPOSA<br \/>MATERIAL: ACERO<br \/>SUPERFICIE: GALVANIZADO<br \/>ORIFICIOS DE MONTAJE: 5MM<br \/>LLAVE: NO<br \/>OFF SET: NO<br \/>PROTECCI\u00d3N REMACHADA: NO<br \/>CON RESORTE: S\u00cd<br \/>FUNCI\u00d3N PUSH-FLAT: NO<\/p>\n","protected":false},"excerpt":{"rendered":"<p>TIPO DE PRODUCTO: CIERRE DE EMBUTIRTIPO: MARIPOSAMATERIAL: ACEROSUPERFICIE: GALVANIZADOORIFICIOS DE MONTAJE: 5MMLLAVE: NOOFF SET: NOPROTECCI\u00d3N REMACHADA: NOCON RESORTE: S\u00cdFUNCI\u00d3N PUSH-FLAT: NO<\/p>\n","protected":false},"featured_media":9387,"comment_status":"open","ping_status":"closed","template":"","meta":{"_uag_custom_page_level_css":""},"product_brand":[],"product_cat":[39],"product_tag":[],"class_list":{"0":"post-9386","1":"product","2":"type-product","3":"status-publish","4":"has-post-thumbnail","6":"product_cat-cierres","8":"first","9":"instock","10":"sale","11":"taxable","12":"shipping-taxable","13":"purchasable","14":"product-type-simple"},"uagb_featured_image_src":{"full":["https:\/\/rms-enlinea.com.ar\/wp-content\/uploads\/2025\/06\/D_795825-MLA46443988409_062021-F.jpg",1200,1184,false],"thumbnail":["https:\/\/rms-enlinea.com.ar\/wp-content\/uploads\/2025\/06\/D_795825-MLA46443988409_062021-F-150x150.jpg",150,150,true],"medium":["https:\/\/rms-enlinea.com.ar\/wp-content\/uploads\/2025\/06\/D_795825-MLA46443988409_062021-F-300x296.jpg",300,296,true],"medium_large":["https:\/\/rms-enlinea.com.ar\/wp-content\/uploads\/2025\/06\/D_795825-MLA46443988409_062021-F-768x758.jpg",768,758,true],"large":["https:\/\/rms-enlinea.com.ar\/wp-content\/uploads\/2025\/06\/D_795825-MLA46443988409_062021-F-1024x1010.jpg",1024,1010,true],"1536x1536":["https:\/\/rms-enlinea.com.ar\/wp-content\/uploads\/2025\/06\/D_795825-MLA46443988409_062021-F.jpg",1200,1184,false],"2048x2048":["https:\/\/rms-enlinea.com.ar\/wp-content\/uploads\/2025\/06\/D_795825-MLA46443988409_062021-F.jpg",1200,1184,false],"woocommerce_thumbnail":["https:\/\/rms-enlinea.com.ar\/wp-content\/uploads\/2025\/06\/D_795825-MLA46443988409_062021-F-450x450.jpg",450,450,true],"woocommerce_single":["https:\/\/rms-enlinea.com.ar\/wp-content\/uploads\/2025\/06\/D_795825-MLA46443988409_062021-F-600x592.jpg",600,592,true],"woocommerce_gallery_thumbnail":["https:\/\/rms-enlinea.com.ar\/wp-content\/uploads\/2025\/06\/D_795825-MLA46443988409_062021-F-100x100.jpg",100,100,true]},"uagb_author_info":{"display_name":"l0071054","author_link":"https:\/\/rms-enlinea.com.ar\/tienda\/author\/"},"uagb_comment_info":0,"uagb_excerpt":"TIPO DE PRODUCTO: CIERRE DE EMBUTIRTIPO: MARIPOSAMATERIAL: ACEROSUPERFICIE: GALVANIZADOORIFICIOS DE MONTAJE: 5MMLLAVE: NOOFF SET: NOPROTECCI\u00d3N REMACHADA: NOCON RESORTE: S\u00cdFUNCI\u00d3N PUSH-FLAT: NO","_links":{"self":[{"href":"https:\/\/rms-enlinea.com.ar\/tienda\/wp-json\/wp\/v2\/product\/9386","targetHints":{"allow":["GET"]}}],"collection":[{"href":"https:\/\/rms-enlinea.com.ar\/tienda\/wp-json\/wp\/v2\/product"}],"about":[{"href":"https:\/\/rms-enlinea.com.ar\/tienda\/wp-json\/wp\/v2\/types\/product"}],"replies":[{"embeddable":true,"href":"https:\/\/rms-enlinea.com.ar\/tienda\/wp-json\/wp\/v2\/comments?post=9386"}],"wp:featuredmedia":[{"embeddable":true,"href":"https:\/\/rms-enlinea.com.ar\/tienda\/wp-json\/wp\/v2\/media\/9387"}],"wp:attachment":[{"href":"https:\/\/rms-enlinea.com.ar\/tienda\/wp-json\/wp\/v2\/media?parent=9386"}],"wp:term":[{"taxonomy":"product_brand","embeddable":true,"href":"https:\/\/rms-enlinea.com.ar\/tienda\/wp-json\/wp\/v2\/product_brand?post=9386"},{"taxonomy":"product_cat","embeddable":true,"href":"https:\/\/rms-enlinea.com.ar\/tienda\/wp-json\/wp\/v2\/product_cat?post=9386"},{"taxonomy":"product_tag","embeddable":true,"href":"https:\/\/rms-enlinea.com.ar\/tienda\/wp-json\/wp\/v2\/product_tag?post=9386"}],"curies":[{"name":"wp","href":"https:\/\/api.w.org\/{rel}","templated":true}]}}