{"id":9540,"date":"2025-06-12T05:03:55","date_gmt":"2025-06-12T08:03:55","guid":{"rendered":"https:\/\/rms-enlinea.com.ar\/tienda\/producto\/mouse-inalambrico-logitech-lift-ergowhite-4000dpi\/"},"modified":"2026-04-06T14:38:24","modified_gmt":"2026-04-06T17:38:24","slug":"mouse-inalambrico-logitech-lift-ergowhite-4000dpi","status":"publish","type":"product","link":"https:\/\/rms-enlinea.com.ar\/tienda\/producto\/mouse-inalambrico-logitech-lift-ergowhite-4000dpi\/","title":{"rendered":"Mouse Inalambrico Logitech Lift Ergowhite 4000dpi"},"content":{"rendered":"<p>Especificaciones t\u00e9cnicas<br \/>Tecnolog\u00eda de sensor<\/p>\n<p>Tipo de sensor: Seguimiento \u00f3ptico avanzado de Logitech<br \/>Rango de dpi: 400-4000 dpi (totalmente ajustable con incrementos de 100 dpi)<br \/>Valor nominal: 1000 dpi<br \/>Botones<br \/>N\u00famero de botones: 6 (click izquierdo\/derecho, retroceso\/avance, bot\u00f3n central, bot\u00f3n rueda con click de bot\u00f3n central)<br \/>Pilas\/Bater\u00edas<br \/>Tipo de bater\u00edas: 1 bater\u00eda AA (incluida)<br \/>Duraci\u00f3n de bater\u00edas: hasta 24 meses<br \/>Compatibilidad con tipo de conexi\u00f3n<br \/>Receptor USB Logi Bolt (incluido)<br \/>Tecnolog\u00eda Bluetooth\u00ae de bajo consumo<br \/>Radio de acci\u00f3n inal\u00e1mbrico<br \/>Radio de acci\u00f3n inal\u00e1mbrico de 10 m<br \/>Compatibilidad con software Logi Options+<br \/>Software opcional: Compatible con Logi Options+ en macOS 10.15 o posteriores y Windows\u00ae 10, 11, Windows 10 o posteriores<br \/>Sostenibilidad<br \/>Pl\u00e1stico en grafito: 70% de pl\u00e1stico reciclado posconsumo <br \/>Pl\u00e1stico en blanco crudo y rosado: 54% de material reciclado posconsumo<br \/>Empacado de papel: Certificaci\u00f3n para FSC\u2122<br \/>Con certificaci\u00f3n Carbon Neutral<br \/>Requisitos del sistema<br \/>Bluetooth\u00ae de bajo consumo<\/p>\n<p>Windows 10, 11 o posterior<br \/>macOS 10.15 o posterior<br \/>iPadOS 14 o posterior<br \/>ChromeOS\u2122 <br \/>Linux <br \/>Android 8 o posterior<\/p>\n","protected":false},"excerpt":{"rendered":"<p>Especificaciones t\u00e9cnicasTecnolog\u00eda de sensor Tipo de sensor: Seguimiento \u00f3ptico avanzado de LogitechRango de dpi: 400-4000 dpi (totalmente ajustable con incrementos de 100 dpi)Valor nominal: 1000 dpiBotonesN\u00famero de botones: 6 (click izquierdo\/derecho, retroceso\/avance, bot\u00f3n central, bot\u00f3n rueda con click de bot\u00f3n central)Pilas\/Bater\u00edasTipo de bater\u00edas: 1 bater\u00eda AA (incluida)Duraci\u00f3n de bater\u00edas: hasta 24 mesesCompatibilidad con tipo de [&hellip;]<\/p>\n","protected":false},"featured_media":9541,"comment_status":"open","ping_status":"closed","template":"","meta":{"_uag_custom_page_level_css":""},"product_brand":[549],"product_cat":[125],"product_tag":[],"class_list":{"0":"post-9540","1":"product","2":"type-product","3":"status-publish","4":"has-post-thumbnail","6":"product_brand-logitech","7":"product_cat-teclados-y-mouses","9":"first","10":"outofstock","11":"sale","12":"taxable","13":"shipping-taxable","14":"purchasable","15":"product-type-simple"},"uagb_featured_image_src":{"full":["https:\/\/rms-enlinea.com.ar\/wp-content\/uploads\/2025\/06\/D_813953-MLA84255891264_052025-F.jpg",367,534,false],"thumbnail":["https:\/\/rms-enlinea.com.ar\/wp-content\/uploads\/2025\/06\/D_813953-MLA84255891264_052025-F-150x150.jpg",150,150,true],"medium":["https:\/\/rms-enlinea.com.ar\/wp-content\/uploads\/2025\/06\/D_813953-MLA84255891264_052025-F-206x300.jpg",206,300,true],"medium_large":["https:\/\/rms-enlinea.com.ar\/wp-content\/uploads\/2025\/06\/D_813953-MLA84255891264_052025-F.jpg",367,534,false],"large":["https:\/\/rms-enlinea.com.ar\/wp-content\/uploads\/2025\/06\/D_813953-MLA84255891264_052025-F.jpg",367,534,false],"1536x1536":["https:\/\/rms-enlinea.com.ar\/wp-content\/uploads\/2025\/06\/D_813953-MLA84255891264_052025-F.jpg",367,534,false],"2048x2048":["https:\/\/rms-enlinea.com.ar\/wp-content\/uploads\/2025\/06\/D_813953-MLA84255891264_052025-F.jpg",367,534,false],"woocommerce_thumbnail":["https:\/\/rms-enlinea.com.ar\/wp-content\/uploads\/2025\/06\/D_813953-MLA84255891264_052025-F-367x450.jpg",367,450,true],"woocommerce_single":["https:\/\/rms-enlinea.com.ar\/wp-content\/uploads\/2025\/06\/D_813953-MLA84255891264_052025-F.jpg",367,534,false],"woocommerce_gallery_thumbnail":["https:\/\/rms-enlinea.com.ar\/wp-content\/uploads\/2025\/06\/D_813953-MLA84255891264_052025-F-100x100.jpg",100,100,true]},"uagb_author_info":{"display_name":"l0071054","author_link":"https:\/\/rms-enlinea.com.ar\/tienda\/author\/"},"uagb_comment_info":0,"uagb_excerpt":"Especificaciones t\u00e9cnicasTecnolog\u00eda de sensor Tipo de sensor: Seguimiento \u00f3ptico avanzado de LogitechRango de dpi: 400-4000 dpi (totalmente ajustable con incrementos de 100 dpi)Valor nominal: 1000 dpiBotonesN\u00famero de botones: 6 (click izquierdo\/derecho, retroceso\/avance, bot\u00f3n central, bot\u00f3n rueda con click de bot\u00f3n central)Pilas\/Bater\u00edasTipo de bater\u00edas: 1 bater\u00eda AA (incluida)Duraci\u00f3n de bater\u00edas: hasta 24 mesesCompatibilidad con tipo de&hellip;","_links":{"self":[{"href":"https:\/\/rms-enlinea.com.ar\/tienda\/wp-json\/wp\/v2\/product\/9540","targetHints":{"allow":["GET"]}}],"collection":[{"href":"https:\/\/rms-enlinea.com.ar\/tienda\/wp-json\/wp\/v2\/product"}],"about":[{"href":"https:\/\/rms-enlinea.com.ar\/tienda\/wp-json\/wp\/v2\/types\/product"}],"replies":[{"embeddable":true,"href":"https:\/\/rms-enlinea.com.ar\/tienda\/wp-json\/wp\/v2\/comments?post=9540"}],"wp:featuredmedia":[{"embeddable":true,"href":"https:\/\/rms-enlinea.com.ar\/tienda\/wp-json\/wp\/v2\/media\/9541"}],"wp:attachment":[{"href":"https:\/\/rms-enlinea.com.ar\/tienda\/wp-json\/wp\/v2\/media?parent=9540"}],"wp:term":[{"taxonomy":"product_brand","embeddable":true,"href":"https:\/\/rms-enlinea.com.ar\/tienda\/wp-json\/wp\/v2\/product_brand?post=9540"},{"taxonomy":"product_cat","embeddable":true,"href":"https:\/\/rms-enlinea.com.ar\/tienda\/wp-json\/wp\/v2\/product_cat?post=9540"},{"taxonomy":"product_tag","embeddable":true,"href":"https:\/\/rms-enlinea.com.ar\/tienda\/wp-json\/wp\/v2\/product_tag?post=9540"}],"curies":[{"name":"wp","href":"https:\/\/api.w.org\/{rel}","templated":true}]}}