{"id":9560,"date":"2025-06-12T05:04:20","date_gmt":"2025-06-12T08:04:20","guid":{"rendered":"https:\/\/rms-enlinea.com.ar\/tienda\/producto\/kit-x-2-camaras-ip-tapo-c420s2-a-bateria-exterior-hub\/"},"modified":"2026-04-03T00:03:27","modified_gmt":"2026-04-03T03:03:27","slug":"kit-x-2-camaras-ip-tapo-c420s2-a-bateria-exterior-hub","status":"publish","type":"product","link":"https:\/\/rms-enlinea.com.ar\/tienda\/producto\/kit-x-2-camaras-ip-tapo-c420s2-a-bateria-exterior-hub\/","title":{"rendered":"Kit X 2 Camaras Ip Tapo C420s2 A Bateria Exterior + Hub"},"content":{"rendered":"<p>La c\u00e1mara de vigilancia TP-Link TAPO C420S2 es la soluci\u00f3n ideal para quienes buscan seguridad y tranquilidad en su hogar o negocio. Con una calidad de resoluci\u00f3n de 3MP y un campo visual de 113\u00b0, esta c\u00e1mara ofrece im\u00e1genes n\u00edtidas y detalladas, tanto en interiores como en exteriores. Su dise\u00f1o bullet permite una instalaci\u00f3n vers\u00e1til en pared o techo, adapt\u00e1ndose a diferentes entornos.<\/p>\n<p>Equipadas con conectividad Wi-Fi y RJ-45, estas c\u00e1maras garantizan una conexi\u00f3n estable y confiable. La visi\u00f3n nocturna permite monitorear su espacio incluso en condiciones de poca luz, asegurando que no se pierda ning\u00fan detalle importante. Adem\u00e1s, su funcionamiento a bater\u00eda proporciona flexibilidad en la ubicaci\u00f3n, eliminando la necesidad de cables complicados.<\/p>\n<p>El hub incluido en el paquete facilita la gesti\u00f3n de m\u00faltiples c\u00e1maras, permitiendo un control centralizado y eficiente. Con la l\u00ednea TAPO de TP-Link, la seguridad de su propiedad est\u00e1 al alcance de su mano, brindando una experiencia de monitoreo intuitiva y accesible desde cualquier dispositivo m\u00f3vil. Aumente la protecci\u00f3n de su entorno con esta soluci\u00f3n de vigilancia avanzada.<\/p>\n","protected":false},"excerpt":{"rendered":"<p>La c\u00e1mara de vigilancia TP-Link TAPO C420S2 es la soluci\u00f3n ideal para quienes buscan seguridad y tranquilidad en su hogar o negocio. Con una calidad de resoluci\u00f3n de 3MP y un campo visual de 113\u00b0, esta c\u00e1mara ofrece im\u00e1genes n\u00edtidas y detalladas, tanto en interiores como en exteriores. Su dise\u00f1o bullet permite una instalaci\u00f3n vers\u00e1til [&hellip;]<\/p>\n","protected":false},"featured_media":9561,"comment_status":"open","ping_status":"closed","template":"","meta":{"_uag_custom_page_level_css":""},"product_brand":[546],"product_cat":[32],"product_tag":[],"class_list":{"0":"post-9560","1":"product","2":"type-product","3":"status-publish","4":"has-post-thumbnail","6":"product_brand-tplink","7":"product_cat-seguridad","9":"first","10":"outofstock","11":"sale","12":"taxable","13":"shipping-taxable","14":"purchasable","15":"product-type-simple"},"uagb_featured_image_src":{"full":["https:\/\/rms-enlinea.com.ar\/wp-content\/uploads\/2025\/06\/D_654909-MLA84520538413_052025-F.jpg",604,236,false],"thumbnail":["https:\/\/rms-enlinea.com.ar\/wp-content\/uploads\/2025\/06\/D_654909-MLA84520538413_052025-F-150x150.jpg",150,150,true],"medium":["https:\/\/rms-enlinea.com.ar\/wp-content\/uploads\/2025\/06\/D_654909-MLA84520538413_052025-F-300x117.jpg",300,117,true],"medium_large":["https:\/\/rms-enlinea.com.ar\/wp-content\/uploads\/2025\/06\/D_654909-MLA84520538413_052025-F.jpg",604,236,false],"large":["https:\/\/rms-enlinea.com.ar\/wp-content\/uploads\/2025\/06\/D_654909-MLA84520538413_052025-F.jpg",604,236,false],"1536x1536":["https:\/\/rms-enlinea.com.ar\/wp-content\/uploads\/2025\/06\/D_654909-MLA84520538413_052025-F.jpg",604,236,false],"2048x2048":["https:\/\/rms-enlinea.com.ar\/wp-content\/uploads\/2025\/06\/D_654909-MLA84520538413_052025-F.jpg",604,236,false],"woocommerce_thumbnail":["https:\/\/rms-enlinea.com.ar\/wp-content\/uploads\/2025\/06\/D_654909-MLA84520538413_052025-F-450x236.jpg",450,236,true],"woocommerce_single":["https:\/\/rms-enlinea.com.ar\/wp-content\/uploads\/2025\/06\/D_654909-MLA84520538413_052025-F-600x234.jpg",600,234,true],"woocommerce_gallery_thumbnail":["https:\/\/rms-enlinea.com.ar\/wp-content\/uploads\/2025\/06\/D_654909-MLA84520538413_052025-F-100x100.jpg",100,100,true]},"uagb_author_info":{"display_name":"l0071054","author_link":"https:\/\/rms-enlinea.com.ar\/tienda\/author\/"},"uagb_comment_info":0,"uagb_excerpt":"La c\u00e1mara de vigilancia TP-Link TAPO C420S2 es la soluci\u00f3n ideal para quienes buscan seguridad y tranquilidad en su hogar o negocio. Con una calidad de resoluci\u00f3n de 3MP y un campo visual de 113\u00b0, esta c\u00e1mara ofrece im\u00e1genes n\u00edtidas y detalladas, tanto en interiores como en exteriores. Su dise\u00f1o bullet permite una instalaci\u00f3n vers\u00e1til&hellip;","_links":{"self":[{"href":"https:\/\/rms-enlinea.com.ar\/tienda\/wp-json\/wp\/v2\/product\/9560","targetHints":{"allow":["GET"]}}],"collection":[{"href":"https:\/\/rms-enlinea.com.ar\/tienda\/wp-json\/wp\/v2\/product"}],"about":[{"href":"https:\/\/rms-enlinea.com.ar\/tienda\/wp-json\/wp\/v2\/types\/product"}],"replies":[{"embeddable":true,"href":"https:\/\/rms-enlinea.com.ar\/tienda\/wp-json\/wp\/v2\/comments?post=9560"}],"wp:featuredmedia":[{"embeddable":true,"href":"https:\/\/rms-enlinea.com.ar\/tienda\/wp-json\/wp\/v2\/media\/9561"}],"wp:attachment":[{"href":"https:\/\/rms-enlinea.com.ar\/tienda\/wp-json\/wp\/v2\/media?parent=9560"}],"wp:term":[{"taxonomy":"product_brand","embeddable":true,"href":"https:\/\/rms-enlinea.com.ar\/tienda\/wp-json\/wp\/v2\/product_brand?post=9560"},{"taxonomy":"product_cat","embeddable":true,"href":"https:\/\/rms-enlinea.com.ar\/tienda\/wp-json\/wp\/v2\/product_cat?post=9560"},{"taxonomy":"product_tag","embeddable":true,"href":"https:\/\/rms-enlinea.com.ar\/tienda\/wp-json\/wp\/v2\/product_tag?post=9560"}],"curies":[{"name":"wp","href":"https:\/\/api.w.org\/{rel}","templated":true}]}}