{"id":9620,"date":"2025-06-12T05:05:27","date_gmt":"2025-06-12T08:05:27","guid":{"rendered":"https:\/\/rms-enlinea.com.ar\/tienda\/producto\/mouse-pad-trust-bigfoot-xl-gel-292x322x19-mm-nylon\/"},"modified":"2026-03-11T23:11:48","modified_gmt":"2026-03-12T02:11:48","slug":"mouse-pad-trust-bigfoot-xl-gel-292x322x19-mm-nylon","status":"publish","type":"product","link":"https:\/\/rms-enlinea.com.ar\/tienda\/producto\/mouse-pad-trust-bigfoot-xl-gel-292x322x19-mm-nylon\/","title":{"rendered":"Mouse Pad Trust Bigfoot Xl Gel 292x322x19 Mm Nylon"},"content":{"rendered":"<p>Especificaciones<br \/>General<br \/>Forma<br \/>costumbre<br \/>Caracter\u00edsticas<br \/>Antideslizante<br \/>S\u00ed<br \/>De dos caras<br \/>No<br \/>Enrollar<br \/>No<br \/>Soporte de la mu\u00f1eca<br \/>S\u00ed<br \/>Tama\u00f1o y peso<br \/>Talla (XS-XXXL)<br \/>SG<br \/>Peso total<br \/>350 gramos<br \/>Peso de la unidad principal<br \/>350 gramos<br \/>Profundidad del producto principal (en mm)<br \/>322 mil\u00edmetros<br \/>Ancho del producto principal (en mm)<br \/>292 mil\u00edmetros<br \/>Altura del producto principal (en mm)<br \/>19mm<br \/>Juego de azar<br \/>Dise\u00f1ado para jugar<br \/>No<br \/>Encendiendo<br \/>Iluminar desde el fondo<br \/>No<br \/>Materiales<br \/>Superficie<br \/>suave<br \/>Fondo de material<br \/>Goma<br \/>Material interior<br \/>Gel<br \/>Material de la parte superior<br \/>Nylon<\/p>\n","protected":false},"excerpt":{"rendered":"<p>EspecificacionesGeneralFormacostumbreCaracter\u00edsticasAntideslizanteS\u00edDe dos carasNoEnrollarNoSoporte de la mu\u00f1ecaS\u00edTama\u00f1o y pesoTalla (XS-XXXL)SGPeso total350 gramosPeso de la unidad principal350 gramosProfundidad del producto principal (en mm)322 mil\u00edmetrosAncho del producto principal (en mm)292 mil\u00edmetrosAltura del producto principal (en mm)19mmJuego de azarDise\u00f1ado para jugarNoEncendiendoIluminar desde el fondoNoMaterialesSuperficiesuaveFondo de materialGomaMaterial interiorGelMaterial de la parte superiorNylon<\/p>\n","protected":false},"featured_media":9621,"comment_status":"open","ping_status":"closed","template":"","meta":{"_uag_custom_page_level_css":""},"product_brand":[542],"product_cat":[125],"product_tag":[],"class_list":{"0":"post-9620","1":"product","2":"type-product","3":"status-publish","4":"has-post-thumbnail","6":"product_brand-trustgaming","7":"product_cat-teclados-y-mouses","9":"first","10":"instock","11":"sale","12":"taxable","13":"shipping-taxable","14":"purchasable","15":"product-type-simple"},"uagb_featured_image_src":{"full":["https:\/\/rms-enlinea.com.ar\/wp-content\/uploads\/2025\/06\/D_644317-MLA76397481365_052024-F.jpg",1200,943,false],"thumbnail":["https:\/\/rms-enlinea.com.ar\/wp-content\/uploads\/2025\/06\/D_644317-MLA76397481365_052024-F-150x150.jpg",150,150,true],"medium":["https:\/\/rms-enlinea.com.ar\/wp-content\/uploads\/2025\/06\/D_644317-MLA76397481365_052024-F-300x236.jpg",300,236,true],"medium_large":["https:\/\/rms-enlinea.com.ar\/wp-content\/uploads\/2025\/06\/D_644317-MLA76397481365_052024-F-768x604.jpg",768,604,true],"large":["https:\/\/rms-enlinea.com.ar\/wp-content\/uploads\/2025\/06\/D_644317-MLA76397481365_052024-F-1024x805.jpg",1024,805,true],"1536x1536":["https:\/\/rms-enlinea.com.ar\/wp-content\/uploads\/2025\/06\/D_644317-MLA76397481365_052024-F.jpg",1200,943,false],"2048x2048":["https:\/\/rms-enlinea.com.ar\/wp-content\/uploads\/2025\/06\/D_644317-MLA76397481365_052024-F.jpg",1200,943,false],"woocommerce_thumbnail":["https:\/\/rms-enlinea.com.ar\/wp-content\/uploads\/2025\/06\/D_644317-MLA76397481365_052024-F-450x450.jpg",450,450,true],"woocommerce_single":["https:\/\/rms-enlinea.com.ar\/wp-content\/uploads\/2025\/06\/D_644317-MLA76397481365_052024-F-600x472.jpg",600,472,true],"woocommerce_gallery_thumbnail":["https:\/\/rms-enlinea.com.ar\/wp-content\/uploads\/2025\/06\/D_644317-MLA76397481365_052024-F-100x100.jpg",100,100,true]},"uagb_author_info":{"display_name":"l0071054","author_link":"https:\/\/rms-enlinea.com.ar\/tienda\/author\/"},"uagb_comment_info":0,"uagb_excerpt":"EspecificacionesGeneralFormacostumbreCaracter\u00edsticasAntideslizanteS\u00edDe dos carasNoEnrollarNoSoporte de la mu\u00f1ecaS\u00edTama\u00f1o y pesoTalla (XS-XXXL)SGPeso total350 gramosPeso de la unidad principal350 gramosProfundidad del producto principal (en mm)322 mil\u00edmetrosAncho del producto principal (en mm)292 mil\u00edmetrosAltura del producto principal (en mm)19mmJuego de azarDise\u00f1ado para jugarNoEncendiendoIluminar desde el fondoNoMaterialesSuperficiesuaveFondo de materialGomaMaterial interiorGelMaterial de la parte superiorNylon","_links":{"self":[{"href":"https:\/\/rms-enlinea.com.ar\/tienda\/wp-json\/wp\/v2\/product\/9620","targetHints":{"allow":["GET"]}}],"collection":[{"href":"https:\/\/rms-enlinea.com.ar\/tienda\/wp-json\/wp\/v2\/product"}],"about":[{"href":"https:\/\/rms-enlinea.com.ar\/tienda\/wp-json\/wp\/v2\/types\/product"}],"replies":[{"embeddable":true,"href":"https:\/\/rms-enlinea.com.ar\/tienda\/wp-json\/wp\/v2\/comments?post=9620"}],"wp:featuredmedia":[{"embeddable":true,"href":"https:\/\/rms-enlinea.com.ar\/tienda\/wp-json\/wp\/v2\/media\/9621"}],"wp:attachment":[{"href":"https:\/\/rms-enlinea.com.ar\/tienda\/wp-json\/wp\/v2\/media?parent=9620"}],"wp:term":[{"taxonomy":"product_brand","embeddable":true,"href":"https:\/\/rms-enlinea.com.ar\/tienda\/wp-json\/wp\/v2\/product_brand?post=9620"},{"taxonomy":"product_cat","embeddable":true,"href":"https:\/\/rms-enlinea.com.ar\/tienda\/wp-json\/wp\/v2\/product_cat?post=9620"},{"taxonomy":"product_tag","embeddable":true,"href":"https:\/\/rms-enlinea.com.ar\/tienda\/wp-json\/wp\/v2\/product_tag?post=9620"}],"curies":[{"name":"wp","href":"https:\/\/api.w.org\/{rel}","templated":true}]}}