{"id":9858,"date":"2025-06-12T05:09:31","date_gmt":"2025-06-12T08:09:31","guid":{"rendered":"https:\/\/rms-enlinea.com.ar\/tienda\/producto\/consola-yamaha-mg06x-mixer-de-mesa-6-canales-efectos\/"},"modified":"2026-03-26T05:22:04","modified_gmt":"2026-03-26T08:22:04","slug":"consola-yamaha-mg06x-mixer-de-mesa-6-canales-efectos","status":"publish","type":"product","link":"https:\/\/rms-enlinea.com.ar\/tienda\/producto\/consola-yamaha-mg06x-mixer-de-mesa-6-canales-efectos\/","title":{"rendered":"Consola Yamaha Mg06x Mixer De Mesa 6 Canales Efectos"},"content":{"rendered":"<p>Yamaha inspira y potencia a quienes aman la m\u00fasica. Con sus productos, reconocidos a nivel mundial, das un paso al frente. Tus sue\u00f1os se hacen realidad de la mano de Yamaha. <\/p>\n<p>Alimentaci\u00f3n fantasma<br \/> La alimentaci\u00f3n fantasma, o alimentaci\u00f3n phantom, proporciona corriente continua a los dispositivos que lo necesitan, por ejemplo un micr\u00f3fono. Este tipo de alimentaci\u00f3n hace que estos dispositivos se estandaricen y que sea m\u00e1s c\u00f3modo y pr\u00e1ctico el proceso de instalaci\u00f3n, ya que no requiere muchas fuentes de alimentaci\u00f3n separadas. <\/p>\n<p>Se\u00f1al combinada<br \/>Su 1 bus permite combinar se\u00f1ales de distintas entradas y hacer sub-grupos de mezcla para aplicarlos en diferentes pistas<\/p>\n<p>MESA DE MEZCLAS DE 6 CANALES: M\u00c1XIMO 2 ENTRADAS DE MICRO\/6 DE L\u00cdNEA (2 MONO + 2 EST\u00c9REO); 1 BUS EST\u00c9REO.<\/p>\n<p>MESA DE MEZCLAS DE 6 CANALES<br \/>HASTA UN M\u00c1XIMO DE 2 ENTRADAS DE MICRO\/6 DE L\u00cdNEA (2 MONO + 2 EST\u00c9REO)<br \/>1 BUS EST\u00c9REO<br \/>PREAMPLIFICADORES DE MICRO \u201cD-PRE\u201d CON CIRCUITO DARLINGTON INVERTIDO<br \/>EFECTOS DE ALTA CALIDAD: PROCESADOR SPX CON 6 PROGRAMAS<br \/>SALIDAS XLR BALANCEADAS<br \/>INTERRUPTOR DE ATENUACI\u00d3N (PAD) EN LAS ENTRADAS MONO<br \/>ALIMENTACI\u00d3N PHANTOM +48 V<br \/>CHASIS MET\u00c1LICO<br \/>DIMENSIONES (ANCHO X ALTO X PROFUNDO): 149 MM X 62 MM X 202 MM<br \/>PESO NETO: 0,9 KG<\/p>\n","protected":false},"excerpt":{"rendered":"<p>Yamaha inspira y potencia a quienes aman la m\u00fasica. Con sus productos, reconocidos a nivel mundial, das un paso al frente. Tus sue\u00f1os se hacen realidad de la mano de Yamaha. Alimentaci\u00f3n fantasma La alimentaci\u00f3n fantasma, o alimentaci\u00f3n phantom, proporciona corriente continua a los dispositivos que lo necesitan, por ejemplo un micr\u00f3fono. Este tipo de [&hellip;]<\/p>\n","protected":false},"featured_media":9859,"comment_status":"open","ping_status":"closed","template":"","meta":{"_uag_custom_page_level_css":""},"product_brand":[],"product_cat":[59],"product_tag":[],"class_list":{"0":"post-9858","1":"product","2":"type-product","3":"status-publish","4":"has-post-thumbnail","6":"product_cat-consolas-y-mixers","8":"first","9":"outofstock","10":"sale","11":"taxable","12":"shipping-taxable","13":"purchasable","14":"product-type-simple"},"uagb_featured_image_src":{"full":["https:\/\/rms-enlinea.com.ar\/wp-content\/uploads\/2025\/06\/D_863466-MLA46332525190_062021-F.jpg",901,1200,false],"thumbnail":["https:\/\/rms-enlinea.com.ar\/wp-content\/uploads\/2025\/06\/D_863466-MLA46332525190_062021-F-150x150.jpg",150,150,true],"medium":["https:\/\/rms-enlinea.com.ar\/wp-content\/uploads\/2025\/06\/D_863466-MLA46332525190_062021-F-225x300.jpg",225,300,true],"medium_large":["https:\/\/rms-enlinea.com.ar\/wp-content\/uploads\/2025\/06\/D_863466-MLA46332525190_062021-F-768x1023.jpg",768,1023,true],"large":["https:\/\/rms-enlinea.com.ar\/wp-content\/uploads\/2025\/06\/D_863466-MLA46332525190_062021-F-769x1024.jpg",769,1024,true],"1536x1536":["https:\/\/rms-enlinea.com.ar\/wp-content\/uploads\/2025\/06\/D_863466-MLA46332525190_062021-F.jpg",901,1200,false],"2048x2048":["https:\/\/rms-enlinea.com.ar\/wp-content\/uploads\/2025\/06\/D_863466-MLA46332525190_062021-F.jpg",901,1200,false],"woocommerce_thumbnail":["https:\/\/rms-enlinea.com.ar\/wp-content\/uploads\/2025\/06\/D_863466-MLA46332525190_062021-F-450x450.jpg",450,450,true],"woocommerce_single":["https:\/\/rms-enlinea.com.ar\/wp-content\/uploads\/2025\/06\/D_863466-MLA46332525190_062021-F-600x799.jpg",600,799,true],"woocommerce_gallery_thumbnail":["https:\/\/rms-enlinea.com.ar\/wp-content\/uploads\/2025\/06\/D_863466-MLA46332525190_062021-F-100x100.jpg",100,100,true]},"uagb_author_info":{"display_name":"l0071054","author_link":"https:\/\/rms-enlinea.com.ar\/tienda\/author\/"},"uagb_comment_info":0,"uagb_excerpt":"Yamaha inspira y potencia a quienes aman la m\u00fasica. Con sus productos, reconocidos a nivel mundial, das un paso al frente. Tus sue\u00f1os se hacen realidad de la mano de Yamaha. Alimentaci\u00f3n fantasma La alimentaci\u00f3n fantasma, o alimentaci\u00f3n phantom, proporciona corriente continua a los dispositivos que lo necesitan, por ejemplo un micr\u00f3fono. Este tipo de&hellip;","_links":{"self":[{"href":"https:\/\/rms-enlinea.com.ar\/tienda\/wp-json\/wp\/v2\/product\/9858","targetHints":{"allow":["GET"]}}],"collection":[{"href":"https:\/\/rms-enlinea.com.ar\/tienda\/wp-json\/wp\/v2\/product"}],"about":[{"href":"https:\/\/rms-enlinea.com.ar\/tienda\/wp-json\/wp\/v2\/types\/product"}],"replies":[{"embeddable":true,"href":"https:\/\/rms-enlinea.com.ar\/tienda\/wp-json\/wp\/v2\/comments?post=9858"}],"wp:featuredmedia":[{"embeddable":true,"href":"https:\/\/rms-enlinea.com.ar\/tienda\/wp-json\/wp\/v2\/media\/9859"}],"wp:attachment":[{"href":"https:\/\/rms-enlinea.com.ar\/tienda\/wp-json\/wp\/v2\/media?parent=9858"}],"wp:term":[{"taxonomy":"product_brand","embeddable":true,"href":"https:\/\/rms-enlinea.com.ar\/tienda\/wp-json\/wp\/v2\/product_brand?post=9858"},{"taxonomy":"product_cat","embeddable":true,"href":"https:\/\/rms-enlinea.com.ar\/tienda\/wp-json\/wp\/v2\/product_cat?post=9858"},{"taxonomy":"product_tag","embeddable":true,"href":"https:\/\/rms-enlinea.com.ar\/tienda\/wp-json\/wp\/v2\/product_tag?post=9858"}],"curies":[{"name":"wp","href":"https:\/\/api.w.org\/{rel}","templated":true}]}}